{"id":3860,"date":"2015-06-18T11:56:25","date_gmt":"2015-06-18T11:56:25","guid":{"rendered":"http:\/\/arlcluj.ro\/strabag-group\/?lang=en"},"modified":"2015-11-02T10:25:47","modified_gmt":"2015-11-02T08:25:47","slug":"strabag-group","status":"publish","type":"page","link":"https:\/\/arlcluj.ro\/en\/strabag-group\/","title":{"rendered":"Strabag Group"},"content":{"rendered":"<div  class=\"content_row row vc_row wpb_row vc_row-fluid default-style default overlap\" >\n\t\n\t<div class=\"content_row_wrapper  default\" >\n\t<div class=\"vc_col-sm-12 wpb_column vc_column_container global-style\" >\n\t\t<div class=\"wpb_wrapper\">\n\t\t\t\t \n\t\t<div  class=\"border_grid photo_gallery \" data-rt-animate=\"animate\" data-rt-animation-type=\"fadeInDown\">\n\t\t\t<div class=\"row fixed_heights\">\n\t\t<div  class=\"col col-sm-3 col-xs-12 \"> \t\t\n \t\t\t<img src=\"https:\/\/arlcluj.ro\/wp-content\/uploads\/2015\/06\/strabag-1-480x320.jpg\" class=\"img-responsive\" alt=\"\"> \n \t\t\t\n\t\t<\/div>\n\t\n\t\t<div  class=\"col col-sm-3 col-xs-12 \"> \t\t\n \t\t\t<img src=\"https:\/\/arlcluj.ro\/wp-content\/uploads\/2015\/06\/strabag-2-480x320.jpg\" class=\"img-responsive\" alt=\"\"> \n \t\t\t\n\t\t<\/div>\n\t\n\t\t<div  class=\"col col-sm-3 col-xs-12 \"> \t\t\n \t\t\t<img src=\"https:\/\/arlcluj.ro\/wp-content\/uploads\/2015\/06\/strabag-4-480x316.jpg\" class=\"img-responsive\" alt=\"\"> \n \t\t\t\n\t\t<\/div>\n\t\n\t\t<div  class=\"col col-sm-3 col-xs-12 \"> \t\t\n \t\t\t<img src=\"https:\/\/arlcluj.ro\/wp-content\/uploads\/2015\/06\/strabag-3-480x320.jpg\" class=\"img-responsive\" alt=\"\"> \n \t\t\t\n\t\t<\/div>\n\t<\/div>\n\t\t<\/div>\n\t\n\n\t\t<\/div>\n\t<\/div>\n\n<\/div>\n<\/div>\n\n<div  class=\"content_row row vc_row wpb_row vc_row-fluid default-style default\" >\n\t\n\t<div class=\"content_row_wrapper  default\" style=\"padding-bottom:90px;\">\n\t<div class=\"vc_col-sm-12 wpb_column vc_column_container\" >\n\t\t<div class=\"wpb_wrapper\">\n\t\t\t\n\t<div class=\"wpb_text_column wpb_content_element \">\n\t\t<div class=\"wpb_wrapper\">\n\t\t\t<p><strong><a href=\"http:\/\/www.strabag.com\" target=\"_blank\">STRABAG<\/a><\/strong>\u00a0is one of the major construction companies in Europe and the market leader in Central and Eastern Europe. On these core markets, STRABAG is present via its numerous subsidiaries in all countries of Eastern and South-Eastern Europe, in selected markets in Western Europe, the Arabian Peninsula, Libya, Canada and India. The wide range of services comprises all segments of the group&#8217;s construction industry, covering the entire value creation chain in the construction sector.<\/p>\n<p>STRABAG operates on the Romanian market since 1991, establishing its headquarters in Bucharest in 1992. In time, the group has set up branches in all relevant regions for the market in Romania, with over 1,500 skilled employees. The company operates in all construction sectors, particularly <strong>Transport Infrastructure<\/strong>, <strong>Construction and Civil Engineering<\/strong> segments and environmental construction projects.<\/p>\n<p>The group is present in Romania not only through the\u00a0STRABAG brand, but also through group companies: ARL SA, BHG Comercializare Bitum, CARB SA Bra\u015fov, BITUNOVA Rom\u00e2nia, BMTI Tehnica Utilajelor pentru Construc\u0163ii SRL, DRUMCO SA Timi\u015foara, MINERAL ROM, SAT Reabilitare Reciclare, STRABAG Facility Management, TPA Societatea pentru Asigurarea Calit\u0103\u0163ii \u015fi Inova\u0163iei SRL,\u00a0 Z\u00dcBLIN Rom\u00e2nia SRL and DYWIDAG Rom\u00e2nia SRL.<\/p>\n<p><strong>BMTI<\/strong> is responsible for maintenance and necessary repairs to be carried out for the fleet. BMTI &#8211; engineering construction machinery Ltd. is a company of Strabag SE, responsible\u00a0for the entire life cycle of each machine and each car that is a moveable asset of any\u00a0company of the group.<\/p>\n<p>The TPA laboratories are in charge of checking the quality of asphalt mixtures ARL products, components mix (aggregate, filler, bitumen) and quality of work performed. They are a competence center for materials technologies asphalt, concrete, earthworks and geotechnical engineering in one of the largest construction groups in Europe was Strabag SE. As an independent laboratory, TPA is represented in some 20 European countries, making it one of the largest private laboratory in Europe.<\/p>\n<p>TPA was founded in Romania on\u00a0September 2005, as a company of STRABAG corporation responsible for ensuring quality and innovation. TPA laboratories are equipped with the latest equipment and performs tests and determinations for roads (construction of roads, bridges, highways). More details <a href=\"http:\/\/www.tpaqi.com\/\">here<\/a>.<\/p>\n\n\t\t<\/div> \n\t<\/div> \n\n\t\t<\/div>\n\t<\/div>\n\n<\/div>\n<\/div>\n","protected":false},"excerpt":{"rendered":"STRABAG\u00a0is one of the major construction companies in Europe and the market leader in Central and Eastern Europe. On these core markets, STRABAG is present via its numerous subsidiaries in all countries of Eastern and South-Eastern Europe, in selected markets in Western Europe, the Arabian Peninsula, Libya, Canada and India. The wide range of services [...]","protected":false},"author":1,"featured_media":0,"parent":0,"menu_order":0,"comment_status":"open","ping_status":"open","template":"","meta":[],"_links":{"self":[{"href":"https:\/\/arlcluj.ro\/en\/wp-json\/wp\/v2\/pages\/3860"}],"collection":[{"href":"https:\/\/arlcluj.ro\/en\/wp-json\/wp\/v2\/pages"}],"about":[{"href":"https:\/\/arlcluj.ro\/en\/wp-json\/wp\/v2\/types\/page"}],"author":[{"embeddable":true,"href":"https:\/\/arlcluj.ro\/en\/wp-json\/wp\/v2\/users\/1"}],"replies":[{"embeddable":true,"href":"https:\/\/arlcluj.ro\/en\/wp-json\/wp\/v2\/comments?post=3860"}],"version-history":[{"count":8,"href":"https:\/\/arlcluj.ro\/en\/wp-json\/wp\/v2\/pages\/3860\/revisions"}],"predecessor-version":[{"id":5008,"href":"https:\/\/arlcluj.ro\/en\/wp-json\/wp\/v2\/pages\/3860\/revisions\/5008"}],"wp:attachment":[{"href":"https:\/\/arlcluj.ro\/en\/wp-json\/wp\/v2\/media?parent=3860"}],"curies":[{"name":"wp","href":"https:\/\/api.w.org\/{rel}","templated":true}]}}