{"id":3838,"date":"2015-06-18T13:46:45","date_gmt":"2015-06-18T13:46:45","guid":{"rendered":"http:\/\/arlcluj.ro\/our-products\/comercializare-mixturi-asfaltice\/?lang=en"},"modified":"2015-11-02T10:21:28","modified_gmt":"2015-11-02T08:21:28","slug":"asphalt-commercialization","status":"publish","type":"page","link":"https:\/\/arlcluj.ro\/en\/business-areas\/asphalt-commercialization\/","title":{"rendered":"Asphalt commercialization"},"content":{"rendered":"<div  class=\"content_row row vc_row wpb_row vc_row-fluid default-style default overlap\" >\n\t\n\t<div class=\"content_row_wrapper  default\" >\n\t<div class=\"vc_col-sm-12 wpb_column vc_column_container global-style\" >\n\t\t<div class=\"wpb_wrapper\">\n\t\t\t\t \n\t\t<div  class=\"border_grid photo_gallery \" data-rt-animate=\"animate\" data-rt-animation-type=\"fadeInDown\">\n\t\t\t<div class=\"row fixed_heights\">\n\t\t<div  class=\"col col-sm-3 col-xs-12 \"> \t\t\n \t\t\t<img src=\"https:\/\/arlcluj.ro\/wp-content\/uploads\/2015\/06\/mixturi-1-480x323.jpg\" class=\"img-responsive\" alt=\"\"> \n \t\t\t\n\t\t<\/div>\n\t\n\t\t<div  class=\"col col-sm-3 col-xs-12 \"> \t\t\n \t\t\t<img src=\"https:\/\/arlcluj.ro\/wp-content\/uploads\/2015\/06\/mixturi-2-480x320.jpg\" class=\"img-responsive\" alt=\"\"> \n \t\t\t\n\t\t<\/div>\n\t\n\t\t<div  class=\"col col-sm-3 col-xs-12 \"> \t\t\n \t\t\t<img src=\"https:\/\/arlcluj.ro\/wp-content\/uploads\/2015\/06\/mixturi-3-480x323.jpg\" class=\"img-responsive\" alt=\"\"> \n \t\t\t\n\t\t<\/div>\n\t\n\t\t<div  class=\"col col-sm-3 col-xs-12 \"> \t\t\n \t\t\t<img src=\"https:\/\/arlcluj.ro\/wp-content\/uploads\/2015\/06\/mixturi-4-480x323.jpg\" class=\"img-responsive\" alt=\"\"> \n \t\t\t\n\t\t<\/div>\n\t<\/div>\n\t\t<\/div>\n\t\n\n\t\t<\/div>\n\t<\/div>\n\n<\/div>\n<\/div>\n\n<div  class=\"content_row row vc_row wpb_row vc_row-fluid default-style default\" >\n\t\n\t<div class=\"content_row_wrapper  default\" style=\"padding-bottom:90px;\">\n\t<div class=\"vc_col-sm-12 wpb_column vc_column_container\" >\n\t\t<div class=\"wpb_wrapper\">\n\t\t\t\n\t<div class=\"wpb_text_column wpb_content_element \">\n\t\t<div class=\"wpb_wrapper\">\n\t\t\t<p>The mixture produced by our company is prepared in four modern asphalt mixing plants located in S\u00e2nicoar\u0103, Cluj county, Mogo\u015feni, Bistri\u0163a N\u0103s\u0103ud county, Oradea, Bihor county, T\u0103u\u0163ii M\u0103gherau\u015f, Maramure\u015f county.\u00a0In the production process we are either using normal bitumen or modified bitumen.<\/p>\n<p>ARL produces and sells a wide range of mix asphalt according to SR EN 13108 and AND 605.<\/p>\n\n\t\t<\/div> \n\t<\/div> \n\n\t\t<\/div>\n\t<\/div>\n\n<\/div>\n<\/div>\n","protected":false},"excerpt":{"rendered":"The mixture produced by our company is prepared in four modern asphalt mixing plants located in S\u00e2nicoar\u0103, Cluj county, Mogo\u015feni, Bistri\u0163a N\u0103s\u0103ud county, Oradea, Bihor county, T\u0103u\u0163ii M\u0103gherau\u015f, Maramure\u015f county.\u00a0In the production process we are either using normal bitumen or modified bitumen. ARL produces and sells a wide range of mix asphalt according to SR [...]","protected":false},"author":1,"featured_media":0,"parent":3827,"menu_order":0,"comment_status":"open","ping_status":"open","template":"","meta":[],"_links":{"self":[{"href":"https:\/\/arlcluj.ro\/en\/wp-json\/wp\/v2\/pages\/3838"}],"collection":[{"href":"https:\/\/arlcluj.ro\/en\/wp-json\/wp\/v2\/pages"}],"about":[{"href":"https:\/\/arlcluj.ro\/en\/wp-json\/wp\/v2\/types\/page"}],"author":[{"embeddable":true,"href":"https:\/\/arlcluj.ro\/en\/wp-json\/wp\/v2\/users\/1"}],"replies":[{"embeddable":true,"href":"https:\/\/arlcluj.ro\/en\/wp-json\/wp\/v2\/comments?post=3838"}],"version-history":[{"count":8,"href":"https:\/\/arlcluj.ro\/en\/wp-json\/wp\/v2\/pages\/3838\/revisions"}],"predecessor-version":[{"id":5007,"href":"https:\/\/arlcluj.ro\/en\/wp-json\/wp\/v2\/pages\/3838\/revisions\/5007"}],"up":[{"embeddable":true,"href":"https:\/\/arlcluj.ro\/en\/wp-json\/wp\/v2\/pages\/3827"}],"wp:attachment":[{"href":"https:\/\/arlcluj.ro\/en\/wp-json\/wp\/v2\/media?parent=3838"}],"curies":[{"name":"wp","href":"https:\/\/api.w.org\/{rel}","templated":true}]}}