{"id":3834,"date":"2015-06-18T13:46:22","date_gmt":"2015-06-18T13:46:22","guid":{"rendered":"http:\/\/arlcluj.ro\/our-products\/canalizare\/?lang=en"},"modified":"2016-01-18T12:41:18","modified_gmt":"2016-01-18T10:41:18","slug":"water-sewerage-treatment-plants","status":"publish","type":"page","link":"https:\/\/arlcluj.ro\/en\/business-areas\/water-sewerage-treatment-plants\/","title":{"rendered":"Wather, Sewerage and Treatment Plants"},"content":{"rendered":"<div  class=\"content_row row vc_row wpb_row vc_row-fluid default-style default border_grid fixed_heights overlap\" >\n\t\n\t<div class=\"content_row_wrapper  default\" >\n\t<div class=\"vc_col-sm-12 wpb_column vc_column_container global-style\" >\n\t\t<div class=\"wpb_wrapper\">\n\t\t\t\t \n\t\t<div  class=\"border_grid photo_gallery \" data-rt-animate=\"animate\" data-rt-animation-type=\"fadeInDown\">\n\t\t\t<div class=\"row fixed_heights\">\n\t\t<div  class=\"col col-sm-3 col-xs-12 \"> \t\t\n \t\t\t<img src=\"https:\/\/arlcluj.ro\/wp-content\/uploads\/2015\/06\/canalizare-1-480x323.jpg\" class=\"img-responsive\" alt=\"\"> \n \t\t\t\n\t\t<\/div>\n\t\n\t\t<div  class=\"col col-sm-3 col-xs-12 \"> \t\t\n \t\t\t<img src=\"https:\/\/arlcluj.ro\/wp-content\/uploads\/2015\/06\/canalizare-2-480x320.jpg\" class=\"img-responsive\" alt=\"\"> \n \t\t\t\n\t\t<\/div>\n\t\n\t\t<div  class=\"col col-sm-3 col-xs-12 \"> \t\t\n \t\t\t<img src=\"https:\/\/arlcluj.ro\/wp-content\/uploads\/2015\/06\/canalizare-3-480x323.jpg\" class=\"img-responsive\" alt=\"\"> \n \t\t\t\n\t\t<\/div>\n\t\n\t\t<div  class=\"col col-sm-3 col-xs-12 \"> \t\t\n \t\t\t<img src=\"https:\/\/arlcluj.ro\/wp-content\/uploads\/2015\/06\/canalizare-4-480x320.jpg\" class=\"img-responsive\" alt=\"\"> \n \t\t\t\n\t\t<\/div>\n\t<\/div>\n\t\t<\/div>\n\t\n\n\t\t<\/div>\n\t<\/div>\n\n<\/div>\n<\/div>\n\n<div  class=\"content_row row vc_row wpb_row vc_row-fluid default-style default\" >\n\t\n\t<div class=\"content_row_wrapper  default\" style=\"padding-bottom:90px;\">\n\t<div class=\"vc_col-sm-12 wpb_column vc_column_container\" >\n\t\t<div class=\"wpb_wrapper\">\n\t\t\t\n\t<div class=\"wpb_text_column wpb_content_element \">\n\t\t<div class=\"wpb_wrapper\">\n\t\t\t<p>Sewerage projects developed by ARL Cluj SA:<\/p>\n<ul>\n<li>Water supply and sewage\u00a0in rural commune Barsau,\u00a0Satu Mare county<\/li>\n<li>Road sewage in Maguri Racatau, Cluj county<\/li>\n<li>Asphalting streets, sewerage network expansion and modernization of the public square in Rodna, Bistrita Nasaud county.<\/li>\n<\/ul>\n<p>Projects in progress:<\/p>\n<ul>\n<li>Integrated project for rural water and sanitation in\u00a0Berindu and Mihaesti villages, Sanpaul, Cluj county<\/li>\n<li>Water supply in the commune\u00a0S\u00e2nmihaiu de C\u00e2mpie, villages: S\u0103lcu\u021ba, Zoreni, Stupini, La Curte, Br\u0103teni and S\u00e2nmihaiu de C\u00e2mpie, Bistri\u021ba N\u0103s\u0103ud county<\/li>\n<li>Sewage in Dezmir and partly in\u00a0Sannicoara and Apahida, Cluj county, implementing 38.7 km of new sewerage network<\/li>\n<li>Sewerage in Nu\u015ffal\u0103u, S\u0103laj county, implementing 18 km of new sewerage network<\/li>\n<li>Sewerage network expansion in\u00a0P\u0103ule\u0219ti, Satu Mare county, Jokai Mor, Unirii, Viorele 1,2,3,4, R\u00e2ndunelelor, Prim\u0103verii streets<\/li>\n<\/ul>\n\n\t\t<\/div> \n\t<\/div> \n\n\t\t<\/div>\n\t<\/div>\n\n<\/div>\n<\/div>\n","protected":false},"excerpt":{"rendered":"Sewerage projects developed by ARL Cluj SA: Water supply and sewage\u00a0in rural commune Barsau,\u00a0Satu Mare county Road sewage in Maguri Racatau, Cluj county Asphalting streets, sewerage network expansion and modernization of the public square in Rodna, Bistrita Nasaud county. Projects in progress: Integrated project for rural water and sanitation in\u00a0Berindu and Mihaesti villages, Sanpaul, Cluj [...]","protected":false},"author":1,"featured_media":0,"parent":3827,"menu_order":0,"comment_status":"open","ping_status":"open","template":"","meta":[],"_links":{"self":[{"href":"https:\/\/arlcluj.ro\/en\/wp-json\/wp\/v2\/pages\/3834"}],"collection":[{"href":"https:\/\/arlcluj.ro\/en\/wp-json\/wp\/v2\/pages"}],"about":[{"href":"https:\/\/arlcluj.ro\/en\/wp-json\/wp\/v2\/types\/page"}],"author":[{"embeddable":true,"href":"https:\/\/arlcluj.ro\/en\/wp-json\/wp\/v2\/users\/1"}],"replies":[{"embeddable":true,"href":"https:\/\/arlcluj.ro\/en\/wp-json\/wp\/v2\/comments?post=3834"}],"version-history":[{"count":8,"href":"https:\/\/arlcluj.ro\/en\/wp-json\/wp\/v2\/pages\/3834\/revisions"}],"predecessor-version":[{"id":5141,"href":"https:\/\/arlcluj.ro\/en\/wp-json\/wp\/v2\/pages\/3834\/revisions\/5141"}],"up":[{"embeddable":true,"href":"https:\/\/arlcluj.ro\/en\/wp-json\/wp\/v2\/pages\/3827"}],"wp:attachment":[{"href":"https:\/\/arlcluj.ro\/en\/wp-json\/wp\/v2\/media?parent=3834"}],"curies":[{"name":"wp","href":"https:\/\/api.w.org\/{rel}","templated":true}]}}