{"id":5379,"date":"2021-10-29T14:08:03","date_gmt":"2021-10-29T11:08:03","guid":{"rendered":"http:\/\/arlcluj.ro\/de\/?page_id=5379"},"modified":"2021-10-29T14:08:05","modified_gmt":"2021-10-29T11:08:05","slug":"impressum","status":"publish","type":"page","link":"https:\/\/arlcluj.ro\/de\/impressum\/","title":{"rendered":"Impressum"},"content":{"rendered":"\n<style>#onetrust-consent-sdk { display:none; } #ot-sdk-btn.ot-sdk-show-settings,\u00a0#ot-sdk-btn.optanon-show-settings\u00a0{ color: #fff  !important; border:0px; background-color:#d72622; font-size:14px; font-weight:normal; padding:12px 10px; margin-bottom:30px;} #ot-sdk-btn.ot-sdk-show-settings:hover,\u00a0#ot-sdk-btn.optanon-show-settings:hover\u00a0{ color:#d72622 !important; background-color:#fff !important;} .buttonOneTrust:hover { background-color:#3D3D3D !important; }<\/style><!-- Schaltfl\u00e4che \u201eOneTrust Cookie-Einstellungen\u201c \u2013 Anfang --><button id=\"ot-sdk-btn\" class=\"ot-sdk-show-settings  buttonOneTrust\" onclick=\"document.getElementById('onetrust-consent-sdk').style.display = 'block'; document.getElementById('onetrust-banner-sdk').style.display = 'none'\">Cookie-Einstellungen<\/button><!-- Schaltfl\u00e4che \u201eOneTrust Cookie-Einstellungen\u201c \u2013 Ende -->\n\n\n\n<p>\n\nS.C. ANTREPRIZA REPARA\u0162II \u015eI LUCR\u0102RI \u2013 A.R.L. CLUJ S.A.<br>str. Fabricii Nr. 131, 400632 Cluj-Napoca<br>Tel.\/Fax +40 264-418.620<br>Tel. +40 372-710.100<br>Tel.\/Fax +40 264-415.550<br>arl@arlcluj.ro\n\n<\/p>\n","protected":false},"excerpt":{"rendered":"<p>Cookie-Einstellungen S.C. ANTREPRIZA REPARA\u0162II \u015eI LUCR\u0102RI \u2013 A.R.L. CLUJ S.A.str. Fabricii Nr. 131, 400632 Cluj-NapocaTel.\/Fax +40 264-418.620Tel. +40 372-710.100Tel.\/Fax +40 264-415.550arl@arlcluj.ro<\/p>\n","protected":false},"author":3,"featured_media":0,"parent":0,"menu_order":0,"comment_status":"closed","ping_status":"closed","template":"","meta":[],"_links":{"self":[{"href":"https:\/\/arlcluj.ro\/de\/wp-json\/wp\/v2\/pages\/5379"}],"collection":[{"href":"https:\/\/arlcluj.ro\/de\/wp-json\/wp\/v2\/pages"}],"about":[{"href":"https:\/\/arlcluj.ro\/de\/wp-json\/wp\/v2\/types\/page"}],"author":[{"embeddable":true,"href":"https:\/\/arlcluj.ro\/de\/wp-json\/wp\/v2\/users\/3"}],"replies":[{"embeddable":true,"href":"https:\/\/arlcluj.ro\/de\/wp-json\/wp\/v2\/comments?post=5379"}],"version-history":[{"count":1,"href":"https:\/\/arlcluj.ro\/de\/wp-json\/wp\/v2\/pages\/5379\/revisions"}],"predecessor-version":[{"id":5381,"href":"https:\/\/arlcluj.ro\/de\/wp-json\/wp\/v2\/pages\/5379\/revisions\/5381"}],"wp:attachment":[{"href":"https:\/\/arlcluj.ro\/de\/wp-json\/wp\/v2\/media?parent=5379"}],"curies":[{"name":"wp","href":"https:\/\/api.w.org\/{rel}","templated":true}]}}