{"id":4668,"date":"2015-08-11T16:50:30","date_gmt":"2015-08-11T13:50:30","guid":{"rendered":"http:\/\/arlcluj.ro\/de\/?page_id=4668"},"modified":"2015-08-11T16:50:30","modified_gmt":"2015-08-11T13:50:30","slug":"sitemap","status":"publish","type":"page","link":"https:\/\/arlcluj.ro\/de\/sitemap\/","title":{"rendered":"Sitemap"},"content":{"rendered":"<div class=\"wsp-container\"><h2 class=\"wsp-pages-title\">Pages<\/h2>\n<ul class=\"wsp-pages-list\">\n<li class=\"page_item page-item-5369\"><a href=\"https:\/\/arlcluj.ro\/de\/datenschutzerklaerung\/\">Datenschutzerkl\u00e4rung<\/a><\/li>\n<li class=\"page_item page-item-3924\"><a href=\"https:\/\/arlcluj.ro\/de\/\">Home<\/a><\/li>\n<li class=\"page_item page-item-5379\"><a href=\"https:\/\/arlcluj.ro\/de\/impressum\/\">Impressum<\/a><\/li>\n<li class=\"page_item page-item-4082\"><a href=\"https:\/\/arlcluj.ro\/de\/kontakt\/\">Kontakt<\/a><\/li>\n<li class=\"page_item page-item-4065\"><a href=\"https:\/\/arlcluj.ro\/de\/projekte\/\">Projekte<\/a><\/li>\n<li class=\"page_item page-item-4668\"><a href=\"https:\/\/arlcluj.ro\/de\/sitemap\/\">Sitemap<\/a><\/li>\n<li class=\"page_item page-item-4675\"><a href=\"https:\/\/arlcluj.ro\/de\/sitemap\/\">Sitemap<\/a><\/li>\n<li class=\"page_item page-item-4069\"><a href=\"https:\/\/arlcluj.ro\/de\/strabag-group\/\">Strabag Group<\/a><\/li>\n<li class=\"page_item page-item-4041 page_item_has_children\"><a href=\"https:\/\/arlcluj.ro\/de\/taetigkeitsbereiche\/\">T\u00e4tigkeitsbereiche<\/a>\n<ul class='children'>\n\t<li class=\"page_item page-item-4056\"><a href=\"https:\/\/arlcluj.ro\/de\/taetigkeitsbereiche\/dienstleistungen\/\">Dienstleistungen<\/a><\/li>\n\t<li class=\"page_item page-item-4062\"><a href=\"https:\/\/arlcluj.ro\/de\/taetigkeitsbereiche\/infrastruktur\/\">Infrastruktur<\/a><\/li>\n\t<li class=\"page_item page-item-4060\"><a href=\"https:\/\/arlcluj.ro\/de\/taetigkeitsbereiche\/vertrieb-von-asphaltmischungen\/\">Vertrieb von Asphaltmischungen<\/a><\/li>\n\t<li class=\"page_item page-item-4058\"><a href=\"https:\/\/arlcluj.ro\/de\/taetigkeitsbereiche\/wasserversorgung-kanalisation-klaeranlagen\/\">Wasserversorgung, Kanalisation und Kl\u00e4ranlagen<\/a><\/li>\n<\/ul>\n<\/li>\n<li class=\"page_item page-item-4037 page_item_has_children\"><a href=\"https:\/\/arlcluj.ro\/de\/ueber-uns\/\">\u00dcber uns<\/a>\n<ul class='children'>\n\t<li class=\"page_item page-item-4046\"><a href=\"https:\/\/arlcluj.ro\/de\/ueber-uns\/ausstattungen\/\">Ausstattungen<\/a><\/li>\n\t<li class=\"page_item page-item-4050\"><a href=\"https:\/\/arlcluj.ro\/de\/ueber-uns\/geschichte\/\">Geschichte<\/a><\/li>\n\t<li class=\"page_item page-item-5212\"><a href=\"https:\/\/arlcluj.ro\/de\/ueber-uns\/karriere\/\">Karriere<\/a><\/li>\n\t<li class=\"page_item page-item-4048\"><a href=\"https:\/\/arlcluj.ro\/de\/ueber-uns\/echipa-manageriala\/\">Management-Team<\/a><\/li>\n\t<li class=\"page_item page-item-4052\"><a href=\"https:\/\/arlcluj.ro\/de\/ueber-uns\/neuheiten\/\">Neuheiten<\/a><\/li>\n\t<li class=\"page_item page-item-4054\"><a href=\"https:\/\/arlcluj.ro\/de\/ueber-uns\/unternehmenswerte\/\">Unternehmenswerte<\/a><\/li>\n\t<li class=\"page_item page-item-4044\"><a href=\"https:\/\/arlcluj.ro\/de\/ueber-uns\/zertifizierungen\/\">Zertifizierungen<\/a><\/li>\n<\/ul>\n<\/li>\n<\/ul>\n<h2 class=\"wsp-posts-title\">Posts by category<\/h2>\n<ul class=\"wsp-posts-list\">\n\t<li><strong class=\"wsp-category-title\">Category: <a href=\"https:\/\/arlcluj.ro\/de\/category\/unkategorisiert\/\">Unkategorisiert<\/a><\/strong>\n<\/li>\n<\/ul>\n<h2 class=\"wsp-productss-title\">Product Showcase<\/h2>\n<ul class=\"wsp-productss-list\">\n<li><a href=\"https:\/\/arlcluj.ro\/de\/product-details\/milchkuehe-bauernhof-lechinta\/\">Milchk\u00fche Bauernhof, Lechin\u0163a<\/a><\/li>\n<li><a href=\"https:\/\/arlcluj.ro\/de\/product-details\/tureni-cluj\/\">Tureni, Cluj<\/a><\/li>\n<li><a href=\"https:\/\/arlcluj.ro\/de\/product-details\/daimler-sebes\/\">Daimler, Sebes<\/a><\/li>\n<li><a href=\"https:\/\/arlcluj.ro\/de\/product-details\/abwassernetz-kanalsystem-dezmir\/\">Abwassernetz Kanalsystem, Dezmir<\/a><\/li>\n<li><a href=\"https:\/\/arlcluj.ro\/de\/product-details\/rehabilitierung-strassen-coroieni\/\">Rehabilitierung Strassen Ortschaft Coroieni<\/a><\/li>\n<li><a href=\"https:\/\/arlcluj.ro\/de\/product-details\/strada-electrolizei-baia-mare\/\">Modernisierung Strasse Electrolizei<\/a><\/li>\n<li><a href=\"https:\/\/arlcluj.ro\/de\/product-details\/parc-industrial-bistrita\/\">Industriepark, Bistrita<\/a><\/li>\n<li><a href=\"https:\/\/arlcluj.ro\/de\/product-details\/centura-oradea\/\">Umfahrungsstra\u00dfe Oradea<\/a><\/li>\n<li><a href=\"https:\/\/arlcluj.ro\/de\/product-details\/proiect-6r14\/\">Projekt 6R14<\/a><\/li>\n<li><a href=\"https:\/\/arlcluj.ro\/de\/product-details\/brueckenmodernisierung-cluj-napoca\/\">Br\u00fcckenmodernisierung Cluj-Napoca<\/a><\/li>\n<li><a href=\"https:\/\/arlcluj.ro\/de\/product-details\/emerson-oradea\/\">Emerson, Oradea<\/a><\/li>\n<li><a href=\"https:\/\/arlcluj.ro\/de\/product-details\/strada-granicerilor\/\">Granicerilor Stra\u00dfe, Baia Mare<\/a><\/li>\n<li><a href=\"https:\/\/arlcluj.ro\/de\/product-details\/produs-test\/\">Sigmirului Stra\u00dfe, Bistrita<\/a><\/li>\n<li><a href=\"https:\/\/arlcluj.ro\/de\/product-details\/livezi-strasse\/\">Livezi Stra\u00dfe, Bistrita<\/a><\/li>\n<li><a href=\"https:\/\/arlcluj.ro\/de\/product-details\/zona-centrala-bistrita\/\">Zentralen Bereich, Bistrita<\/a><\/li>\n<li><a href=\"https:\/\/arlcluj.ro\/de\/product-details\/aleea-strandului-turda\/\">Strandului Stra\u00dfe, Turda<\/a><\/li>\n<li><a href=\"https:\/\/arlcluj.ro\/de\/product-details\/rehabilitierung-verkehrsweg-oradea-satu-mare\/\">Rehabilitierung Verkehrsweg Oradea-Satu Mare<\/a><\/li>\n<li><a href=\"https:\/\/arlcluj.ro\/de\/product-details\/umfahrung-cluj-est\/\">Umfahrungsstra\u00dfe Valcele<\/a><\/li>\n<li><a href=\"https:\/\/arlcluj.ro\/de\/product-details\/zentralpark-cluj-napoca\/\">Zentralpark, Cluj-Napoca<\/a><\/li>\n<li><a href=\"https:\/\/arlcluj.ro\/de\/product-details\/cluj-arena\/\">Cluj Arena<\/a><\/li>\n<li><a href=\"https:\/\/arlcluj.ro\/de\/product-details\/modernisierung-strasse-botiza\/\">Modernisierung Strasse, Botiza<\/a><\/li>\n<li><a href=\"https:\/\/arlcluj.ro\/de\/product-details\/wasserversorgung-und-abwasserentsorgung-barsau\/\">Wasserversorgung und Abwasserentsorgung, Barsau<\/a><\/li>\n<li><a href=\"https:\/\/arlcluj.ro\/de\/product-details\/unirii-boulevard-baia-mare\/\">Unirii Boulevard, Baia Mare<\/a><\/li>\n<li><a href=\"https:\/\/arlcluj.ro\/de\/product-details\/polus-center-cluj\/\">Parkfl\u00e4chen fuer Einkaufshaus, Cluj-Napoca und Oradea<\/a><\/li>\n<\/ul>\n<h2 class=\"wsp-product_categoriess-title\">Product Categories<\/h2>\n<ul class=\"wsp-product_categoriess-list\">\n<li><a href=\"https:\/\/arlcluj.ro\/de\/products\/entwaesserungsarbeiten\/\">Entw\u00e4sserungsarbeiten<\/a><\/li>\n<li><a href=\"https:\/\/arlcluj.ro\/de\/products\/infrastrukturarbeiten\/\">Infrastrukturarbeiten<\/a><\/li>\n<\/ul>\n<\/div>\n","protected":false},"excerpt":{"rendered":"Pages Datenschutzerkl\u00e4rung Home Impressum Kontakt Projekte Sitemap Sitemap Strabag Group T\u00e4tigkeitsbereiche Dienstleistungen Infrastruktur Vertrieb von Asphaltmischungen Wasserversorgung, Kanalisation und Kl\u00e4ranlagen \u00dcber uns Ausstattungen Geschichte Karriere Management-Team Neuheiten Unternehmenswerte Zertifizierungen Posts by category Category: Unkategorisiert Product Showcase Milchk\u00fche Bauernhof, Lechin\u0163a Tureni, Cluj Daimler, Sebes Abwassernetz Kanalsystem, Dezmir Rehabilitierung Strassen Ortschaft Coroieni Modernisierung Strasse Electrolizei Industriepark, Bistrita [...]","protected":false},"author":1,"featured_media":0,"parent":0,"menu_order":0,"comment_status":"open","ping_status":"open","template":"","meta":[],"_links":{"self":[{"href":"https:\/\/arlcluj.ro\/de\/wp-json\/wp\/v2\/pages\/4668"}],"collection":[{"href":"https:\/\/arlcluj.ro\/de\/wp-json\/wp\/v2\/pages"}],"about":[{"href":"https:\/\/arlcluj.ro\/de\/wp-json\/wp\/v2\/types\/page"}],"author":[{"embeddable":true,"href":"https:\/\/arlcluj.ro\/de\/wp-json\/wp\/v2\/users\/1"}],"replies":[{"embeddable":true,"href":"https:\/\/arlcluj.ro\/de\/wp-json\/wp\/v2\/comments?post=4668"}],"version-history":[{"count":1,"href":"https:\/\/arlcluj.ro\/de\/wp-json\/wp\/v2\/pages\/4668\/revisions"}],"predecessor-version":[{"id":4669,"href":"https:\/\/arlcluj.ro\/de\/wp-json\/wp\/v2\/pages\/4668\/revisions\/4669"}],"wp:attachment":[{"href":"https:\/\/arlcluj.ro\/de\/wp-json\/wp\/v2\/media?parent=4668"}],"curies":[{"name":"wp","href":"https:\/\/api.w.org\/{rel}","templated":true}]}}