{"id":4082,"date":"2015-02-02T04:30:47","date_gmt":"2015-02-02T04:30:47","guid":{"rendered":"http:\/\/arlcluj.ro\/?page_id=4082&#038;lang=de"},"modified":"2016-03-31T14:57:10","modified_gmt":"2016-03-31T11:57:10","slug":"kontakt","status":"publish","type":"page","link":"https:\/\/arlcluj.ro\/de\/kontakt\/","title":{"rendered":"Kontakt"},"content":{"rendered":"<div  class=\"content_row row vc_row wpb_row vc_row-fluid default-style fullwidth\" >\n\t\n\t<div class=\"content_row_wrapper nopadding fullwidth\" >\n\t<div class=\"vc_col-sm-12 wpb_column vc_column_container\" >\n\t\t<div class=\"wpb_wrapper\">\n\t\t\t<div class=\"google_map_holder\" data-height=\"500\" data-scope=\"#map-677497\">\n\n\t\t\t<div id=\"map-677497\" class=\"google_map\"><\/div>\n\t\t\t<script type=\"text\/javascript\">\n\t\t\t \/* <![CDATA[ *\/ \n\t\t\t\t\/\/ Runs google maps\t\n\t\t\t\t\tjQuery(function() {\n\t\t\t\t\t\tjQuery(\"#map-677497\").rt_maps([[\"Hauptsitz, B.M.T.I.\", 46.79345, 23.61498, 4,\"Hauptsitz, B.M.T.I.\"],[\"Gruppe Cluj\", 46.79171, 23.72394, 4,\"Gruppe Cluj\"],[\"Gruppe Bistri\u0163a\", 47.14413, 24.49206, 4,\"Gruppe Bistri\u0163a\"],[\"Gruppe Oradea\", 47.07716, 21.90077, 4,\"Gruppe Oradea\"],[\"Gruppe Baia Mare\", 47.66542, 23.43799, 4,\"Gruppe Baia Mare\"],],10); \n\t\t\t\t\t});\n\t\t\t\/* ]]> *\/\t\n\t\t\t<\/script>\n\n\t\t<\/div>\n\n\t\t<\/div>\n\t<\/div>\n\n<\/div>\n<\/div>\n\n<div  class=\"content_row row vc_row wpb_row vc_row-fluid default-style default\" >\n\t\n\t<div class=\"content_row_wrapper  default\" style=\"padding-bottom:40px;\">\n\t<div class=\"vc_col-sm-12 wpb_column vc_column_container global-style\" >\n\t\t<div class=\"wpb_wrapper\">\n\t\t\t\n\t<div class=\"wpb_text_column wpb_content_element \">\n\t\t<div class=\"wpb_wrapper\">\n\t\t\t<p>S.C. ANTREPRIZA REPARA\u0162II \u015eI LUCR\u0102RI &#8211; A.R.L. CLUJ S.A.<br \/>\nC.I.F.: RO9478840, No. O.R.C. Cluj: J12\/953\/1997<\/p>\n<p><strong>Achtung!<\/strong> Unsere Telefonnummer fuer das Festnetz VODAFONE (Vorwahl 0372), fuer unsere Bueros in Kreis Cluj, sind zur Zeit nicht funktionsfaehig, wir entschuldigen uns dafuer und bitten Sie uns auf die anderen Telefonnummern zu kontaktieren. Vielen Dank fuer Ihr Verstaendnis!<\/p>\n\n\t\t<\/div> \n\t<\/div> \n\n\t\t<\/div>\n\t<\/div>\n\n<\/div>\n<\/div>\n\n<div  class=\"content_row row vc_row wpb_row vc_row-fluid default-style default border_grid fixed_heights overlap\" >\n\t\n\t<div class=\"content_row_wrapper  default\" ><div class=\"vc_col-sm-4 wpb_column vc_column_container\" >\n\t\t<div class=\"wpb_wrapper\">\n\t\t\t<div class=\"rt_heading_wrapper style-6\">\n\t\t\t\t\t\t\n\t\t\t\t\t\t<h5 class=\"rt_heading  style-6\" >Hauptsitz<\/h5>\n\t\t\t\t\t<\/div>\t \n\t\t<div  class=\"with_icons style-3 \">\n\t\t\t \n\t\t<div  >\n\t\t<span class=\"icon-address icon\"><\/span><div class=\"list-content\">Fabricii str. 131,\u00a0400632\u00a0Cluj-Napoca<\/div>\n\t\t<\/div>\n\t\t \n\t\t<div  >\n\t\t<span class=\"icon-phone icon\"><\/span><div class=\"list-content\">Tel.\/Fax: +40-264-418.620<\/div>\n\t\t<\/div>\n\t\t \n\t\t<div  >\n\t\t<span class=\"icon-phone icon\"><\/span><div class=\"list-content\">Tel.: +40-372-710.100<\/div>\n\t\t<\/div>\n\t\t \n\t\t<div  >\n\t\t<span class=\"icon-print icon\"><\/span><div class=\"list-content\">Tel.\/Fax: +40-264-415.550<\/div>\n\t\t<\/div>\n\t\t \n\t\t<div  >\n\t\t<span class=\"icon-mail icon\"><\/span><div class=\"list-content\"><a href=\"mailto:arl@arlcluj.ro\">arl@arlcluj.ro<\/a><\/div>\n\t\t<\/div>\n\t\n\t\t<\/div>\n\n\t\t<\/div>\n\t<\/div>\n\n\t<div class=\"vc_col-sm-4 wpb_column vc_column_container\" >\n\t\t<div class=\"wpb_wrapper\">\n\t\t\t<div class=\"rt_heading_wrapper style-6\">\n\t\t\t\t\t\t\n\t\t\t\t\t\t<h5 class=\"rt_heading  style-6\" >Gruppe Cluj<\/h5>\n\t\t\t\t\t<\/div>\t \n\t\t<div  class=\"with_icons style-3 \">\n\t\t\t \n\t\t<div  >\n\t\t<span class=\"icon-address icon\"><\/span><div class=\"list-content\">1 Mai str. 56,\u00a0407042\u00a0S\u00e2nnicoar\u0103<\/div>\n\t\t<\/div>\n\t\t \n\t\t<div  >\n\t\t<span class=\"icon-phone icon\"><\/span><div class=\"list-content\">Tel.: +40-372-713.323<\/div>\n\t\t<\/div>\n\t\t \n\t\t<div  >\n\t\t<span class=\"icon-print icon\"><\/span><div class=\"list-content\">Fax: +40-264-232.966<\/div>\n\t\t<\/div>\n\t\n\t\t<\/div>\n\n\t\t<\/div>\n\t<\/div>\n\n\t<div class=\"vc_col-sm-4 wpb_column vc_column_container\" >\n\t\t<div class=\"wpb_wrapper\">\n\t\t\t<div class=\"rt_heading_wrapper style-6\">\n\t\t\t\t\t\t\n\t\t\t\t\t\t<h5 class=\"rt_heading  style-6\" >Gruppe Bistri\u0163a<\/h5>\n\t\t\t\t\t<\/div>\t \n\t\t<div  class=\"with_icons style-3 \">\n\t\t\t \n\t\t<div  >\n\t\t<span class=\"icon-address icon\"><\/span><div class=\"list-content\">Subcetate str. 12A,\u00a0420132\u00a0Bistri\u0163a<\/div>\n\t\t<\/div>\n\t\t \n\t\t<div  >\n\t\t<span class=\"icon-phone icon\"><\/span><div class=\"list-content\">Tel.\/Fax: +40-372-710.115<\/div>\n\t\t<\/div>\n\t\n\t\t<\/div>\n\n\t\t<\/div>\n\t<\/div>\n<\/div>\n<\/div>\n\n<div  class=\"content_row row vc_row wpb_row vc_row-fluid default-style default border_grid fixed_heights overlap\" >\n\t\n\t<div class=\"content_row_wrapper  default\" ><div class=\"vc_col-sm-4 wpb_column vc_column_container global-style\" >\n\t\t<div class=\"wpb_wrapper\">\n\t\t\t<div class=\"rt_heading_wrapper style-6\">\n\t\t\t\t\t\t\n\t\t\t\t\t\t<h5 class=\"rt_heading  style-6\" >Gruppe Oradea<\/h5>\n\t\t\t\t\t<\/div>\t \n\t\t<div  class=\"with_icons style-3 \">\n\t\t\t \n\t\t<div  >\n\t\t<span class=\"icon-address icon\"><\/span><div class=\"list-content\">Bor\u015fului str.\u00a010,\u00a0410605 Oradea<\/div>\n\t\t<\/div>\n\t\t \n\t\t<div  >\n\t\t<span class=\"icon-phone icon\"><\/span><div class=\"list-content\">Tel.: +40-372-710.117<\/div>\n\t\t<\/div>\n\t\t \n\t\t<div  >\n\t\t<span class=\"icon-print icon\"><\/span><div class=\"list-content\">Fax: +40-372-876.616<\/div>\n\t\t<\/div>\n\t\n\t\t<\/div>\n\n\t\t<\/div>\n\t<\/div>\n\n\t<div class=\"vc_col-sm-4 wpb_column vc_column_container global-style\" >\n\t\t<div class=\"wpb_wrapper\">\n\t\t\t<div class=\"rt_heading_wrapper style-6\">\n\t\t\t\t\t\t\n\t\t\t\t\t\t<h5 class=\"rt_heading  style-6\" >Gruppe Baia Mare<\/h5>\n\t\t\t\t\t<\/div>\t \n\t\t<div  class=\"with_icons style-3 \">\n\t\t\t \n\t\t<div  >\n\t\t<span class=\"icon-address icon\"><\/span><div class=\"list-content\">Niederlassung: 112 str. 101 , 437348 Bu\u015fag<\/div>\n\t\t<\/div>\n\t\t \n\t\t<div  >\n\t\t<span class=\"icon-phone icon\"><\/span><div class=\"list-content\">Tel.: +40-372-710.118<\/div>\n\t\t<\/div>\n\t\t \n\t\t<div  >\n\t\t<span class=\"icon-print icon\"><\/span><div class=\"list-content\">Fax: +40-372-875.314<\/div>\n\t\t<\/div>\n\t\t \n\t\t<div  >\n\t\t<span class=\"icon-address icon\"><\/span><div class=\"list-content\">Niederlassung: 457105 Cri\u015feni nr. 423<\/div>\n\t\t<\/div>\n\t\t \n\t\t<div  >\n\t\t<span class=\"icon-phone icon\"><\/span><div class=\"list-content\">Tel.: +40-372-710.119<\/div>\n\t\t<\/div>\n\t\n\t\t<\/div>\n\n\t\t<\/div>\n\t<\/div>\n\n\t<div class=\"vc_col-sm-4 wpb_column vc_column_container global-style\" >\n\t\t<div class=\"wpb_wrapper\">\n\t\t\t<div class=\"rt_heading_wrapper style-6\">\n\t\t\t\t\t\t\n\t\t\t\t\t\t<h5 class=\"rt_heading  style-6\" >B.M.T.I.<\/h5>\n\t\t\t\t\t<\/div>\t \n\t\t<div  class=\"with_icons style-3 \">\n\t\t\t \n\t\t<div  >\n\t\t<span class=\"icon-address icon\"><\/span><div class=\"list-content\">Fabricii str. 131, 400632 Cluj-Napoca<\/div>\n\t\t<\/div>\n\t\t \n\t\t<div  >\n\t\t<span class=\"icon-phone icon\"><\/span><div class=\"list-content\">Tel.: +40-264-415.842<\/div>\n\t\t<\/div>\n\t\t \n\t\t<div  >\n\t\t<span class=\"icon-print icon\"><\/span><div class=\"list-content\">Fax.: +40-264-415.550<\/div>\n\t\t<\/div>\n\t\n\t\t<\/div>\n\n\t\t<\/div>\n\t<\/div>\n<\/div>\n<\/div>\n\n<div  class=\"content_row row vc_row wpb_row vc_row-fluid alt-style-1 default\" >\n\t\n\t<div class=\"content_row_wrapper  default\" >\n\t<div class=\"vc_col-sm-12 wpb_column vc_column_container\" >\n\t\t<div class=\"wpb_wrapper\">\n\t\t\t<div class=\"rt_heading_wrapper style-6\">\n\t\t\t\t\t\t\n\t\t\t\t\t\t<h5 class=\"rt_heading  style-6\" >Kontaktformular<\/h5>\n\t\t\t\t\t<\/div>\n\t\t<!-- contact form -->\n\t\t<div  class=\"contact_form  dynamic-class-195494\">\n\t\t<div class=\"clear\"><\/div><div class=\"result\"><\/div>\n\t\t\t<form action=\"#\" name=\"contact_form\" class=\"validate_form rt_form\" method=\"post\" role=\"form\" >\n\t\t\t\t<ul>\n\t\t\t\t\t<li class=\"form-input\"><label for=\"name\">Your Name: (*)<\/label><input placeholder=\"Your Name: (*)\" id=\"name\" type=\"text\" name=\"name\" value=\"\" class=\"required\" \/> <\/li>\n\t\t\t\t\t<li class=\"form-input\"><label for=\"email\">Your Email: (*)<\/label><input placeholder=\"Your Email: (*)\" id=\"email\" type=\"email\" name=\"email\" value=\"\" class=\"required email\" \/> <\/li>\n\t\t\t\t\t<li class=\"form-input\"><label for=\"message\">Your Message: (*)<\/label><textarea placeholder=\"Your Message: (*)\" id=\"message\" name=\"message\" rows=\"8\" cols=\"40\" class=\"required\"><\/textarea><\/li>\n\t\t\t\t\t<li class=\"security-question\"><label class=\"math_label\" for=\"math\">Security Question:<\/label>8 + 13 = <input id=\"math\" placeholder=\"?\" type=\"text\" name=\"math\" value=\"\" class=\"required\" \/><\/li>\n\t\t\t\t\t<li class=\"submit-button\">\n\t\t\t\t\t<input type=\"hidden\" name=\"your_email\" value=\"YXJsQGFybGNsdWoucm8=\"><input type=\"hidden\" name=\"dynamic_class\" value=\"dynamic-class-195494\"><input type=\"hidden\" name=\"rt_form_data\" value=\"MjE=\"><input type=\"button\" class=\"button submit\" value=\"Send\"  \/><span class=\"loading\"><\/span>\n\t\t\t\t\t<\/li>\n\t\t\t\t<\/ul>\n\t\t\t<\/form>\n\t\t<\/div><div class=\"clear\"><\/div>\n\t\t<!-- \/contact form --><\/p>\n\n\t\t<\/div>\n\t<\/div>\n\n<\/div>\n<\/div>\n","protected":false},"excerpt":{"rendered":"\/* *\/ S.C. ANTREPRIZA REPARA\u0162II \u015eI LUCR\u0102RI - A.R.L. CLUJ S.A. C.I.F.: RO9478840, No. O.R.C. Cluj: J12\/953\/1997 Achtung! Unsere Telefonnummer fuer das Festnetz VODAFONE (Vorwahl 0372), fuer unsere Bueros in Kreis Cluj, sind zur Zeit nicht funktionsfaehig, wir entschuldigen uns dafuer und bitten Sie uns auf die anderen Telefonnummern zu kontaktieren. Vielen Dank fuer Ihr [...]","protected":false},"author":1,"featured_media":0,"parent":0,"menu_order":0,"comment_status":"closed","ping_status":"closed","template":"","meta":[],"_links":{"self":[{"href":"https:\/\/arlcluj.ro\/de\/wp-json\/wp\/v2\/pages\/4082"}],"collection":[{"href":"https:\/\/arlcluj.ro\/de\/wp-json\/wp\/v2\/pages"}],"about":[{"href":"https:\/\/arlcluj.ro\/de\/wp-json\/wp\/v2\/types\/page"}],"author":[{"embeddable":true,"href":"https:\/\/arlcluj.ro\/de\/wp-json\/wp\/v2\/users\/1"}],"replies":[{"embeddable":true,"href":"https:\/\/arlcluj.ro\/de\/wp-json\/wp\/v2\/comments?post=4082"}],"version-history":[{"count":13,"href":"https:\/\/arlcluj.ro\/de\/wp-json\/wp\/v2\/pages\/4082\/revisions"}],"predecessor-version":[{"id":5190,"href":"https:\/\/arlcluj.ro\/de\/wp-json\/wp\/v2\/pages\/4082\/revisions\/5190"}],"wp:attachment":[{"href":"https:\/\/arlcluj.ro\/de\/wp-json\/wp\/v2\/media?parent=4082"}],"curies":[{"name":"wp","href":"https:\/\/api.w.org\/{rel}","templated":true}]}}