{"id":4069,"date":"2015-06-18T11:56:25","date_gmt":"2015-06-18T11:56:25","guid":{"rendered":"http:\/\/arlcluj.ro\/?page_id=4069&#038;lang=de"},"modified":"2015-11-03T16:57:44","modified_gmt":"2015-11-03T14:57:44","slug":"strabag-group","status":"publish","type":"page","link":"https:\/\/arlcluj.ro\/de\/strabag-group\/","title":{"rendered":"Strabag Group"},"content":{"rendered":"<div  class=\"content_row row vc_row wpb_row vc_row-fluid default-style default overlap\" >\n\t\n\t<div class=\"content_row_wrapper  default\" >\n\t<div class=\"vc_col-sm-12 wpb_column vc_column_container global-style\" >\n\t\t<div class=\"wpb_wrapper\">\n\t\t\t\t \n\t\t<div  class=\"border_grid photo_gallery \" data-rt-animate=\"animate\" data-rt-animation-type=\"fadeInDown\">\n\t\t\t<div class=\"row fixed_heights\">\n\t\t<div  class=\"col col-sm-3 col-xs-12 \"> \t\t\n \t\t\t<img src=\"https:\/\/arlcluj.ro\/wp-content\/uploads\/2015\/06\/strabag-1-480x320.jpg\" class=\"img-responsive\" alt=\"\"> \n \t\t\t\n\t\t<\/div>\n\t\n\t\t<div  class=\"col col-sm-3 col-xs-12 \"> \t\t\n \t\t\t<img src=\"https:\/\/arlcluj.ro\/wp-content\/uploads\/2015\/06\/strabag-2-480x320.jpg\" class=\"img-responsive\" alt=\"\"> \n \t\t\t\n\t\t<\/div>\n\t\n\t\t<div  class=\"col col-sm-3 col-xs-12 \"> \t\t\n \t\t\t<img src=\"https:\/\/arlcluj.ro\/wp-content\/uploads\/2015\/06\/strabag-4-480x316.jpg\" class=\"img-responsive\" alt=\"\"> \n \t\t\t\n\t\t<\/div>\n\t\n\t\t<div  class=\"col col-sm-3 col-xs-12 \"> \t\t\n \t\t\t<img src=\"https:\/\/arlcluj.ro\/wp-content\/uploads\/2015\/06\/strabag-3-480x320.jpg\" class=\"img-responsive\" alt=\"\"> \n \t\t\t\n\t\t<\/div>\n\t<\/div>\n\t\t<\/div>\n\t\n\n\t\t<\/div>\n\t<\/div>\n\n<\/div>\n<\/div>\n\n<div  class=\"content_row row vc_row wpb_row vc_row-fluid default-style default\" >\n\t\n\t<div class=\"content_row_wrapper  default\" style=\"padding-bottom:90px;\">\n\t<div class=\"vc_col-sm-12 wpb_column vc_column_container\" >\n\t\t<div class=\"wpb_wrapper\">\n\t\t\t\n\t<div class=\"wpb_text_column wpb_content_element \">\n\t\t<div class=\"wpb_wrapper\">\n\t\t\t<p><strong><a href=\"http:\/\/www.strabag.com\" target=\"_blank\">STRABAG<\/a><\/strong> ist eines der f\u00fchrenden Bauunternehmen in Europa und Marktf\u00fchrer in Zentral- und Osteuropa. Auf diesen Hauptm\u00e4rkten ist STRABAG durch seine zahlreichen Niederlassungen in allen ost- und s\u00fcdosteurop\u00e4ischen L\u00e4ndern, auf ausgew\u00e4hlten M\u00e4rkten Westeuropas, der Arabischen Halbinsel, in Libyen, Kanada und Indien vertreten. Das breite Leistungsspektrum der Gruppe umfasst alle Segmente der Bauwirtschaft, die die gesamte Wertsch\u00f6pfungskette im Bausektor abdeckt.<\/p>\n<p>Seit 1991 ist STRABAG auf dem rum\u00e4nischen Markt aktiv. 1992 wird die rum\u00e4nische Unternehmenszentrale in Bukarest gegr\u00fcndet . Im Laufe der Zeit hat die Gruppe Niederlassungen in allen marktrelevanten Regionen des rum\u00e4nischen Marktes er\u00f6ffnet und besch\u00e4ftigt mehr als 1.500 qualifizierte Mitarbeiter. Das Unternehmen ist in allen Bausparten, insbesondere Verkehrsinfrastruktur, Hoch- und Ingenieurbau sowie in der Umwelttechnik t\u00e4tig.<\/p>\n<p>Der Konzern ist in Rum\u00e4nien nicht nur als STRABAG Marke, sondern auch durch die Mitgliedsunternehmen des Kozerns :ARL SA, BHG Comercializare Bitum, CARB SA Bra\u015fov, BITUNOVA Rom\u00e2nia, BMTI Tehnica Utilajelor pentru Construc\u0163ii SRL, DRUMCO SA Timi\u015foara, MINERAL ROM, SAT Reabilitare Reciclare, STRABAG Facility Management, TPA Societatea pentru Asigurarea Calit\u0103\u0163ii \u015fi Inova\u0163iei SRL, \u00a0Z\u00dcBLIN Rom\u00e2nia SRL und DYWIDAG Rom\u00e2nia SRL pr\u00e4sent.<\/p>\n<p>Die BMTI ist f\u00fcr die Wartungs- und Reparaturarbeiten der gesamten Flotte an Pkw, Bau- und Transportmaschinen verantwortlich. BMTI Baumaschinentechnik GmbH ist ein Konzernteil der STRABAG SE und k\u00fcmmert sich um den gesamten Lebenszyklus eines jeden Bauger\u00e4tes und PKW, welche sich als beweglicher Verm\u00f6genswert im Eigentum eines Unternehmens des Konzerns befinden.<\/p>\n<p>Die Qualit\u00e4tskontrollen des von ARL produzierten Asphaltmischguts sowie die Feuchtigkeit der verwendeten Zuschlagsstoffe befinden sich in der Verantwortung der TPA Labore. Sie sind ein Kompetenzzentrum f\u00fcr Werkstofftechnologie f\u00fcr Asphalt, Beton, Erdbau und Geotechnik in einem der gr\u00f6\u00dften Baukonzerne Europas, n\u00e4mlich der STRABAG SE.<\/p>\n<p>Im September 2005 wurde die TPA in Rum\u00e4nien gegr\u00fcndet. TPA ist ein Unternehmen des STRABAG Konzerns und ist verantwortlich f\u00fcr die Gew\u00e4hrleistung von Qualit\u00e4t und Innovation. Die Labore der TPA verf\u00fcgen \u00fcber Ausr\u00fcstungen der neuesten Generation und f\u00fchren Versuche und Bestimmungen in der Infrastruktur (Strassen-, Br\u00fccken- und Autobahnbau) <a href=\"http:\/\/www.tpaqi.com\/\">durch<\/a>.<\/p>\n\n\t\t<\/div> \n\t<\/div> \n\n\t\t<\/div>\n\t<\/div>\n\n<\/div>\n<\/div>\n","protected":false},"excerpt":{"rendered":"STRABAG ist eines der f\u00fchrenden Bauunternehmen in Europa und Marktf\u00fchrer in Zentral- und Osteuropa. Auf diesen Hauptm\u00e4rkten ist STRABAG durch seine zahlreichen Niederlassungen in allen ost- und s\u00fcdosteurop\u00e4ischen L\u00e4ndern, auf ausgew\u00e4hlten M\u00e4rkten Westeuropas, der Arabischen Halbinsel, in Libyen, Kanada und Indien vertreten. Das breite Leistungsspektrum der Gruppe umfasst alle Segmente der Bauwirtschaft, die die gesamte [...]","protected":false},"author":1,"featured_media":0,"parent":0,"menu_order":0,"comment_status":"open","ping_status":"open","template":"","meta":[],"_links":{"self":[{"href":"https:\/\/arlcluj.ro\/de\/wp-json\/wp\/v2\/pages\/4069"}],"collection":[{"href":"https:\/\/arlcluj.ro\/de\/wp-json\/wp\/v2\/pages"}],"about":[{"href":"https:\/\/arlcluj.ro\/de\/wp-json\/wp\/v2\/types\/page"}],"author":[{"embeddable":true,"href":"https:\/\/arlcluj.ro\/de\/wp-json\/wp\/v2\/users\/1"}],"replies":[{"embeddable":true,"href":"https:\/\/arlcluj.ro\/de\/wp-json\/wp\/v2\/comments?post=4069"}],"version-history":[{"count":5,"href":"https:\/\/arlcluj.ro\/de\/wp-json\/wp\/v2\/pages\/4069\/revisions"}],"predecessor-version":[{"id":5013,"href":"https:\/\/arlcluj.ro\/de\/wp-json\/wp\/v2\/pages\/4069\/revisions\/5013"}],"wp:attachment":[{"href":"https:\/\/arlcluj.ro\/de\/wp-json\/wp\/v2\/media?parent=4069"}],"curies":[{"name":"wp","href":"https:\/\/api.w.org\/{rel}","templated":true}]}}