{"id":4062,"date":"2015-06-18T13:45:04","date_gmt":"2015-06-18T13:45:04","guid":{"rendered":"http:\/\/arlcluj.ro\/?page_id=4062&#038;lang=de"},"modified":"2015-11-27T13:38:08","modified_gmt":"2015-11-27T11:38:08","slug":"infrastruktur","status":"publish","type":"page","link":"https:\/\/arlcluj.ro\/de\/taetigkeitsbereiche\/infrastruktur\/","title":{"rendered":"Infrastruktur"},"content":{"rendered":"<div  class=\"content_row row vc_row wpb_row vc_row-fluid default-style default border_grid fixed_heights overlap\" >\n\t\n\t<div class=\"content_row_wrapper  default\" >\n\t<div class=\"vc_col-sm-12 wpb_column vc_column_container\" >\n\t\t<div class=\"wpb_wrapper\">\n\t\t\t\t \n\t\t<div  class=\"border_grid photo_gallery \" data-rt-animate=\"animate\" data-rt-animation-type=\"fadeInDown\">\n\t\t\t<div class=\"row fixed_heights\">\n\t\t<div  class=\"col col-sm-3 col-xs-12 \"> \t\t\n \t\t\t<img src=\"https:\/\/arlcluj.ro\/wp-content\/uploads\/2015\/06\/infrastructura-1-480x323.jpg\" class=\"img-responsive\" alt=\"\"> \n \t\t\t\n\t\t<\/div>\n\t\n\t\t<div  class=\"col col-sm-3 col-xs-12 \"> \t\t\n \t\t\t<img src=\"https:\/\/arlcluj.ro\/wp-content\/uploads\/2015\/06\/infrastructura-2-480x320.jpg\" class=\"img-responsive\" alt=\"\"> \n \t\t\t\n\t\t<\/div>\n\t\n\t\t<div  class=\"col col-sm-3 col-xs-12 \"> \t\t\n \t\t\t<img src=\"https:\/\/arlcluj.ro\/wp-content\/uploads\/2015\/06\/infrastructura-3-480x323.jpg\" class=\"img-responsive\" alt=\"\"> \n \t\t\t\n\t\t<\/div>\n\t\n\t\t<div  class=\"col col-sm-3 col-xs-12 \"> \t\t\n \t\t\t<img src=\"https:\/\/arlcluj.ro\/wp-content\/uploads\/2015\/06\/infrastructura-4-480x323.jpg\" class=\"img-responsive\" alt=\"\"> \n \t\t\t\n\t\t<\/div>\n\t<\/div>\n\t\t<\/div>\n\t\n\n\t\t<\/div>\n\t<\/div>\n\n<\/div>\n<\/div>\n\n<div  class=\"content_row row vc_row wpb_row vc_row-fluid default-style default\" >\n\t\n\t<div class=\"content_row_wrapper  default\" style=\"padding-bottom:90px;\">\n\t<div class=\"vc_col-sm-12 wpb_column vc_column_container global-style\" >\n\t\t<div class=\"wpb_wrapper\">\n\t\t\t\n\t<div class=\"wpb_text_column wpb_content_element \">\n\t\t<div class=\"wpb_wrapper\">\n\t\t\t<p>Im Bereich der Infrastruktur bedient die S.C. ARL CLUJ S.A. Ihren Kunden mit einem breitgef\u00e4cherten Spekturm an Leistungen.<\/p>\n<p>Verkehrswegebau:<\/p>\n<ul>\n<li>Neubau von Gemeinde-, Kreis-, Land- und Bundesstrassen bis hin zu Autobahnen<\/li>\n<li>Instandhaltung, Reparatur sowie Modernisierung von bestehenden Strassen aller Verkehrskategorien inkl. der Verbesserung der Tragf\u00e4higkeit des vorhandenen Unterbaus.<\/li>\n<li>Bitumin\u00f6se Behandlungen von bestehenden Verkehrswegen jeglicher Kategorie<\/li>\n<li>Ausfurhung von Strassenmarkierungen<\/li>\n<li>Erstellung von Parkfl\u00e4chen und Aussenanlagen f\u00fcr Industrie, Handel sowie private Auftraggeber<\/li>\n<li>Erstellung von Bahn\u00fcberg\u00e4ngen gem\u00e4\u00df den geltenden Richtlinien<\/li>\n<\/ul>\n<p>Ingenieurbauwerke:<\/p>\n<ul>\n<li>Br\u00fcckenbauwerke aus den Materialien Beton, Stahl und Stahlrohrsystemen<\/li>\n<li>Durchlassbauwerke aus Betonfertigteilen und Stahlrohrsystemen<\/li>\n<\/ul>\n<p>Konsolidierungsarbeiten:<\/p>\n<ul>\n<li>St\u00fctzmauern nach Kundenwunsch aus Ortbeton, Bohrpf\u00e4hlen oder Formsteinen<\/li>\n<li>Hangsicherungsarbeiten inkl. Montage von Steinschlagschutzvorrichtungen<\/li>\n<\/ul>\n<p>Wasserbau:<\/p>\n<ul>\n<li>Flussbauarbeiten sowie Uferbefestigungen jeglicher Art<\/li>\n<\/ul>\n<p>Erschliessungen:<\/p>\n<ul>\n<li>Erschliessung von Industriegebieten<\/li>\n<\/ul>\n<p>Sonderleistungen<\/p>\n<ul>\n<li>Winterdienst<\/li>\n<\/ul>\n<p>Zu den erfolgreich abgeschlossenen Projekten unseres Portfolios z\u00e4hlen:<\/p>\n<ul>\n<li>Instandsetzung der Landstra\u00dfe DN19 Bihor \u2013 Satu Mare<\/li>\n<li>Modernisierung der Stra\u00dfe und der Bahn\u00fcberf\u00fchrung in Bistrita, Sigmirului Stra\u00dfe<\/li>\n<li>\u00a0Modernisierung von Stra\u00dfen und Realisierung einer neuen Br\u00fccke in der Stadt Targu Lapus<\/li>\n<li>Instandsetzung und Modernisierung der Stra\u00dfen im Zentrum der Kreisstadt Bistrita<\/li>\n<li>Konsolidierung der Landstra\u00dfe DN1 durch Bohrs\u00e4ulen im Gebiet Turda<\/li>\n<li>Die Landstra\u00dfe DN19C, neben Sacuieni<\/li>\n<li>Leichtathletikbahn Cluj Arena<\/li>\n<li>Parkfl\u00e4chen Polus Center Cluj, Metro Oradea, Gold Plaza Baia Mare, Leoni Bistri\u021ba<\/li>\n<li>Rehabilitatierung und Modernisierung im Kreisstadt Turda, Gebiet B\u0103ile Turda, Stadt S\u00e2ngeorz-B\u0103i<\/li>\n<li>Modernisierung der Granicerilor Stra\u00dfe im Kreisstadt Baia Mare<\/li>\n<li>Rehabilitatierung der Bundesstra\u00dfe T\u00e2rgu Mure\u015f \u2013 S\u0103r\u0103\u0163el, DN15A und DN15<\/li>\n<li>Modernisierung des Unirii Boulevards in Baia Mare<\/li>\n<li>Erschliessung des Industrieparks Bistrita S\u00fcd<\/li>\n<li>Modernisierung der Electrolizei Stra\u00dfe<\/li>\n<\/ul>\n<p>Derzeit sind die wichtigsten Vertr\u00e4ge im Gange folgende:<\/p>\n<ul>\n<li>Rehabilitierung der Kreisstra\u00dfe DJ 792A Beliu- Tinca- Les<\/li>\n<li>Umgehungsstra\u00dfe in Kreisstadt Oradea<\/li>\n<li>Rehabilitierung und Infrastrukturverbesserung auf DN1, auf einer Fl\u00e4che von 12 Ortschaften, von Tureni, Kreis Cluj, bis O\u015forhei, Kreis Bihor<\/li>\n<li>Rehabilitierung DN18, zwischen Ortschaften Bor\u015fa &#8211; \u015eesuri, Kreis Maramures<\/li>\n<li>Modernisierung der \u00a0F\u0103get Stra\u00dfe, in Cluj-Napoca<\/li>\n<li>Stra\u00dfen Rehabilitierung, in der Stadt Bor\u0219a &#8211; Lot 2,4 und 6<\/li>\n<li>Stra\u00dfen Gestaltung in neue Wohngebiete in Bistri\u021ba &#8211; Lot 1, 4, 5, 6<\/li>\n<\/ul>\n\n\t\t<\/div> \n\t<\/div> \n\n\t\t<\/div>\n\t<\/div>\n\n<\/div>\n<\/div>\n","protected":false},"excerpt":{"rendered":"Im Bereich der Infrastruktur bedient die S.C. ARL CLUJ S.A. Ihren Kunden mit einem breitgef\u00e4cherten Spekturm an Leistungen. Verkehrswegebau: Neubau von Gemeinde-, Kreis-, Land- und Bundesstrassen bis hin zu Autobahnen Instandhaltung, Reparatur sowie Modernisierung von bestehenden Strassen aller Verkehrskategorien inkl. der Verbesserung der Tragf\u00e4higkeit des vorhandenen Unterbaus. Bitumin\u00f6se Behandlungen von bestehenden Verkehrswegen jeglicher Kategorie Ausfurhung [...]","protected":false},"author":1,"featured_media":0,"parent":4041,"menu_order":0,"comment_status":"open","ping_status":"open","template":"","meta":[],"_links":{"self":[{"href":"https:\/\/arlcluj.ro\/de\/wp-json\/wp\/v2\/pages\/4062"}],"collection":[{"href":"https:\/\/arlcluj.ro\/de\/wp-json\/wp\/v2\/pages"}],"about":[{"href":"https:\/\/arlcluj.ro\/de\/wp-json\/wp\/v2\/types\/page"}],"author":[{"embeddable":true,"href":"https:\/\/arlcluj.ro\/de\/wp-json\/wp\/v2\/users\/1"}],"replies":[{"embeddable":true,"href":"https:\/\/arlcluj.ro\/de\/wp-json\/wp\/v2\/comments?post=4062"}],"version-history":[{"count":6,"href":"https:\/\/arlcluj.ro\/de\/wp-json\/wp\/v2\/pages\/4062\/revisions"}],"predecessor-version":[{"id":5069,"href":"https:\/\/arlcluj.ro\/de\/wp-json\/wp\/v2\/pages\/4062\/revisions\/5069"}],"up":[{"embeddable":true,"href":"https:\/\/arlcluj.ro\/de\/wp-json\/wp\/v2\/pages\/4041"}],"wp:attachment":[{"href":"https:\/\/arlcluj.ro\/de\/wp-json\/wp\/v2\/media?parent=4062"}],"curies":[{"name":"wp","href":"https:\/\/api.w.org\/{rel}","templated":true}]}}