{"id":4060,"date":"2015-06-18T13:46:45","date_gmt":"2015-06-18T13:46:45","guid":{"rendered":"http:\/\/arlcluj.ro\/?page_id=4060&#038;lang=de"},"modified":"2015-12-08T17:37:22","modified_gmt":"2015-12-08T15:37:22","slug":"vertrieb-von-asphaltmischungen","status":"publish","type":"page","link":"https:\/\/arlcluj.ro\/de\/taetigkeitsbereiche\/vertrieb-von-asphaltmischungen\/","title":{"rendered":"Vertrieb von Asphaltmischungen"},"content":{"rendered":"<div  class=\"content_row row vc_row wpb_row vc_row-fluid default-style default overlap\" >\n\t\n\t<div class=\"content_row_wrapper  default\" >\n\t<div class=\"vc_col-sm-12 wpb_column vc_column_container global-style\" >\n\t\t<div class=\"wpb_wrapper\">\n\t\t\t\t \n\t\t<div  class=\"border_grid photo_gallery \" data-rt-animate=\"animate\" data-rt-animation-type=\"fadeInDown\">\n\t\t\t<div class=\"row fixed_heights\">\n\t\t<div  class=\"col col-sm-3 col-xs-12 \"> \t\t\n \t\t\t<img src=\"https:\/\/arlcluj.ro\/wp-content\/uploads\/2015\/06\/mixturi-1-480x323.jpg\" class=\"img-responsive\" alt=\"\"> \n \t\t\t\n\t\t<\/div>\n\t\n\t\t<div  class=\"col col-sm-3 col-xs-12 \"> \t\t\n \t\t\t<img src=\"https:\/\/arlcluj.ro\/wp-content\/uploads\/2015\/06\/mixturi-2-480x320.jpg\" class=\"img-responsive\" alt=\"\"> \n \t\t\t\n\t\t<\/div>\n\t\n\t\t<div  class=\"col col-sm-3 col-xs-12 \"> \t\t\n \t\t\t<img src=\"https:\/\/arlcluj.ro\/wp-content\/uploads\/2015\/06\/mixturi-3-480x323.jpg\" class=\"img-responsive\" alt=\"\"> \n \t\t\t\n\t\t<\/div>\n\t\n\t\t<div  class=\"col col-sm-3 col-xs-12 \"> \t\t\n \t\t\t<img src=\"https:\/\/arlcluj.ro\/wp-content\/uploads\/2015\/06\/mixturi-4-480x323.jpg\" class=\"img-responsive\" alt=\"\"> \n \t\t\t\n\t\t<\/div>\n\t<\/div>\n\t\t<\/div>\n\t\n\n\t\t<\/div>\n\t<\/div>\n\n<\/div>\n<\/div>\n\n<div  class=\"content_row row vc_row wpb_row vc_row-fluid default-style default\" >\n\t\n\t<div class=\"content_row_wrapper  default\" style=\"padding-bottom:90px;\">\n\t<div class=\"vc_col-sm-12 wpb_column vc_column_container\" >\n\t\t<div class=\"wpb_wrapper\">\n\t\t\t\n\t<div class=\"wpb_text_column wpb_content_element \">\n\t\t<div class=\"wpb_wrapper\">\n\t\t\t<p>Die von unserer Firma hergestellte Mischgutsorten werden in vier moderne Asphalt-Stationen vorbereitet, welche sich an den Standorten S\u00e2nicoar\u0103 Kreis Cluj, Mogo\u015feni Kreis Bistri\u0163a N\u0103s\u0103ud, Oradea Kreis Bihor und T\u0103u\u0163ii M\u0103gherau\u015f Kreis Maramure\u015f befinden. Auf Kundenwunsch produzieren wir mit normalen oder mit polymermodifizierten Bitumensorten.<\/p>\n<p>Arl Cluj produziert und vermarktet eine breite Auswahl von Mischgut gemaess EN13108 und AND 605.<\/p>\n\n\t\t<\/div> \n\t<\/div> \n\n\t\t<\/div>\n\t<\/div>\n\n<\/div>\n<\/div>\n","protected":false},"excerpt":{"rendered":"Die von unserer Firma hergestellte Mischgutsorten werden in vier moderne Asphalt-Stationen vorbereitet, welche sich an den Standorten S\u00e2nicoar\u0103 Kreis Cluj, Mogo\u015feni Kreis Bistri\u0163a N\u0103s\u0103ud, Oradea Kreis Bihor und T\u0103u\u0163ii M\u0103gherau\u015f Kreis Maramure\u015f befinden. Auf Kundenwunsch produzieren wir mit normalen oder mit polymermodifizierten Bitumensorten. Arl Cluj produziert und vermarktet eine breite Auswahl von Mischgut gemaess EN13108 [...]","protected":false},"author":1,"featured_media":0,"parent":4041,"menu_order":0,"comment_status":"open","ping_status":"open","template":"","meta":[],"_links":{"self":[{"href":"https:\/\/arlcluj.ro\/de\/wp-json\/wp\/v2\/pages\/4060"}],"collection":[{"href":"https:\/\/arlcluj.ro\/de\/wp-json\/wp\/v2\/pages"}],"about":[{"href":"https:\/\/arlcluj.ro\/de\/wp-json\/wp\/v2\/types\/page"}],"author":[{"embeddable":true,"href":"https:\/\/arlcluj.ro\/de\/wp-json\/wp\/v2\/users\/1"}],"replies":[{"embeddable":true,"href":"https:\/\/arlcluj.ro\/de\/wp-json\/wp\/v2\/comments?post=4060"}],"version-history":[{"count":10,"href":"https:\/\/arlcluj.ro\/de\/wp-json\/wp\/v2\/pages\/4060\/revisions"}],"predecessor-version":[{"id":5105,"href":"https:\/\/arlcluj.ro\/de\/wp-json\/wp\/v2\/pages\/4060\/revisions\/5105"}],"up":[{"embeddable":true,"href":"https:\/\/arlcluj.ro\/de\/wp-json\/wp\/v2\/pages\/4041"}],"wp:attachment":[{"href":"https:\/\/arlcluj.ro\/de\/wp-json\/wp\/v2\/media?parent=4060"}],"curies":[{"name":"wp","href":"https:\/\/api.w.org\/{rel}","templated":true}]}}