{"id":4058,"date":"2015-06-18T13:46:22","date_gmt":"2015-06-18T13:46:22","guid":{"rendered":"http:\/\/arlcluj.ro\/?page_id=4058&#038;lang=de"},"modified":"2015-10-22T09:51:36","modified_gmt":"2015-10-22T06:51:36","slug":"wasserversorgung-kanalisation-klaeranlagen","status":"publish","type":"page","link":"https:\/\/arlcluj.ro\/de\/taetigkeitsbereiche\/wasserversorgung-kanalisation-klaeranlagen\/","title":{"rendered":"Wasserversorgung, Kanalisation und Kl\u00e4ranlagen"},"content":{"rendered":"<div  class=\"content_row row vc_row wpb_row vc_row-fluid default-style default border_grid fixed_heights overlap\" >\n\t\n\t<div class=\"content_row_wrapper  default\" >\n\t<div class=\"vc_col-sm-12 wpb_column vc_column_container global-style\" >\n\t\t<div class=\"wpb_wrapper\">\n\t\t\t\t \n\t\t<div  class=\"border_grid photo_gallery \" data-rt-animate=\"animate\" data-rt-animation-type=\"fadeInDown\">\n\t\t\t<div class=\"row fixed_heights\">\n\t\t<div  class=\"col col-sm-3 col-xs-12 \"> \t\t\n \t\t\t<img src=\"https:\/\/arlcluj.ro\/wp-content\/uploads\/2015\/06\/canalizare-1-480x323.jpg\" class=\"img-responsive\" alt=\"\"> \n \t\t\t\n\t\t<\/div>\n\t\n\t\t<div  class=\"col col-sm-3 col-xs-12 \"> \t\t\n \t\t\t<img src=\"https:\/\/arlcluj.ro\/wp-content\/uploads\/2015\/06\/canalizare-2-480x320.jpg\" class=\"img-responsive\" alt=\"\"> \n \t\t\t\n\t\t<\/div>\n\t\n\t\t<div  class=\"col col-sm-3 col-xs-12 \"> \t\t\n \t\t\t<img src=\"https:\/\/arlcluj.ro\/wp-content\/uploads\/2015\/06\/canalizare-3-480x323.jpg\" class=\"img-responsive\" alt=\"\"> \n \t\t\t\n\t\t<\/div>\n\t\n\t\t<div  class=\"col col-sm-3 col-xs-12 \"> \t\t\n \t\t\t<img src=\"https:\/\/arlcluj.ro\/wp-content\/uploads\/2015\/06\/canalizare-4-480x320.jpg\" class=\"img-responsive\" alt=\"\"> \n \t\t\t\n\t\t<\/div>\n\t<\/div>\n\t\t<\/div>\n\t\n\n\t\t<\/div>\n\t<\/div>\n\n<\/div>\n<\/div>\n\n<div  class=\"content_row row vc_row wpb_row vc_row-fluid default-style default\" >\n\t\n\t<div class=\"content_row_wrapper  default\" style=\"padding-bottom:90px;\">\n\t<div class=\"vc_col-sm-12 wpb_column vc_column_container\" >\n\t\t<div class=\"wpb_wrapper\">\n\t\t\t\n\t<div class=\"wpb_text_column wpb_content_element \">\n\t\t<div class=\"wpb_wrapper\">\n\t\t\t<p>Von den ausgef\u00fchrten Tiefbauarbeiten der ARL Cluj, seien folgende genannt:<\/p>\n<ul>\n<li>Wasserversorgung und Abwasserentsorgung in den Ortschaften der Dorfgemeinde B\u00e2rs\u0103u, Kreis. Satu Mare<\/li>\n<li>Abwasserentsorgungssystem in \u00a0M\u0103guri R\u0103c\u0103t\u0103u<\/li>\n<li>Erweiterung des Abwassernetzes sowie kompletter Strassenbau und Modernisierung des Stadtplatzes in Rodna, Kreis Bistri\u0163a Nasaud.<\/li>\n<\/ul>\n<p>Derzeit in Ausf\u00fchrung befindliche Projekte:<\/p>\n<ul>\n<li>Wasserversorgung und Abwasserentsorgung f\u00fcr die D\u00f6rfer Berindu und Mih\u0103e\u015fti der Dorfgemeinde S\u00e2npaul, Kreis Cluj<\/li>\n<li>Wasserversorgung in der Dorfgemeinde S\u00e2nmihaiu de C\u00e2mpie, D\u00f6rfer: S\u0103lcu\u021ba, Zoreni, Stupini, La Curte, Br\u0103teni und S\u00e2nmihaiu de C\u00e2mpie, Kreis Bistri\u021ba N\u0103s\u0103ud<\/li>\n<li>38,7 km Abwasserentsorgungsnetz in der Ortschaft Dezmir \u00a0und partiell in den D\u00f6rfer S\u00e2nnicoara und Apahida, Kreis Cluj<\/li>\n<li>18 km Abwasserentsorgungsnetz in der Ortschaft Nu\u015ffal\u0103u, Kreis S\u0103laj<\/li>\n<li>Erweiterung des Abwasserleitungsnetzes in der Ortschaft P\u0103ule\u0219ti, Kreis Satu Mare, auf den Stra\u00dfen Jokai Mor, Unirii, Viorele 1,2,3,4, R\u00e2ndunelelor, Prim\u0103verii<\/li>\n<\/ul>\n\n\t\t<\/div> \n\t<\/div> \n\n\t\t<\/div>\n\t<\/div>\n\n<\/div>\n<\/div>\n","protected":false},"excerpt":{"rendered":"Von den ausgef\u00fchrten Tiefbauarbeiten der ARL Cluj, seien folgende genannt: Wasserversorgung und Abwasserentsorgung in den Ortschaften der Dorfgemeinde B\u00e2rs\u0103u, Kreis. Satu Mare Abwasserentsorgungssystem in \u00a0M\u0103guri R\u0103c\u0103t\u0103u Erweiterung des Abwassernetzes sowie kompletter Strassenbau und Modernisierung des Stadtplatzes in Rodna, Kreis Bistri\u0163a Nasaud. Derzeit in Ausf\u00fchrung befindliche Projekte: Wasserversorgung und Abwasserentsorgung f\u00fcr die D\u00f6rfer Berindu und Mih\u0103e\u015fti [...]","protected":false},"author":1,"featured_media":0,"parent":4041,"menu_order":0,"comment_status":"open","ping_status":"open","template":"","meta":[],"_links":{"self":[{"href":"https:\/\/arlcluj.ro\/de\/wp-json\/wp\/v2\/pages\/4058"}],"collection":[{"href":"https:\/\/arlcluj.ro\/de\/wp-json\/wp\/v2\/pages"}],"about":[{"href":"https:\/\/arlcluj.ro\/de\/wp-json\/wp\/v2\/types\/page"}],"author":[{"embeddable":true,"href":"https:\/\/arlcluj.ro\/de\/wp-json\/wp\/v2\/users\/1"}],"replies":[{"embeddable":true,"href":"https:\/\/arlcluj.ro\/de\/wp-json\/wp\/v2\/comments?post=4058"}],"version-history":[{"count":10,"href":"https:\/\/arlcluj.ro\/de\/wp-json\/wp\/v2\/pages\/4058\/revisions"}],"predecessor-version":[{"id":4882,"href":"https:\/\/arlcluj.ro\/de\/wp-json\/wp\/v2\/pages\/4058\/revisions\/4882"}],"up":[{"embeddable":true,"href":"https:\/\/arlcluj.ro\/de\/wp-json\/wp\/v2\/pages\/4041"}],"wp:attachment":[{"href":"https:\/\/arlcluj.ro\/de\/wp-json\/wp\/v2\/media?parent=4058"}],"curies":[{"name":"wp","href":"https:\/\/api.w.org\/{rel}","templated":true}]}}