{"id":4054,"date":"2015-06-18T13:33:54","date_gmt":"2015-06-18T13:33:54","guid":{"rendered":"http:\/\/arlcluj.ro\/?page_id=4054&#038;lang=de"},"modified":"2015-10-21T17:46:10","modified_gmt":"2015-10-21T14:46:10","slug":"unternehmenswerte","status":"publish","type":"page","link":"https:\/\/arlcluj.ro\/de\/ueber-uns\/unternehmenswerte\/","title":{"rendered":"Unternehmenswerte"},"content":{"rendered":"<div  class=\"content_row row vc_row wpb_row vc_row-fluid default-style default overlap\" >\n\t\n\t<div class=\"content_row_wrapper  default\" >\n\t<div class=\"vc_col-sm-12 wpb_column vc_column_container global-style\" >\n\t\t<div class=\"wpb_wrapper\">\n\t\t\t\t \n\t\t<div  class=\"border_grid photo_gallery \" data-rt-animate=\"animate\" data-rt-animation-type=\"fadeInDown\">\n\t\t\t<div class=\"row fixed_heights\">\n\t\t<div  class=\"col col-sm-3 col-xs-12 \"> \t\t\n \t\t\t<img src=\"https:\/\/arlcluj.ro\/wp-content\/uploads\/2015\/06\/valori-1-480x320.jpg\" class=\"img-responsive\" alt=\"\"> \n \t\t\t\n\t\t<\/div>\n\t\n\t\t<div  class=\"col col-sm-3 col-xs-12 \"> \t\t\n \t\t\t<img src=\"https:\/\/arlcluj.ro\/wp-content\/uploads\/2015\/06\/valori-2-480x320.jpg\" class=\"img-responsive\" alt=\"\"> \n \t\t\t\n\t\t<\/div>\n\t\n\t\t<div  class=\"col col-sm-3 col-xs-12 \"> \t\t\n \t\t\t<img src=\"https:\/\/arlcluj.ro\/wp-content\/uploads\/2015\/06\/valori-3-480x320.jpg\" class=\"img-responsive\" alt=\"\"> \n \t\t\t\n\t\t<\/div>\n\t\n\t\t<div  class=\"col col-sm-3 col-xs-12 \"> \t\t\n \t\t\t<img src=\"https:\/\/arlcluj.ro\/wp-content\/uploads\/2015\/06\/valori-4-480x320.jpg\" class=\"img-responsive\" alt=\"\"> \n \t\t\t\n\t\t<\/div>\n\t<\/div>\n\t\t<\/div>\n\t\n\n\t\t<\/div>\n\t<\/div>\n\n<\/div>\n<\/div>\n\n<div  class=\"content_row row vc_row wpb_row vc_row-fluid default-style default border_grid fixed_heights\" >\n\t\n\t<div class=\"content_row_wrapper  default\" style=\"padding-top:0px;padding-bottom:0px;\"><div class=\"vc_col-sm-6 wpb_column vc_column_container global-style\" >\n\t\t<div class=\"wpb_wrapper\">\n\t\t\t<div class=\"rt_heading_wrapper style-1\">\n\t\t\t\t\t\t\n\t\t\t\t\t\t<h2 class=\"rt_heading  style-1\" >Integrit\u00e4t<\/h2>\n\t\t\t\t\t<\/div>\n\t<div class=\"wpb_text_column wpb_content_element \">\n\t\t<div class=\"wpb_wrapper\">\n\t\t\t<p>Unser Verhalten gegen\u00fcber unseren Kunden, Aktion\u00e4ren, Mitarbeitern, Lieferanten, Subunternehmeren, Regierungsbeh\u00f6rden und Regulierungsbeh\u00f6rden, Mitbewerberen, Medien und gegen\u00fcber der Gesellschaft als Ganzes ist einwandfrei.<\/p>\n\n\t\t<\/div> \n\t<\/div>\n\n\t\t<\/div>\n\t<\/div>\n\n\t<div class=\"vc_col-sm-6 wpb_column vc_column_container global-style\" >\n\t\t<div class=\"wpb_wrapper\">\n\t\t\t<div class=\"rt_heading_wrapper style-1\">\n\t\t\t\t\t\t\n\t\t\t\t\t\t<h2 class=\"rt_heading  style-1\" >Verantwortung<\/h2>\n\t\t\t\t\t<\/div>\n\t<div class=\"wpb_text_column wpb_content_element \">\n\t\t<div class=\"wpb_wrapper\">\n\t\t\t<p>Wir erf\u00fcllen unsere Verpflichtungen und \u00fcbernehmen Verantwortung f\u00fcr unser Handeln. Wir versprechen nur, was wir halten k\u00f6nnen.<\/p>\n\n\t\t<\/div> \n\t<\/div>\n\n\t\t<\/div>\n\t<\/div>\n<\/div>\n<\/div>\n\n<div  class=\"content_row row vc_row wpb_row vc_row-fluid default-style default\" >\n\t\n\t<div class=\"content_row_wrapper  default\" style=\"padding-top:0px;padding-bottom:0px;\"><div class=\"vc_col-sm-6 wpb_column vc_column_container global-style\" >\n\t\t<div class=\"wpb_wrapper\">\n\t\t\t<div  class=\"rt_divider style-4 \" ><\/div>\n\n\t\t<\/div>\n\t<\/div>\n\n\t<div class=\"vc_col-sm-6 wpb_column vc_column_container global-style\" >\n\t\t<div class=\"wpb_wrapper\">\n\t\t\t<div  class=\"rt_divider style-4 \" ><\/div>\n\n\t\t<\/div>\n\t<\/div>\n<\/div>\n<\/div>\n\n<div  class=\"content_row row vc_row wpb_row vc_row-fluid default-style default border_grid fixed_heights\" >\n\t\n\t<div class=\"content_row_wrapper  default\" style=\"padding-bottom:0px;\"><div class=\"vc_col-sm-6 wpb_column vc_column_container global-style\" style=\"padding-bottom:0px;\">\n\t\t<div class=\"wpb_wrapper\">\n\t\t\t<div class=\"rt_heading_wrapper style-1\">\n\t\t\t\t\t\t\n\t\t\t\t\t\t<h2 class=\"rt_heading  style-1\" >Korektheit<\/h2>\n\t\t\t\t\t<\/div>\n\t<div class=\"wpb_text_column wpb_content_element \">\n\t\t<div class=\"wpb_wrapper\">\n\t\t\t<p>Wir sind h\u00f6flich und behandeln alle Vertragsparteien und Stakeholder mit Professionalit\u00e4t und in \u00dcbereinstimmung mit dem jeweiligen Status des Einzelnen. Wir f\u00f6rdern die Chancengleichheit und schaffen eine Umfeld des fairen Verhaltens und frei von jeglicher Bel\u00e4stigungsform.<\/p>\n\n\t\t<\/div> \n\t<\/div>\n\n\t\t<\/div>\n\t<\/div>\n\n\t<div class=\"vc_col-sm-6 wpb_column vc_column_container global-style\" style=\"padding-bottom:0px;\">\n\t\t<div class=\"wpb_wrapper\">\n\t\t\t<div class=\"rt_heading_wrapper style-1\">\n\t\t\t\t\t\t\n\t\t\t\t\t\t<h2 class=\"rt_heading  style-1\" >\u00dcbereinstimmung<\/h2>\n\t\t\t\t\t<\/div>\n\t<div class=\"wpb_text_column wpb_content_element \">\n\t\t<div class=\"wpb_wrapper\">\n\t\t\t<p>Wir erkennen die Bedeutung aller anwendbaren Gesetze, Vorschriften, Richtlinien und internen sowie externen Standards an und halten diese genau ein.<\/p>\n\n\t\t<\/div> \n\t<\/div>\n\n\t\t<\/div>\n\t<\/div>\n<\/div>\n<\/div>\n\n<div  class=\"content_row row vc_row wpb_row vc_row-fluid default-style default\" >\n\t\n\t<div class=\"content_row_wrapper  default\" style=\"padding-top:0px;padding-bottom:0px;\"><div class=\"vc_col-sm-6 wpb_column vc_column_container global-style\" >\n\t\t<div class=\"wpb_wrapper\">\n\t\t\t<div  class=\"rt_divider style-4 \" ><\/div>\n\n\t\t<\/div>\n\t<\/div>\n\n\t<div class=\"vc_col-sm-6 wpb_column vc_column_container global-style\" >\n\t\t<div class=\"wpb_wrapper\">\n\t\t\t<div  class=\"rt_divider style-4 \" ><\/div>\n\n\t\t<\/div>\n\t<\/div>\n<\/div>\n<\/div>\n\n<div  class=\"content_row row vc_row wpb_row vc_row-fluid default-style default\" >\n\t\n\t<div class=\"content_row_wrapper  default\" style=\"padding-bottom:90px;\">\n\t<div class=\"vc_col-sm-6 wpb_column vc_column_container global-style\" >\n\t\t<div class=\"wpb_wrapper\">\n\t\t\t<div class=\"rt_heading_wrapper style-1\">\n\t\t\t\t\t\t\n\t\t\t\t\t\t<h2 class=\"rt_heading  style-1\" >Transparenz<\/h2>\n\t\t\t\t\t<\/div>\n\t<div class=\"wpb_text_column wpb_content_element \">\n\t\t<div class=\"wpb_wrapper\">\n\t\t\t<p>Mit Respekt und Professionalit\u00e4t f\u00f6rdern wir den konstruktiven, offenen und transparenten Dialog \u00a0mit den Vertragsparteien und Stakeholdern.<\/p>\n\n\t\t<\/div> \n\t<\/div>\n\n\t\t<\/div>\n\t<\/div>\n\n<\/div>\n<\/div>\n","protected":false},"excerpt":{"rendered":"Integrit\u00e4t Unser Verhalten gegen\u00fcber unseren Kunden, Aktion\u00e4ren, Mitarbeitern, Lieferanten, Subunternehmeren, Regierungsbeh\u00f6rden und Regulierungsbeh\u00f6rden, Mitbewerberen, Medien und gegen\u00fcber der Gesellschaft als Ganzes ist einwandfrei. Verantwortung Wir erf\u00fcllen unsere Verpflichtungen und \u00fcbernehmen Verantwortung f\u00fcr unser Handeln. Wir versprechen nur, was wir halten k\u00f6nnen. Korektheit Wir sind h\u00f6flich und behandeln alle Vertragsparteien und Stakeholder mit Professionalit\u00e4t und in [...]","protected":false},"author":1,"featured_media":0,"parent":4037,"menu_order":0,"comment_status":"open","ping_status":"open","template":"","meta":[],"_links":{"self":[{"href":"https:\/\/arlcluj.ro\/de\/wp-json\/wp\/v2\/pages\/4054"}],"collection":[{"href":"https:\/\/arlcluj.ro\/de\/wp-json\/wp\/v2\/pages"}],"about":[{"href":"https:\/\/arlcluj.ro\/de\/wp-json\/wp\/v2\/types\/page"}],"author":[{"embeddable":true,"href":"https:\/\/arlcluj.ro\/de\/wp-json\/wp\/v2\/users\/1"}],"replies":[{"embeddable":true,"href":"https:\/\/arlcluj.ro\/de\/wp-json\/wp\/v2\/comments?post=4054"}],"version-history":[{"count":7,"href":"https:\/\/arlcluj.ro\/de\/wp-json\/wp\/v2\/pages\/4054\/revisions"}],"predecessor-version":[{"id":4871,"href":"https:\/\/arlcluj.ro\/de\/wp-json\/wp\/v2\/pages\/4054\/revisions\/4871"}],"up":[{"embeddable":true,"href":"https:\/\/arlcluj.ro\/de\/wp-json\/wp\/v2\/pages\/4037"}],"wp:attachment":[{"href":"https:\/\/arlcluj.ro\/de\/wp-json\/wp\/v2\/media?parent=4054"}],"curies":[{"name":"wp","href":"https:\/\/api.w.org\/{rel}","templated":true}]}}