{"id":4050,"date":"2015-06-18T13:32:34","date_gmt":"2015-06-18T13:32:34","guid":{"rendered":"http:\/\/arlcluj.ro\/?page_id=4050&#038;lang=de"},"modified":"2015-10-21T17:42:08","modified_gmt":"2015-10-21T14:42:08","slug":"geschichte","status":"publish","type":"page","link":"https:\/\/arlcluj.ro\/de\/ueber-uns\/geschichte\/","title":{"rendered":"Geschichte"},"content":{"rendered":"\n<div  class=\"content_row row vc_row wpb_row vc_row-fluid default-style default overlap\" >\n\t\n\t<div class=\"content_row_wrapper  default\" style=\"padding-bottom:90px;\">\n\t<div class=\"vc_col-sm-12 wpb_column vc_column_container global-style\" >\n\t\t<div class=\"wpb_wrapper\">\n\t\t\t<section  class=\"timeline  \">\n\t\t\t \n\t\t<div  >\n\t\t\t \n\t\t<span class=\"event-date\">\n\t\t\t<span class=\"day\"><\/span>\n\t\t\t<span class=\"month\"><\/span>\n\t\t\t<span class=\"year\">1994<\/span>\n\t\t<\/span>\n\t<div class=\"event-details\"><p>Die Gesellschaft Antrepriza de Repara\u0163ii \u015fi Lucr\u0103ri entsteht im Jahr 1994 als ein organisatorisch gesehen eigenst\u00e4ndiger Teil , aber ohne eigene Rechtspers\u00f6nlichkeit. Sie ist der DRDP Cluj untergeordnet und hat bei der Gr\u00fcndung die organisatorische Struktur f\u00fcr die Ausf\u00fchrung von Stra\u00dfenbauarbeiten \u00fcbernommen.<\/p>\n<\/div>\n\t\t<\/div>\n\t\t \n\t\t<div  >\n\t\t\t \n\t\t<span class=\"event-date\">\n\t\t\t<span class=\"day\"><\/span>\n\t\t\t<span class=\"month\"><\/span>\n\t\t\t<span class=\"year\">1997<\/span>\n\t\t<\/span>\n\t<div class=\"event-details\"><p>ARL Cluj-Napoca wird zur Handelsgesellschaft mit eigener Rechtspers\u00f6nlichkeit aufgrund von \u00a0Umstrukturierung in der staatlichen Stra\u00dfenverwaltung &#8211; Regionaldirektion f\u00fcr Stra\u00dfen- und Br\u00fcckenbau Cluj.<\/p>\n<\/div>\n\t\t<\/div>\n\t\t \n\t\t<div  >\n\t\t\t \n\t\t<span class=\"event-date\">\n\t\t\t<span class=\"day\"><\/span>\n\t\t\t<span class=\"month\"><\/span>\n\t\t\t<span class=\"year\">2007<\/span>\n\t\t<\/span>\n\t<div class=\"event-details\"><p>Der \u00f6sterreichische Baukonzern STRABAG hat die Ausschreibung f\u00fcr die Privatisierung der Gesellschaft Antrepriza de Reparatii si Lucrari (ARL) Cluj gewonnen und somit das Aktienpaket in H\u00f6he von 5,2 Millionen Euro erworben. Strabag AG ist eines der gr\u00f6\u00dften Bauunternehmen in Europa, mit internationaler Erfahrung in der Bauindustrie. In den letzten zehn Jahren hat das Unternehmen seine Investitionen in den Schwellenl\u00e4ndern gezielt verst\u00e4rkt und somit Beteiligungen an verschiedenen Unternehmen im selben Gesch\u00e4ftsbereich in diesen L\u00e4ndern erworben.<\/p>\n<\/div>\n\t\t<\/div>\n\t\t \n\t\t<div  >\n\t\t\t \n\t\t<span class=\"event-date\">\n\t\t\t<span class=\"day\"><\/span>\n\t\t\t<span class=\"month\"><\/span>\n\t\t\t<span class=\"year\">Derzeitig<\/span>\n\t\t<\/span>\n\t<div class=\"event-details\"><p>Derzeit sind die Anteile der Aktieninhaber an Gewinn und Verlust, wie folgt aufgeteilt:<br \/>\n&#8211; STRABAG AG &#8211; \u00d6sterreich ist Hauptaktion\u00e4r mit 98,59489661%;<br \/>\n&#8211; SBS STRABAG BAU HOLDING SERVICE GMBH besitzt 0,00001924%;<br \/>\n&#8211; Das VERKEHRSMINISTERIUM besitzt \u00a01,40508415%.<\/p>\n<p>Das Gesellschaftskapital betr\u00e4gt 64.973.688,50 RON.<\/p>\n<p>Die Gesellschaft hat Niederlassungen in folgenden Landkreisen eingetragen: Cluj, Alba, Bihor, Bistrita-Nasaud, Salaj, Satu-Mare und Maramures.<\/p>\n<\/div>\n\t\t<\/div>\n\t\n\t\t<\/section>\n\n\t\t<\/div>\n\t<\/div>\n\n<\/div>\n<\/div>\n\n","protected":false},"excerpt":{"rendered":"1994 Die Gesellschaft Antrepriza de Repara\u0163ii \u015fi Lucr\u0103ri entsteht im Jahr 1994 als ein organisatorisch gesehen eigenst\u00e4ndiger Teil , aber ohne eigene Rechtspers\u00f6nlichkeit. Sie ist der DRDP Cluj untergeordnet und hat bei der Gr\u00fcndung die organisatorische Struktur f\u00fcr die Ausf\u00fchrung von Stra\u00dfenbauarbeiten \u00fcbernommen. 1997 ARL Cluj-Napoca wird zur Handelsgesellschaft mit eigener Rechtspers\u00f6nlichkeit aufgrund von \u00a0Umstrukturierung [...]","protected":false},"author":1,"featured_media":0,"parent":4037,"menu_order":0,"comment_status":"open","ping_status":"open","template":"","meta":[],"_links":{"self":[{"href":"https:\/\/arlcluj.ro\/de\/wp-json\/wp\/v2\/pages\/4050"}],"collection":[{"href":"https:\/\/arlcluj.ro\/de\/wp-json\/wp\/v2\/pages"}],"about":[{"href":"https:\/\/arlcluj.ro\/de\/wp-json\/wp\/v2\/types\/page"}],"author":[{"embeddable":true,"href":"https:\/\/arlcluj.ro\/de\/wp-json\/wp\/v2\/users\/1"}],"replies":[{"embeddable":true,"href":"https:\/\/arlcluj.ro\/de\/wp-json\/wp\/v2\/comments?post=4050"}],"version-history":[{"count":9,"href":"https:\/\/arlcluj.ro\/de\/wp-json\/wp\/v2\/pages\/4050\/revisions"}],"predecessor-version":[{"id":4870,"href":"https:\/\/arlcluj.ro\/de\/wp-json\/wp\/v2\/pages\/4050\/revisions\/4870"}],"up":[{"embeddable":true,"href":"https:\/\/arlcluj.ro\/de\/wp-json\/wp\/v2\/pages\/4037"}],"wp:attachment":[{"href":"https:\/\/arlcluj.ro\/de\/wp-json\/wp\/v2\/media?parent=4050"}],"curies":[{"name":"wp","href":"https:\/\/api.w.org\/{rel}","templated":true}]}}