{"id":4048,"date":"2015-02-22T01:24:55","date_gmt":"2015-02-21T23:24:55","guid":{"rendered":"http:\/\/arlcluj.ro\/?page_id=4048&#038;lang=de"},"modified":"2023-11-15T11:52:26","modified_gmt":"2023-11-15T09:52:26","slug":"echipa-manageriala","status":"publish","type":"page","link":"https:\/\/arlcluj.ro\/de\/ueber-uns\/echipa-manageriala\/","title":{"rendered":"Management-Team"},"content":{"rendered":"<div  class=\"content_row row vc_row wpb_row vc_row-fluid default-style default overlap\" >\n\t\n\t<div class=\"content_row_wrapper  default\" style=\"padding-bottom:0px;\">\n\t<div class=\"vc_col-sm-12 wpb_column vc_column_container global-style\" >\n\t\t<div class=\"wpb_wrapper\">\n\t\t\t<div class=\"rt_heading_wrapper style-4\">\n\t\t\t\t\t\t\n\t\t\t\t\t\t<h4 class=\"rt_heading  style-4\" >Echipa managerial\u0103<\/h4>\n\t\t\t\t\t<\/div>\n\n\t\t<\/div>\n\t<\/div>\n\n<\/div>\n<\/div>\n\n<div  class=\"content_row row vc_row wpb_row vc_row-fluid default-style default border_grid fixed_heights\" >\n\t\n\t<div class=\"content_row_wrapper  default\" style=\"padding-top:0px;\"><div class=\"vc_col-sm-6 wpb_column vc_column_container global-style\" >\n\t\t<div class=\"wpb_wrapper\">\n\t\t\t<p><article  class=\"image-content-box content-box box-style-1 center\"><div class=\"featured_image_holder\"><img class=\"img-responsive\" src=\"https:\/\/arlcluj.ro\/wp-content\/uploads\/2015\/02\/Mihancea-D-es.jpg\" alt=\"\" \/><\/div><div class=\"text-holder\"><h4 class=\"heading\">Dan Lucian Mihancea<\/h4> <p>Director General \/ Pre\u015fedinte Consiliul de Administra\u0163ie<\/p>\n<\/div><\/article><div  class=\"rt_divider style-4 \" ><\/div>\n\n\t\t<\/div>\n\t<\/div>\n\n\t<div class=\"vc_col-sm-6 wpb_column vc_column_container global-style\" >\n\t\t<div class=\"wpb_wrapper\">\n\t\t\t<p><article  class=\"image-content-box content-box box-style-1 center\"><div class=\"featured_image_holder\"><img class=\"img-responsive\" src=\"https:\/\/arlcluj.ro\/wp-content\/uploads\/2015\/02\/13-e1700038670283.jpg\" alt=\"\" \/><\/div><div class=\"text-holder\"><h4 class=\"heading\">Vasilica Nistor<\/h4> <p>Director Economic<\/p>\n<\/div><\/article><div  class=\"rt_divider style-4 \" ><\/div>\n\n\t\t<\/div>\n\t<\/div>\n<\/div>\n<\/div>\n\n<div  class=\"content_row row vc_row wpb_row vc_row-fluid default-style default border_grid fixed_heights\" >\n\t\n\t<div class=\"content_row_wrapper  default\" style=\"padding-top:0px;padding-bottom:40px;\"><div class=\"vc_col-sm-4 wpb_column vc_column_container global-style\" >\n\t\t<div class=\"wpb_wrapper\">\n\t\t\t<p><article  class=\"image-content-box content-box box-style-1 center\"><div class=\"featured_image_holder\"><img class=\"img-responsive\" src=\"https:\/\/arlcluj.ro\/wp-content\/uploads\/2021\/06\/Marcel-Chis-e1623761503929.jpg\" alt=\"\" \/><\/div><div class=\"text-holder\"><h4 class=\"heading\">Marcel Ioan Chi\u015f <\/h4> <p>\u015eef Departament Achizi\u0163ii<\/p>\n<\/div><\/article><div  class=\"rt_divider style-4 \" ><\/div>\n\n\t\t<\/div>\n\t<\/div>\n\n\t<div class=\"vc_col-sm-4 wpb_column vc_column_container global-style\" >\n\t\t<div class=\"wpb_wrapper\">\n\t\t\t<p><article  class=\"image-content-box content-box box-style-1 center\"><div class=\"featured_image_holder\"><img class=\"img-responsive\" src=\"https:\/\/arlcluj.ro\/wp-content\/uploads\/2019\/05\/60929767_687119535059354_3848234849756250112_n-e1558621855829.jpg\" alt=\"\" \/><\/div><div class=\"text-holder\"><h4 class=\"heading\">Paul Istr\u0103tescu<\/h4> <p>\u015eef Departament Controlling<\/p>\n<\/div><\/article><div  class=\"rt_divider style-4 \" ><\/div>\n\n\t\t<\/div>\n\t<\/div>\n\n\t<div class=\"vc_col-sm-4 wpb_column vc_column_container global-style\" >\n\t\t<div class=\"wpb_wrapper\">\n\t\t\t<p><article  class=\"image-content-box content-box box-style-1 center\"><div class=\"featured_image_holder\"><img class=\"img-responsive\" src=\"https:\/\/arlcluj.ro\/wp-content\/uploads\/2021\/06\/tudor-e1623762221735.jpg\" alt=\"\" \/><\/div><div class=\"text-holder\"><h4 class=\"heading\">Tudor B\u0103ru\u0163\u0103 <\/h4> <p>\u015eef Departament Licita\u0163ii<\/p>\n<\/div><\/article><div  class=\"rt_divider style-4 \" ><\/div>\n\n\t\t<\/div>\n\t<\/div>\n<\/div>\n<\/div>\n\n<div  class=\"content_row row vc_row wpb_row vc_row-fluid default-style default border_grid fixed_heights\" >\n\t\n\t<div class=\"content_row_wrapper  default\" style=\"padding-top:0px;padding-bottom:40px;\"><div class=\"vc_col-sm-6 wpb_column vc_column_container global-style\" >\n\t\t<div class=\"wpb_wrapper\">\n\t\t\t<p><article  class=\"image-content-box content-box box-style-1 center\"><div class=\"featured_image_holder\"><img class=\"img-responsive\" src=\"https:\/\/arlcluj.ro\/wp-content\/uploads\/2019\/05\/Ioana-1_pp-1-e1558622655326.jpg\" alt=\"\" \/><\/div><div class=\"text-holder\"><h4 class=\"heading\">Ioana Bob<\/h4> <p>\u015eef Departament SSM<\/p>\n<\/div><\/article><div  class=\"rt_divider style-4 \" ><\/div>\n\n\t\t<\/div>\n\t<\/div>\n\n\t<div class=\"vc_col-sm-6 wpb_column vc_column_container global-style\" >\n\t\t<div class=\"wpb_wrapper\">\n\t\t\t<p><article  class=\"image-content-box content-box box-style-1 center\"><div class=\"featured_image_holder\"><img class=\"img-responsive\" src=\"https:\/\/arlcluj.ro\/wp-content\/uploads\/2021\/05\/60850294_471616820249188_4678093703246512128_n-e1620221252267.jpg\" alt=\"\" \/><\/div><div class=\"text-holder\"><h4 class=\"heading\">Karoly Kacso<\/h4> <p>\u015eef Departament Calitate<\/p>\n<\/div><\/article><div  class=\"rt_divider style-4 \" ><\/div>\n\n\t\t<\/div>\n\t<\/div>\n<\/div>\n<\/div>\n\n<div  class=\"content_row row vc_row wpb_row vc_row-fluid default-style default border_grid fixed_heights\" >\n\t\n\t<div class=\"content_row_wrapper  default\" style=\"padding-top:0px;padding-bottom:40px;\"><div class=\"vc_col-sm-6 wpb_column vc_column_container global-style\" >\n\t\t<div class=\"wpb_wrapper\">\n\t\t\t<article  class=\"image-content-box content-box box-style-1 center\"><div class=\"featured_image_holder\"><img class=\"img-responsive\" src=\"https:\/\/arlcluj.ro\/wp-content\/uploads\/2015\/02\/Genis-C-es.jpg\" alt=\"\" \/><\/div><div class=\"text-holder\"><h4 class=\"heading\">Constantin Genis <\/h4> <p>\u015eef Sta\u0163ii de Asfalt \u015fi Mecanizare<\/p>\n<\/div><\/article>\n\n\t\t<\/div>\n\t<\/div>\n\n\t<div class=\"vc_col-sm-6 wpb_column vc_column_container global-style\" >\n\t\t<div class=\"wpb_wrapper\">\n\t\t\t<article  class=\"image-content-box content-box box-style-1 center\"><div class=\"featured_image_holder\"><img class=\"img-responsive\" src=\"https:\/\/arlcluj.ro\/wp-content\/uploads\/2019\/05\/Monica_pp1-e1558622573657.jpg\" alt=\"\" \/><\/div><div class=\"text-holder\"><h4 class=\"heading\">Monica S\u00e2mpalean-Martin<\/h4> <p>\u015eef Departament Resurse Umane<\/p>\n<\/div><\/article>\n\n\t\t<\/div>\n\t<\/div>\n<\/div>\n<\/div>\n\n<div  class=\"content_row row vc_row wpb_row vc_row-fluid default-style default\" >\n\t\n\t<div class=\"content_row_wrapper  default\" >\n\t<div class=\"vc_col-sm-12 wpb_column vc_column_container global-style\" >\n\t\t<div class=\"wpb_wrapper\">\n\t\t\t<div class=\"rt_heading_wrapper style-4\">\n\t\t\t\t\t\t\n\t\t\t\t\t\t<h4 class=\"rt_heading  style-4\" >\u015eefi de grupe \u015fantiere <\/h4>\n\t\t\t\t\t<\/div>\n\n\t\t<\/div>\n\t<\/div>\n\n<\/div>\n<\/div>\n\n<div  class=\"content_row row vc_row wpb_row vc_row-fluid default-style default border_grid fixed_heights\" >\n\t\n\t<div class=\"content_row_wrapper  default\" style=\"padding-top:0px;padding-bottom:40px;\"><div class=\"vc_col-sm-3 wpb_column vc_column_container global-style\" >\n\t\t<div class=\"wpb_wrapper\">\n\t\t\t<div class=\"rt_heading_wrapper style-7\">\n\t\t\t\t\t\t\n\t\t\t\t\t\t<h6 class=\"rt_heading  aligncenter style-7\" >S\u00e2nnicoar\u0103<\/h6>\n\t\t\t\t\t<\/div><div  class=\"rt_divider style-4 \" style=\"margin-top:0px;margin-bottom:20px;\"><\/div><article  class=\"image-content-box content-box box-style-1 center\"><div class=\"featured_image_holder\"><img class=\"img-responsive\" src=\"https:\/\/arlcluj.ro\/wp-content\/uploads\/2019\/05\/60925124_456537551759036_9061886476320505856_n-e1558623433259.jpg\" alt=\"\" \/><\/div><div class=\"text-holder\"><h4 class=\"heading\">Daniel Divricean<\/h4> <\/div><\/article><div  class=\"rt_divider style-4 \" style=\"margin-top:0px;margin-bottom:20px;\"><\/div><article  class=\"image-content-box content-box box-style-1 center\"><div class=\"featured_image_holder\"><img class=\"img-responsive\" src=\"https:\/\/arlcluj.ro\/wp-content\/uploads\/2019\/05\/logo-ARL1-e1557822801839.png\" alt=\"\" \/><\/div><div class=\"text-holder\"><h4 class=\"heading\">Alexandra Coman <\/h4> <\/div><\/article><\/p>\n\n\t\t<\/div>\n\t<\/div>\n\n\t<div class=\"vc_col-sm-3 wpb_column vc_column_container global-style\" >\n\t\t<div class=\"wpb_wrapper\">\n\t\t\t<div class=\"rt_heading_wrapper style-7\">\n\t\t\t\t\t\t\n\t\t\t\t\t\t<h6 class=\"rt_heading  aligncenter style-7\" >Bistri\u0163a<\/h6>\n\t\t\t\t\t<\/div><div  class=\"rt_divider style-4 \" style=\"margin-top:0px;margin-bottom:20px;\"><\/div><article  class=\"image-content-box content-box box-style-1 center\"><div class=\"featured_image_holder\"><img class=\"img-responsive\" src=\"https:\/\/arlcluj.ro\/wp-content\/uploads\/2021\/06\/eu1-e1623763082805.jpg\" alt=\"\" \/><\/div><div class=\"text-holder\"><h4 class=\"heading\">Claudiu D\u0103nil\u0103<\/h4> <\/div><\/article><div  class=\"rt_divider style-4 \" style=\"margin-top:0px;margin-bottom:20px;\"><\/div><article  class=\"image-content-box content-box box-style-1 center\"><div class=\"featured_image_holder\"><img class=\"img-responsive\" src=\"https:\/\/arlcluj.ro\/wp-content\/uploads\/2021\/05\/05d21e83-55d0-42b1-be9e-05512ff5d9fb-e1620220457276.jpg\" alt=\"\" \/><\/div><div class=\"text-holder\"><h4 class=\"heading\">Simona G\u0103lu\u0163<\/h4> <\/div><\/article><\/p>\n\n\t\t<\/div>\n\t<\/div>\n\n\t<div class=\"vc_col-sm-3 wpb_column vc_column_container global-style\" >\n\t\t<div class=\"wpb_wrapper\">\n\t\t\t<div class=\"rt_heading_wrapper style-7\">\n\t\t\t\t\t\t\n\t\t\t\t\t\t<h6 class=\"rt_heading  aligncenter style-7\" >Oradea<\/h6>\n\t\t\t\t\t<\/div><div  class=\"rt_divider style-4 \" style=\"margin-top:0px;margin-bottom:20px;\"><\/div><article  class=\"image-content-box content-box box-style-1 center\"><div class=\"featured_image_holder\"><img class=\"img-responsive\" src=\"https:\/\/arlcluj.ro\/wp-content\/uploads\/2023\/04\/20220905_072625-scaled-e1680604550637.jpg\" alt=\"\" \/><\/div><div class=\"text-holder\"><h4 class=\"heading\">Sergiu Cira <\/h4> <\/div><\/article><div  class=\"rt_divider style-4 \" style=\"margin-top:0px;margin-bottom:20px;\"><\/div><article  class=\"image-content-box content-box box-style-1 center\"><div class=\"featured_image_holder\"><img class=\"img-responsive\" src=\"https:\/\/arlcluj.ro\/wp-content\/uploads\/2023\/11\/Simona-Gherman-1-scaled-e1700037538460.jpg\" alt=\"\" \/><\/div><div class=\"text-holder\"><h4 class=\"heading\">Simona Gherman<\/h4> <\/div><\/article><\/p>\n\n\t\t<\/div>\n\t<\/div>\n\n\t<div class=\"vc_col-sm-3 wpb_column vc_column_container global-style\" >\n\t\t<div class=\"wpb_wrapper\">\n\t\t\t<div class=\"rt_heading_wrapper style-7\">\n\t\t\t\t\t\t\n\t\t\t\t\t\t<h6 class=\"rt_heading  aligncenter style-7\" >Baia Mare<\/h6>\n\t\t\t\t\t<\/div><div  class=\"rt_divider style-4 \" style=\"margin-top:0px;margin-bottom:20px;\"><\/div><article  class=\"image-content-box content-box box-style-1 center\"><div class=\"featured_image_holder\"><img class=\"img-responsive\" src=\"https:\/\/arlcluj.ro\/wp-content\/uploads\/2019\/05\/60698921_448010695987030_1498917709126041600_n-e1558623027177.jpg\" alt=\"\" \/><\/div><div class=\"text-holder\"><h4 class=\"heading\">Radu M\u0103ries <\/h4> <\/div><\/article><div  class=\"rt_divider style-4 \" style=\"margin-top:0px;margin-bottom:20px;\"><\/div><article  class=\"image-content-box content-box box-style-1 center\"><div class=\"featured_image_holder\"><img class=\"img-responsive\" src=\"https:\/\/arlcluj.ro\/wp-content\/uploads\/2019\/05\/Elena_pp-1-e1557821121987.jpg\" alt=\"\" \/><\/div><div class=\"text-holder\"><h4 class=\"heading\">Elena Verba<\/h4> <\/div><\/article><\/p>\n\n\t\t<\/div>\n\t<\/div>\n<\/div>\n<\/div>\n","protected":false},"excerpt":{"rendered":"Echipa managerial\u0103 Dan Lucian Mihancea Director General \/ Pre\u015fedinte Consiliul de Administra\u0163ie Vasilica Nistor Director Economic Marcel Ioan Chi\u015f \u015eef Departament Achizi\u0163ii Paul Istr\u0103tescu \u015eef Departament Controlling Tudor B\u0103ru\u0163\u0103 \u015eef Departament Licita\u0163ii Ioana Bob \u015eef Departament SSM Karoly Kacso \u015eef Departament Calitate Constantin Genis \u015eef Sta\u0163ii de Asfalt \u015fi Mecanizare Monica S\u00e2mpalean-Martin \u015eef Departament Resurse [...]","protected":false},"author":1,"featured_media":0,"parent":4037,"menu_order":0,"comment_status":"open","ping_status":"open","template":"","meta":[],"_links":{"self":[{"href":"https:\/\/arlcluj.ro\/de\/wp-json\/wp\/v2\/pages\/4048"}],"collection":[{"href":"https:\/\/arlcluj.ro\/de\/wp-json\/wp\/v2\/pages"}],"about":[{"href":"https:\/\/arlcluj.ro\/de\/wp-json\/wp\/v2\/types\/page"}],"author":[{"embeddable":true,"href":"https:\/\/arlcluj.ro\/de\/wp-json\/wp\/v2\/users\/1"}],"replies":[{"embeddable":true,"href":"https:\/\/arlcluj.ro\/de\/wp-json\/wp\/v2\/comments?post=4048"}],"version-history":[{"count":36,"href":"https:\/\/arlcluj.ro\/de\/wp-json\/wp\/v2\/pages\/4048\/revisions"}],"predecessor-version":[{"id":5421,"href":"https:\/\/arlcluj.ro\/de\/wp-json\/wp\/v2\/pages\/4048\/revisions\/5421"}],"up":[{"embeddable":true,"href":"https:\/\/arlcluj.ro\/de\/wp-json\/wp\/v2\/pages\/4037"}],"wp:attachment":[{"href":"https:\/\/arlcluj.ro\/de\/wp-json\/wp\/v2\/media?parent=4048"}],"curies":[{"name":"wp","href":"https:\/\/api.w.org\/{rel}","templated":true}]}}