{"id":4046,"date":"2015-06-18T13:35:53","date_gmt":"2015-06-18T13:35:53","guid":{"rendered":"http:\/\/arlcluj.ro\/?page_id=4046&#038;lang=de"},"modified":"2015-11-03T16:53:16","modified_gmt":"2015-11-03T14:53:16","slug":"ausstattungen","status":"publish","type":"page","link":"https:\/\/arlcluj.ro\/de\/ueber-uns\/ausstattungen\/","title":{"rendered":"Ausstattungen"},"content":{"rendered":"<div  class=\"content_row row vc_row wpb_row vc_row-fluid default-style default overlap\" >\n\t\n\t<div class=\"content_row_wrapper  default\" >\n\t<div class=\"vc_col-sm-12 wpb_column vc_column_container global-style\" >\n\t\t<div class=\"wpb_wrapper\">\n\t\t\t\t \n\t\t<div  class=\"border_grid photo_gallery \" data-rt-animate=\"animate\" data-rt-animation-type=\"fadeInDown\">\n\t\t\t<div class=\"row fixed_heights\">\n\t\t<div  class=\"col col-sm-3 col-xs-12 \"> \t\t\n \t\t\t<img src=\"https:\/\/arlcluj.ro\/wp-content\/uploads\/2015\/06\/dotari-2-480x320.jpg\" class=\"img-responsive\" alt=\"\"> \n \t\t\t\n\t\t<\/div>\n\t\n\t\t<div  class=\"col col-sm-3 col-xs-12 \"> \t\t\n \t\t\t<img src=\"https:\/\/arlcluj.ro\/wp-content\/uploads\/2015\/06\/dotari-3-480x320.jpg\" class=\"img-responsive\" alt=\"\"> \n \t\t\t\n\t\t<\/div>\n\t\n\t\t<div  class=\"col col-sm-3 col-xs-12 \"> \t\t\n \t\t\t<img src=\"https:\/\/arlcluj.ro\/wp-content\/uploads\/2015\/06\/dotari-4-480x320.jpg\" class=\"img-responsive\" alt=\"\"> \n \t\t\t\n\t\t<\/div>\n\t\n\t\t<div  class=\"col col-sm-3 col-xs-12 \"> \t\t\n \t\t\t<img src=\"https:\/\/arlcluj.ro\/wp-content\/uploads\/2015\/06\/dotari-6-480x320.jpg\" class=\"img-responsive\" alt=\"\"> \n \t\t\t\n\t\t<\/div>\n\t<\/div>\n\t\t<\/div>\n\t\n\n\t\t<\/div>\n\t<\/div>\n\n<\/div>\n<\/div>\n\n<div  class=\"content_row row vc_row wpb_row vc_row-fluid default-style default\" >\n\t\n\t<div class=\"content_row_wrapper  default\" style=\"padding-bottom:90px;\">\n\t<div class=\"vc_col-sm-12 wpb_column vc_column_container global-style\" >\n\t\t<div class=\"wpb_wrapper\">\n\t\t\t\n\t<div class=\"wpb_text_column wpb_content_element \">\n\t\t<div class=\"wpb_wrapper\">\n\t\t\t<p>Das Unternehmen hat von einem erheblichen technologischen Beitrag des Hauptaktion\u00e4rs profitiert, Vorteile die sich folgenderma\u00dfen konkretisierten:<\/p>\n<ul>\n<li>4 Stationen f\u00fcr Asphaltmischungen: <strong>AMMANN UNIGLOBE 160 Q<\/strong> \u00a0und <strong>BENNINGHOVEN TBA 2000-UC<\/strong><\/li>\n<li><strong>V\u00d6GELE<\/strong> Asphaltfertiger f\u00fcr den Einbau von bitumin\u00f6sen Mischgut;<\/li>\n<li><strong>LIEBHERR<\/strong> Radlader;<\/li>\n<li><strong>BOMAG<\/strong> Glattmantel-, Schaffuss-, Kombi- und Gummiradwalzen;<\/li>\n<li>\u00a0<strong>LIEBHERR<\/strong> Rad- und Kettenbagger;<\/li>\n<li>\u00a0<strong>NEW HOLLAND<\/strong> Motorgrader;<\/li>\n<li><strong>JCB<\/strong> Baggerlader;<\/li>\n<li><strong>MERCEDES<\/strong>, <strong>FORD<\/strong> Lastkraftwagen und Personenkraftwagen;<\/li>\n<\/ul>\n<p>S.C. ARL Cluj S.A. verf\u00fcgt \u00fcber 2 AMANN UNIGLOBE 160 Q Stationen zur Herstellung von Asphaltmischgut in Oradea \u2013 Bihor, Mogo\u015feni \u2013 Bistri\u0163a N\u0103s\u0103ud und \u00fcber 2 BENNINGHOVEN TBA 2000-UC Stationen in S\u00e2nnicoar\u0103 \u2013 Cluj, T\u0103u\u0163ii-M\u0103gher\u0103u\u015f \u2013 Maramure\u015f, mit einer Leistungsf\u00e4higkeit von 160 Tonnen \/ Stunde. Das hergestellte Mischgut wird f\u00fcr die Ausf\u00fchrung von eigenen Arbeiten verwendet sowie bei Bedarf an Dritte geliefert.<\/p>\n<p>Die wichtigsten Eigenschaften der Asphaltanlagen sind:<\/p>\n<ul>\n<li>Die Produktionskapazit\u00e4t betr\u00e4gt 160 t \/ h; die Anlagen k\u00f6nnen jede Art von Asphaltmischgut produzieren unter Verwendung von normalen oder modifizierten Bitumen.<\/li>\n<li>Die Lagerkapazit\u00e4t f\u00fcr Asphaltmischgut betr\u00e4gt 200 t in 4 Bunkern f\u00fcr die BENNINGHOVEN Anlagen und 170 t in 4 Bunker f\u00fcr die AMMANN Anlagen;<\/li>\n<li>Die Lagerkapazit\u00e4t f\u00fcr Bitumen betr\u00e4gt 60 m<span style=\"font-weight: 400;\">\u00b3<\/span> in 3 Tanks;<\/li>\n<li>Die Lagerkapazit\u00e4t f\u00fcr den F\u00fcller betr\u00e4gt 60 m<span style=\"font-weight: 400;\">\u00b3<\/span> in 3 Tanks (2 Tanks f\u00fcr Fremdf\u00fcller und 1 Tank f\u00fcr den r\u00fcckgewonnenen Eigenf\u00fcller);<\/li>\n<li>Die Mischanlagen sind mit 8 Dosierbunkern f\u00fcr die Zuschlagstoffe mit einem Fassungsverm\u00f6gen von je 12 m<span style=\"font-weight: 400;\">\u00b3<\/span> ausgestattet.<\/li>\n<\/ul>\n<p>Die \u00dcberwachung und Kontrolle des gesamten technologischen Prozesses (Temperatur, Druck, Dosierung etc.) der Mischanlage ist computergesteuert.<\/p>\n<p>Die Mischanlagen erf\u00fcllen die geforderten europ\u00e4ischen Qaulit\u00e4tsstandards f\u00fcr die resultierenden Produkte und die Auswirkung auf die Umwelt befinden sich in den von der Europ\u00e4ischen Union geforderten Grenzwerten.<\/p>\n<p>Der Umweltschutz wird in erster Linie durch die Verwendung von Elektrizit\u00e4t (f\u00fcr das Vorw\u00e4rmen des Bitumens) sowie die Verwendung von Erdgas anstelle von Heiz\u00f6l (zum Vorw\u00e4rmen der Zuschlagsstoffe) gew\u00e4hrleistet.<\/p>\n<p>Die hohe Lagerkapazit\u00e4t an den Mischanlagen sichern die kontinuierliche Produktlieferung und bieten die M\u00f6glichkeit unterschiedliche Arten an Asphaltmischgut parallel zu lagern und zu liefern.<\/p>\n<p>Um die volle Mobilit\u00e4t der Bau- und Instandhaltungst\u00e4tigkeit zu gew\u00e4hrleisten, verf\u00fcgt SC ARL Cluj S. A. \u00fcber einen eigenen Fuhrpark f\u00fcr die Anlieferung der einzelnen Materialien, welche f\u00fcr die Produktion des Asphaltmischguts notwendig sind, sowie f\u00fcr die Bef\u00f6rderung der Fertigerzeugnisse und des Asphaltmischguts. Das Unternehmen verf\u00fcgt \u00fcber LKW von 16 bis 30 Tonnen Transportkapazit\u00e4t, Schwerlastkraftwagen, Wassertankanh\u00e4nger, mobile Asphalt Bindemittel Spritzmaschinen f\u00fcr Transport sowie das Aufbringen der bitumin\u00f6sen Bindemittel, LKW f\u00fcr Asphaltbehandlungen, Ger\u00e4te f\u00fcr den Einbau des Asphaltmischguts (Fertiger, Tandemwalzen, Fugenschneideger\u00e4te) , Baumaschinen f\u00fcr den Erdbau (Motorgrader, Bagger, Planierraupe, Radlader).<\/p>\n<p>Je nach Verf\u00fcgbarkeit der Baumaschinen aus unserem Fuhr- und Maschinenpark besteht die M\u00f6glichkeit diese an Dritte zu vermieten.<\/p>\n\n\t\t<\/div> \n\t<\/div> \n\n\t\t<\/div>\n\t<\/div>\n\n<\/div>\n<\/div>\n","protected":false},"excerpt":{"rendered":"Das Unternehmen hat von einem erheblichen technologischen Beitrag des Hauptaktion\u00e4rs profitiert, Vorteile die sich folgenderma\u00dfen konkretisierten: 4 Stationen f\u00fcr Asphaltmischungen: AMMANN UNIGLOBE 160 Q \u00a0und BENNINGHOVEN TBA 2000-UC V\u00d6GELE Asphaltfertiger f\u00fcr den Einbau von bitumin\u00f6sen Mischgut; LIEBHERR Radlader; BOMAG Glattmantel-, Schaffuss-, Kombi- und Gummiradwalzen; \u00a0LIEBHERR Rad- und Kettenbagger; \u00a0NEW HOLLAND Motorgrader; JCB Baggerlader; MERCEDES, FORD [...]","protected":false},"author":1,"featured_media":0,"parent":4037,"menu_order":0,"comment_status":"open","ping_status":"open","template":"","meta":[],"_links":{"self":[{"href":"https:\/\/arlcluj.ro\/de\/wp-json\/wp\/v2\/pages\/4046"}],"collection":[{"href":"https:\/\/arlcluj.ro\/de\/wp-json\/wp\/v2\/pages"}],"about":[{"href":"https:\/\/arlcluj.ro\/de\/wp-json\/wp\/v2\/types\/page"}],"author":[{"embeddable":true,"href":"https:\/\/arlcluj.ro\/de\/wp-json\/wp\/v2\/users\/1"}],"replies":[{"embeddable":true,"href":"https:\/\/arlcluj.ro\/de\/wp-json\/wp\/v2\/comments?post=4046"}],"version-history":[{"count":6,"href":"https:\/\/arlcluj.ro\/de\/wp-json\/wp\/v2\/pages\/4046\/revisions"}],"predecessor-version":[{"id":5012,"href":"https:\/\/arlcluj.ro\/de\/wp-json\/wp\/v2\/pages\/4046\/revisions\/5012"}],"up":[{"embeddable":true,"href":"https:\/\/arlcluj.ro\/de\/wp-json\/wp\/v2\/pages\/4037"}],"wp:attachment":[{"href":"https:\/\/arlcluj.ro\/de\/wp-json\/wp\/v2\/media?parent=4046"}],"curies":[{"name":"wp","href":"https:\/\/api.w.org\/{rel}","templated":true}]}}