{"id":4044,"date":"2015-06-18T13:37:36","date_gmt":"2015-06-18T13:37:36","guid":{"rendered":"http:\/\/arlcluj.ro\/?page_id=4044&#038;lang=de"},"modified":"2016-01-22T12:32:16","modified_gmt":"2016-01-22T10:32:16","slug":"zertifizierungen","status":"publish","type":"page","link":"https:\/\/arlcluj.ro\/de\/ueber-uns\/zertifizierungen\/","title":{"rendered":"Zertifizierungen"},"content":{"rendered":"<div  class=\"content_row row vc_row wpb_row vc_row-fluid default-style default overlap\" >\n\t\n\t<div class=\"content_row_wrapper  default\" >\n\t<div class=\"vc_col-sm-12 wpb_column vc_column_container global-style\" >\n\t\t<div class=\"wpb_wrapper\">\n\t\t\t\n\t<div class=\"wpb_text_column wpb_content_element \">\n\t\t<div class=\"wpb_wrapper\">\n\t\t\t<p>Das Topmanagement der Organisation hat die Implementierung eines integrierten Managementsystems f\u00fcr Qualit\u00e4t \u00a0\u2013 Umwelt \u2013 Sicherheit und Gesundheitsschutz am Arbeitsplatz gem\u00e4\u00df den <strong>\u00a0ISO 9001: 2008<\/strong> (Qualit\u00e4tsmanagement); <strong>ISO 14001: 2004<\/strong> (Umweltmanagement); <strong>BS OHSAS 18001: 2007<\/strong> (Arbeitsschutzmanagement) Normen beschlossen.<\/p>\n<p>Das Management des Unternehmes ist sich dar\u00fcber im Klaren, dass die \u00a0Einf\u00fchrung und Umsetzung dieses Systems eine kontinuierliche Verbesserung der Unternehmensleistung durch die positive Wirkung, welche \u00a0als Folge des ordnungsgem\u00e4\u00dfen Risikomanagements, der Kostensenkung sowie der Erh\u00f6hung der Kundenzufriedenheit und der \u00a0Glaubw\u00fcrdigkeit entsteht, zur Folge hat.<\/p>\n\n\t\t<\/div> \n\t<\/div> \n\n\t\t<\/div>\n\t<\/div>\n\n<\/div>\n<\/div>\n\n<div  class=\"content_row row vc_row wpb_row vc_row-fluid default-style default\" >\n\t\n\t<div class=\"content_row_wrapper  default\" style=\"padding-top:0px;\"><div class=\"vc_col-sm-4 wpb_column vc_column_container global-style\" >\n\t\t<div class=\"wpb_wrapper\">\n\t\t\t<div class=\"rt_heading_wrapper style-5\">\n\t\t\t\t\t\t\n\t\t\t\t\t\t<h2 class=\"rt_heading  style-5\" >ISO 9001:2008<\/h2>\n\t\t\t\t\t<\/div>\n\t<div class=\"wpb_gallery wpb_content_element vc_clearfix\">\n\t\t<div class=\"wpb_wrapper\"><div class=\"wpb_gallery_slides wpb_flexslider flexslider_fade flexslider\" data-interval=\"0\" data-flex_fx=\"fade\"><ul class=\"slides\"><li><a class=\"prettyphoto\" href=\"https:\/\/arlcluj.ro\/wp-content\/uploads\/2015\/06\/9001-A-1024x725.jpg\" rel=\"prettyPhoto[rel-4044-1106965057]\"><img width=\"1024\" height=\"725\" src=\"https:\/\/arlcluj.ro\/wp-content\/uploads\/2015\/06\/9001-A-1024x725.jpg\" class=\"attachment-large\" alt=\"\" loading=\"lazy\" srcset=\"https:\/\/arlcluj.ro\/wp-content\/uploads\/2015\/06\/9001-A-1024x725.jpg 1024w, https:\/\/arlcluj.ro\/wp-content\/uploads\/2015\/06\/9001-A-300x212.jpg 300w, https:\/\/arlcluj.ro\/wp-content\/uploads\/2015\/06\/9001-A.jpg 1280w\" sizes=\"(max-width: 1024px) 100vw, 1024px\" \/><\/a><\/li><li><a class=\"prettyphoto\" href=\"https:\/\/arlcluj.ro\/wp-content\/uploads\/2015\/06\/9001-B-724x1024.jpg\" rel=\"prettyPhoto[rel-4044-1106965057]\"><img width=\"724\" height=\"1024\" src=\"https:\/\/arlcluj.ro\/wp-content\/uploads\/2015\/06\/9001-B-724x1024.jpg\" class=\"attachment-large\" alt=\"\" loading=\"lazy\" srcset=\"https:\/\/arlcluj.ro\/wp-content\/uploads\/2015\/06\/9001-B-724x1024.jpg 724w, https:\/\/arlcluj.ro\/wp-content\/uploads\/2015\/06\/9001-B-212x300.jpg 212w, https:\/\/arlcluj.ro\/wp-content\/uploads\/2015\/06\/9001-B.jpg 905w\" sizes=\"(max-width: 724px) 100vw, 724px\" \/><\/a><\/li><li><a class=\"prettyphoto\" href=\"https:\/\/arlcluj.ro\/wp-content\/uploads\/2015\/06\/9001-D-724x1024.jpg\" rel=\"prettyPhoto[rel-4044-1106965057]\"><img width=\"724\" height=\"1024\" src=\"https:\/\/arlcluj.ro\/wp-content\/uploads\/2015\/06\/9001-D-724x1024.jpg\" class=\"attachment-large\" alt=\"\" loading=\"lazy\" srcset=\"https:\/\/arlcluj.ro\/wp-content\/uploads\/2015\/06\/9001-D-724x1024.jpg 724w, https:\/\/arlcluj.ro\/wp-content\/uploads\/2015\/06\/9001-D-212x300.jpg 212w, https:\/\/arlcluj.ro\/wp-content\/uploads\/2015\/06\/9001-D.jpg 905w\" sizes=\"(max-width: 724px) 100vw, 724px\" \/><\/a><\/li><li><a class=\"prettyphoto\" href=\"https:\/\/arlcluj.ro\/wp-content\/uploads\/2015\/06\/9001-C-724x1024.jpg\" rel=\"prettyPhoto[rel-4044-1106965057]\"><img width=\"724\" height=\"1024\" src=\"https:\/\/arlcluj.ro\/wp-content\/uploads\/2015\/06\/9001-C-724x1024.jpg\" class=\"attachment-large\" alt=\"\" loading=\"lazy\" srcset=\"https:\/\/arlcluj.ro\/wp-content\/uploads\/2015\/06\/9001-C-724x1024.jpg 724w, https:\/\/arlcluj.ro\/wp-content\/uploads\/2015\/06\/9001-C-212x300.jpg 212w, https:\/\/arlcluj.ro\/wp-content\/uploads\/2015\/06\/9001-C.jpg 905w\" sizes=\"(max-width: 724px) 100vw, 724px\" \/><\/a><\/li><\/ul><\/div>\n\t\t<\/div> \n\t<\/div>\n\n\t\t<\/div>\n\t<\/div>\n\n\t<div class=\"vc_col-sm-4 wpb_column vc_column_container global-style\" >\n\t\t<div class=\"wpb_wrapper\">\n\t\t\t<div class=\"rt_heading_wrapper style-5\">\n\t\t\t\t\t\t\n\t\t\t\t\t\t<h2 class=\"rt_heading  style-5\" >ISO 14001:2004<\/h2>\n\t\t\t\t\t<\/div>\n\t<div class=\"wpb_gallery wpb_content_element vc_clearfix\">\n\t\t<div class=\"wpb_wrapper\"><div class=\"wpb_gallery_slides wpb_flexslider flexslider_fade flexslider\" data-interval=\"0\" data-flex_fx=\"fade\"><ul class=\"slides\"><li><a class=\"prettyphoto\" href=\"https:\/\/arlcluj.ro\/wp-content\/uploads\/2015\/06\/14001-A-1024x725.jpg\" rel=\"prettyPhoto[rel-4044-330418220]\"><img width=\"1024\" height=\"725\" src=\"https:\/\/arlcluj.ro\/wp-content\/uploads\/2015\/06\/14001-A-1024x725.jpg\" class=\"attachment-large\" alt=\"\" loading=\"lazy\" srcset=\"https:\/\/arlcluj.ro\/wp-content\/uploads\/2015\/06\/14001-A-1024x725.jpg 1024w, https:\/\/arlcluj.ro\/wp-content\/uploads\/2015\/06\/14001-A-300x212.jpg 300w, https:\/\/arlcluj.ro\/wp-content\/uploads\/2015\/06\/14001-A.jpg 1280w\" sizes=\"(max-width: 1024px) 100vw, 1024px\" \/><\/a><\/li><li><a class=\"prettyphoto\" href=\"https:\/\/arlcluj.ro\/wp-content\/uploads\/2015\/06\/14001-B-724x1024.jpg\" rel=\"prettyPhoto[rel-4044-330418220]\"><img width=\"724\" height=\"1024\" src=\"https:\/\/arlcluj.ro\/wp-content\/uploads\/2015\/06\/14001-B-724x1024.jpg\" class=\"attachment-large\" alt=\"\" loading=\"lazy\" srcset=\"https:\/\/arlcluj.ro\/wp-content\/uploads\/2015\/06\/14001-B-724x1024.jpg 724w, https:\/\/arlcluj.ro\/wp-content\/uploads\/2015\/06\/14001-B-212x300.jpg 212w, https:\/\/arlcluj.ro\/wp-content\/uploads\/2015\/06\/14001-B.jpg 905w\" sizes=\"(max-width: 724px) 100vw, 724px\" \/><\/a><\/li><li><a class=\"prettyphoto\" href=\"https:\/\/arlcluj.ro\/wp-content\/uploads\/2015\/06\/14001-C-724x1024.jpg\" rel=\"prettyPhoto[rel-4044-330418220]\"><img width=\"724\" height=\"1024\" src=\"https:\/\/arlcluj.ro\/wp-content\/uploads\/2015\/06\/14001-C-724x1024.jpg\" class=\"attachment-large\" alt=\"\" loading=\"lazy\" srcset=\"https:\/\/arlcluj.ro\/wp-content\/uploads\/2015\/06\/14001-C-724x1024.jpg 724w, https:\/\/arlcluj.ro\/wp-content\/uploads\/2015\/06\/14001-C-212x300.jpg 212w, https:\/\/arlcluj.ro\/wp-content\/uploads\/2015\/06\/14001-C.jpg 905w\" sizes=\"(max-width: 724px) 100vw, 724px\" \/><\/a><\/li><li><a class=\"prettyphoto\" href=\"https:\/\/arlcluj.ro\/wp-content\/uploads\/2015\/06\/14001-D-724x1024.jpg\" rel=\"prettyPhoto[rel-4044-330418220]\"><img width=\"724\" height=\"1024\" src=\"https:\/\/arlcluj.ro\/wp-content\/uploads\/2015\/06\/14001-D-724x1024.jpg\" class=\"attachment-large\" alt=\"\" loading=\"lazy\" srcset=\"https:\/\/arlcluj.ro\/wp-content\/uploads\/2015\/06\/14001-D-724x1024.jpg 724w, https:\/\/arlcluj.ro\/wp-content\/uploads\/2015\/06\/14001-D-212x300.jpg 212w, https:\/\/arlcluj.ro\/wp-content\/uploads\/2015\/06\/14001-D.jpg 905w\" sizes=\"(max-width: 724px) 100vw, 724px\" \/><\/a><\/li><\/ul><\/div>\n\t\t<\/div> \n\t<\/div>\n\n\t\t<\/div>\n\t<\/div>\n\n\t<div class=\"vc_col-sm-4 wpb_column vc_column_container global-style\" >\n\t\t<div class=\"wpb_wrapper\">\n\t\t\t<div class=\"rt_heading_wrapper style-5\">\n\t\t\t\t\t\t\n\t\t\t\t\t\t<h2 class=\"rt_heading  style-5\" >BS OHSAS 18001:2007<\/h2>\n\t\t\t\t\t<\/div>\n\t<div class=\"wpb_gallery wpb_content_element vc_clearfix\">\n\t\t<div class=\"wpb_wrapper\"><div class=\"wpb_gallery_slides wpb_flexslider flexslider_fade flexslider\" data-interval=\"0\" data-flex_fx=\"fade\"><ul class=\"slides\"><li><a class=\"prettyphoto\" href=\"https:\/\/arlcluj.ro\/wp-content\/uploads\/2015\/06\/18001-A-1024x725.jpg\" rel=\"prettyPhoto[rel-4044-913275702]\"><img width=\"1024\" height=\"725\" src=\"https:\/\/arlcluj.ro\/wp-content\/uploads\/2015\/06\/18001-A-1024x725.jpg\" class=\"attachment-large\" alt=\"\" loading=\"lazy\" srcset=\"https:\/\/arlcluj.ro\/wp-content\/uploads\/2015\/06\/18001-A-1024x725.jpg 1024w, https:\/\/arlcluj.ro\/wp-content\/uploads\/2015\/06\/18001-A-300x212.jpg 300w, https:\/\/arlcluj.ro\/wp-content\/uploads\/2015\/06\/18001-A.jpg 1280w\" sizes=\"(max-width: 1024px) 100vw, 1024px\" \/><\/a><\/li><li><a class=\"prettyphoto\" href=\"https:\/\/arlcluj.ro\/wp-content\/uploads\/2015\/06\/18001-B-724x1024.jpg\" rel=\"prettyPhoto[rel-4044-913275702]\"><img width=\"724\" height=\"1024\" src=\"https:\/\/arlcluj.ro\/wp-content\/uploads\/2015\/06\/18001-B-724x1024.jpg\" class=\"attachment-large\" alt=\"\" loading=\"lazy\" srcset=\"https:\/\/arlcluj.ro\/wp-content\/uploads\/2015\/06\/18001-B-724x1024.jpg 724w, https:\/\/arlcluj.ro\/wp-content\/uploads\/2015\/06\/18001-B-212x300.jpg 212w, https:\/\/arlcluj.ro\/wp-content\/uploads\/2015\/06\/18001-B.jpg 905w\" sizes=\"(max-width: 724px) 100vw, 724px\" \/><\/a><\/li><li><a class=\"prettyphoto\" href=\"https:\/\/arlcluj.ro\/wp-content\/uploads\/2015\/06\/18001-C-724x1024.jpg\" rel=\"prettyPhoto[rel-4044-913275702]\"><img width=\"724\" height=\"1024\" src=\"https:\/\/arlcluj.ro\/wp-content\/uploads\/2015\/06\/18001-C-724x1024.jpg\" class=\"attachment-large\" alt=\"\" loading=\"lazy\" srcset=\"https:\/\/arlcluj.ro\/wp-content\/uploads\/2015\/06\/18001-C-724x1024.jpg 724w, https:\/\/arlcluj.ro\/wp-content\/uploads\/2015\/06\/18001-C-212x300.jpg 212w, https:\/\/arlcluj.ro\/wp-content\/uploads\/2015\/06\/18001-C.jpg 905w\" sizes=\"(max-width: 724px) 100vw, 724px\" \/><\/a><\/li><li><a class=\"prettyphoto\" href=\"https:\/\/arlcluj.ro\/wp-content\/uploads\/2015\/06\/18001-D-724x1024.jpg\" rel=\"prettyPhoto[rel-4044-913275702]\"><img width=\"724\" height=\"1024\" src=\"https:\/\/arlcluj.ro\/wp-content\/uploads\/2015\/06\/18001-D-724x1024.jpg\" class=\"attachment-large\" alt=\"\" loading=\"lazy\" srcset=\"https:\/\/arlcluj.ro\/wp-content\/uploads\/2015\/06\/18001-D-724x1024.jpg 724w, https:\/\/arlcluj.ro\/wp-content\/uploads\/2015\/06\/18001-D-212x300.jpg 212w, https:\/\/arlcluj.ro\/wp-content\/uploads\/2015\/06\/18001-D.jpg 905w\" sizes=\"(max-width: 724px) 100vw, 724px\" \/><\/a><\/li><\/ul><\/div>\n\t\t<\/div> \n\t<\/div>\n\n\t\t<\/div>\n\t<\/div>\n<\/div>\n<\/div>\n\n<div  class=\"content_row row vc_row wpb_row vc_row-fluid default-style default\" >\n\t\n\t<div class=\"content_row_wrapper  default\" >\n\t<div class=\"vc_col-sm-12 wpb_column vc_column_container global-style\" >\n\t\t<div class=\"wpb_wrapper\">\n\t\t\t\n\t<div class=\"wpb_text_column wpb_content_element \">\n\t\t<div class=\"wpb_wrapper\">\n\t\t\t<p>Unsere Asphaltmischungen sind durch SRAC CERT SRL zertifiziert nach den Standards SR EN 13108-1:2006, SR EN 13108-5:2006.<\/p>\n\n\t\t<\/div> \n\t<\/div> \n\n\t\t<\/div>\n\t<\/div>\n\n<\/div>\n<\/div>\n\n<div  class=\"content_row row vc_row wpb_row vc_row-fluid default-style default\" >\n\t\n\t<div class=\"content_row_wrapper  default\" style=\"padding-top:0px;\"><div class=\"vc_col-sm-4 wpb_column vc_column_container global-style\" >\n\t\t<div class=\"wpb_wrapper\">\n\t\t\t<div class=\"rt_heading_wrapper style-5\">\n\t\t\t\t\t\t\n\t\t\t\t\t\t<h2 class=\"rt_heading  style-5\" >AFER<\/h2>\n\t\t\t\t\t<\/div>\n\t<div class=\"wpb_gallery wpb_content_element vc_clearfix\">\n\t\t<div class=\"wpb_wrapper\"><div class=\"wpb_gallery_slides wpb_flexslider flexslider_fade flexslider\" data-interval=\"0\" data-flex_fx=\"fade\"><ul class=\"slides\"><li><a class=\"prettyphoto\" href=\"https:\/\/arlcluj.ro\/wp-content\/uploads\/2015\/06\/AFER-1-724x1024.jpg\" rel=\"prettyPhoto[rel-4044-1247876372]\"><img width=\"724\" height=\"1024\" src=\"https:\/\/arlcluj.ro\/wp-content\/uploads\/2015\/06\/AFER-1-724x1024.jpg\" class=\"attachment-large\" alt=\"\" loading=\"lazy\" srcset=\"https:\/\/arlcluj.ro\/wp-content\/uploads\/2015\/06\/AFER-1-724x1024.jpg 724w, https:\/\/arlcluj.ro\/wp-content\/uploads\/2015\/06\/AFER-1-212x300.jpg 212w, https:\/\/arlcluj.ro\/wp-content\/uploads\/2015\/06\/AFER-1.jpg 905w\" sizes=\"(max-width: 724px) 100vw, 724px\" \/><\/a><\/li><li><a class=\"prettyphoto\" href=\"https:\/\/arlcluj.ro\/wp-content\/uploads\/2015\/06\/AFER-8-724x1024.jpg\" rel=\"prettyPhoto[rel-4044-1247876372]\"><img width=\"724\" height=\"1024\" src=\"https:\/\/arlcluj.ro\/wp-content\/uploads\/2015\/06\/AFER-8-724x1024.jpg\" class=\"attachment-large\" alt=\"\" loading=\"lazy\" srcset=\"https:\/\/arlcluj.ro\/wp-content\/uploads\/2015\/06\/AFER-8-724x1024.jpg 724w, https:\/\/arlcluj.ro\/wp-content\/uploads\/2015\/06\/AFER-8-212x300.jpg 212w, https:\/\/arlcluj.ro\/wp-content\/uploads\/2015\/06\/AFER-8.jpg 905w\" sizes=\"(max-width: 724px) 100vw, 724px\" \/><\/a><\/li><li><a class=\"prettyphoto\" href=\"https:\/\/arlcluj.ro\/wp-content\/uploads\/2015\/06\/AFER-7-724x1024.jpg\" rel=\"prettyPhoto[rel-4044-1247876372]\"><img width=\"724\" height=\"1024\" src=\"https:\/\/arlcluj.ro\/wp-content\/uploads\/2015\/06\/AFER-7-724x1024.jpg\" class=\"attachment-large\" alt=\"\" loading=\"lazy\" srcset=\"https:\/\/arlcluj.ro\/wp-content\/uploads\/2015\/06\/AFER-7-724x1024.jpg 724w, https:\/\/arlcluj.ro\/wp-content\/uploads\/2015\/06\/AFER-7-212x300.jpg 212w, https:\/\/arlcluj.ro\/wp-content\/uploads\/2015\/06\/AFER-7.jpg 905w\" sizes=\"(max-width: 724px) 100vw, 724px\" \/><\/a><\/li><li><a class=\"prettyphoto\" href=\"https:\/\/arlcluj.ro\/wp-content\/uploads\/2015\/06\/AFER-6-724x1024.jpg\" rel=\"prettyPhoto[rel-4044-1247876372]\"><img width=\"724\" height=\"1024\" src=\"https:\/\/arlcluj.ro\/wp-content\/uploads\/2015\/06\/AFER-6-724x1024.jpg\" class=\"attachment-large\" alt=\"\" loading=\"lazy\" srcset=\"https:\/\/arlcluj.ro\/wp-content\/uploads\/2015\/06\/AFER-6-724x1024.jpg 724w, https:\/\/arlcluj.ro\/wp-content\/uploads\/2015\/06\/AFER-6-212x300.jpg 212w, https:\/\/arlcluj.ro\/wp-content\/uploads\/2015\/06\/AFER-6.jpg 905w\" sizes=\"(max-width: 724px) 100vw, 724px\" \/><\/a><\/li><li><a class=\"prettyphoto\" href=\"https:\/\/arlcluj.ro\/wp-content\/uploads\/2015\/06\/AFER-5-724x1024.jpg\" rel=\"prettyPhoto[rel-4044-1247876372]\"><img width=\"724\" height=\"1024\" src=\"https:\/\/arlcluj.ro\/wp-content\/uploads\/2015\/06\/AFER-5-724x1024.jpg\" class=\"attachment-large\" alt=\"\" loading=\"lazy\" srcset=\"https:\/\/arlcluj.ro\/wp-content\/uploads\/2015\/06\/AFER-5-724x1024.jpg 724w, https:\/\/arlcluj.ro\/wp-content\/uploads\/2015\/06\/AFER-5-212x300.jpg 212w, https:\/\/arlcluj.ro\/wp-content\/uploads\/2015\/06\/AFER-5.jpg 905w\" sizes=\"(max-width: 724px) 100vw, 724px\" \/><\/a><\/li><li><a class=\"prettyphoto\" href=\"https:\/\/arlcluj.ro\/wp-content\/uploads\/2015\/06\/AFER-4-724x1024.jpg\" rel=\"prettyPhoto[rel-4044-1247876372]\"><img width=\"724\" height=\"1024\" src=\"https:\/\/arlcluj.ro\/wp-content\/uploads\/2015\/06\/AFER-4-724x1024.jpg\" class=\"attachment-large\" alt=\"\" loading=\"lazy\" srcset=\"https:\/\/arlcluj.ro\/wp-content\/uploads\/2015\/06\/AFER-4-724x1024.jpg 724w, https:\/\/arlcluj.ro\/wp-content\/uploads\/2015\/06\/AFER-4-212x300.jpg 212w, https:\/\/arlcluj.ro\/wp-content\/uploads\/2015\/06\/AFER-4.jpg 905w\" sizes=\"(max-width: 724px) 100vw, 724px\" \/><\/a><\/li><li><a class=\"prettyphoto\" href=\"https:\/\/arlcluj.ro\/wp-content\/uploads\/2015\/06\/AFER-3-724x1024.jpg\" rel=\"prettyPhoto[rel-4044-1247876372]\"><img width=\"724\" height=\"1024\" src=\"https:\/\/arlcluj.ro\/wp-content\/uploads\/2015\/06\/AFER-3-724x1024.jpg\" class=\"attachment-large\" alt=\"\" loading=\"lazy\" srcset=\"https:\/\/arlcluj.ro\/wp-content\/uploads\/2015\/06\/AFER-3-724x1024.jpg 724w, https:\/\/arlcluj.ro\/wp-content\/uploads\/2015\/06\/AFER-3-212x300.jpg 212w, https:\/\/arlcluj.ro\/wp-content\/uploads\/2015\/06\/AFER-3.jpg 905w\" sizes=\"(max-width: 724px) 100vw, 724px\" \/><\/a><\/li><li><a class=\"prettyphoto\" href=\"https:\/\/arlcluj.ro\/wp-content\/uploads\/2015\/06\/AFER-2-724x1024.jpg\" rel=\"prettyPhoto[rel-4044-1247876372]\"><img width=\"724\" height=\"1024\" src=\"https:\/\/arlcluj.ro\/wp-content\/uploads\/2015\/06\/AFER-2-724x1024.jpg\" class=\"attachment-large\" alt=\"\" loading=\"lazy\" srcset=\"https:\/\/arlcluj.ro\/wp-content\/uploads\/2015\/06\/AFER-2-724x1024.jpg 724w, https:\/\/arlcluj.ro\/wp-content\/uploads\/2015\/06\/AFER-2-212x300.jpg 212w, https:\/\/arlcluj.ro\/wp-content\/uploads\/2015\/06\/AFER-2.jpg 905w\" sizes=\"(max-width: 724px) 100vw, 724px\" \/><\/a><\/li><\/ul><\/div>\n\t\t<\/div> \n\t<\/div>\n\n\t\t<\/div>\n\t<\/div>\n\n\t<div class=\"vc_col-sm-4 wpb_column vc_column_container global-style\" >\n\t\t<div class=\"wpb_wrapper\">\n\t\t\t<div class=\"rt_heading_wrapper style-5\">\n\t\t\t\t\t\t\n\t\t\t\t\t\t<h2 class=\"rt_heading  style-5\" >SR EN 13108<\/h2>\n\t\t\t\t\t<\/div>\n\t<div class=\"wpb_gallery wpb_content_element vc_clearfix\">\n\t\t<div class=\"wpb_wrapper\"><div class=\"wpb_gallery_slides wpb_flexslider flexslider_fade flexslider\" data-interval=\"0\" data-flex_fx=\"fade\"><ul class=\"slides\"><li><a class=\"prettyphoto\" href=\"https:\/\/arlcluj.ro\/wp-content\/uploads\/2015\/06\/SR13108-1-724x1024.jpg\" rel=\"prettyPhoto[rel-4044-1712051959]\"><img width=\"724\" height=\"1024\" src=\"https:\/\/arlcluj.ro\/wp-content\/uploads\/2015\/06\/SR13108-1-724x1024.jpg\" class=\"attachment-large\" alt=\"\" loading=\"lazy\" srcset=\"https:\/\/arlcluj.ro\/wp-content\/uploads\/2015\/06\/SR13108-1-724x1024.jpg 724w, https:\/\/arlcluj.ro\/wp-content\/uploads\/2015\/06\/SR13108-1-212x300.jpg 212w, https:\/\/arlcluj.ro\/wp-content\/uploads\/2015\/06\/SR13108-1.jpg 905w\" sizes=\"(max-width: 724px) 100vw, 724px\" \/><\/a><\/li><li><a class=\"prettyphoto\" href=\"https:\/\/arlcluj.ro\/wp-content\/uploads\/2015\/06\/SR13108-3-724x1024.jpg\" rel=\"prettyPhoto[rel-4044-1712051959]\"><img width=\"724\" height=\"1024\" src=\"https:\/\/arlcluj.ro\/wp-content\/uploads\/2015\/06\/SR13108-3-724x1024.jpg\" class=\"attachment-large\" alt=\"\" loading=\"lazy\" srcset=\"https:\/\/arlcluj.ro\/wp-content\/uploads\/2015\/06\/SR13108-3-724x1024.jpg 724w, https:\/\/arlcluj.ro\/wp-content\/uploads\/2015\/06\/SR13108-3-212x300.jpg 212w, https:\/\/arlcluj.ro\/wp-content\/uploads\/2015\/06\/SR13108-3.jpg 905w\" sizes=\"(max-width: 724px) 100vw, 724px\" \/><\/a><\/li><li><a class=\"prettyphoto\" href=\"https:\/\/arlcluj.ro\/wp-content\/uploads\/2015\/06\/SR13108-2-724x1024.jpg\" rel=\"prettyPhoto[rel-4044-1712051959]\"><img width=\"724\" height=\"1024\" src=\"https:\/\/arlcluj.ro\/wp-content\/uploads\/2015\/06\/SR13108-2-724x1024.jpg\" class=\"attachment-large\" alt=\"\" loading=\"lazy\" srcset=\"https:\/\/arlcluj.ro\/wp-content\/uploads\/2015\/06\/SR13108-2-724x1024.jpg 724w, https:\/\/arlcluj.ro\/wp-content\/uploads\/2015\/06\/SR13108-2-212x300.jpg 212w, https:\/\/arlcluj.ro\/wp-content\/uploads\/2015\/06\/SR13108-2.jpg 905w\" sizes=\"(max-width: 724px) 100vw, 724px\" \/><\/a><\/li><li><a class=\"prettyphoto\" href=\"https:\/\/arlcluj.ro\/wp-content\/uploads\/2015\/06\/SR13108-8-724x1024.jpg\" rel=\"prettyPhoto[rel-4044-1712051959]\"><img width=\"724\" height=\"1024\" src=\"https:\/\/arlcluj.ro\/wp-content\/uploads\/2015\/06\/SR13108-8-724x1024.jpg\" class=\"attachment-large\" alt=\"\" loading=\"lazy\" srcset=\"https:\/\/arlcluj.ro\/wp-content\/uploads\/2015\/06\/SR13108-8-724x1024.jpg 724w, https:\/\/arlcluj.ro\/wp-content\/uploads\/2015\/06\/SR13108-8-212x300.jpg 212w, https:\/\/arlcluj.ro\/wp-content\/uploads\/2015\/06\/SR13108-8.jpg 905w\" sizes=\"(max-width: 724px) 100vw, 724px\" \/><\/a><\/li><li><a class=\"prettyphoto\" href=\"https:\/\/arlcluj.ro\/wp-content\/uploads\/2015\/06\/SR13108-7-724x1024.jpg\" rel=\"prettyPhoto[rel-4044-1712051959]\"><img width=\"724\" height=\"1024\" src=\"https:\/\/arlcluj.ro\/wp-content\/uploads\/2015\/06\/SR13108-7-724x1024.jpg\" class=\"attachment-large\" alt=\"\" loading=\"lazy\" srcset=\"https:\/\/arlcluj.ro\/wp-content\/uploads\/2015\/06\/SR13108-7-724x1024.jpg 724w, https:\/\/arlcluj.ro\/wp-content\/uploads\/2015\/06\/SR13108-7-212x300.jpg 212w, https:\/\/arlcluj.ro\/wp-content\/uploads\/2015\/06\/SR13108-7.jpg 905w\" sizes=\"(max-width: 724px) 100vw, 724px\" \/><\/a><\/li><li><a class=\"prettyphoto\" href=\"https:\/\/arlcluj.ro\/wp-content\/uploads\/2015\/06\/SR13108-6-724x1024.jpg\" rel=\"prettyPhoto[rel-4044-1712051959]\"><img width=\"724\" height=\"1024\" src=\"https:\/\/arlcluj.ro\/wp-content\/uploads\/2015\/06\/SR13108-6-724x1024.jpg\" class=\"attachment-large\" alt=\"\" loading=\"lazy\" srcset=\"https:\/\/arlcluj.ro\/wp-content\/uploads\/2015\/06\/SR13108-6-724x1024.jpg 724w, https:\/\/arlcluj.ro\/wp-content\/uploads\/2015\/06\/SR13108-6-212x300.jpg 212w, https:\/\/arlcluj.ro\/wp-content\/uploads\/2015\/06\/SR13108-6.jpg 905w\" sizes=\"(max-width: 724px) 100vw, 724px\" \/><\/a><\/li><li><a class=\"prettyphoto\" href=\"https:\/\/arlcluj.ro\/wp-content\/uploads\/2015\/06\/SR13108-5-724x1024.jpg\" rel=\"prettyPhoto[rel-4044-1712051959]\"><img width=\"724\" height=\"1024\" src=\"https:\/\/arlcluj.ro\/wp-content\/uploads\/2015\/06\/SR13108-5-724x1024.jpg\" class=\"attachment-large\" alt=\"\" loading=\"lazy\" srcset=\"https:\/\/arlcluj.ro\/wp-content\/uploads\/2015\/06\/SR13108-5-724x1024.jpg 724w, https:\/\/arlcluj.ro\/wp-content\/uploads\/2015\/06\/SR13108-5-212x300.jpg 212w, https:\/\/arlcluj.ro\/wp-content\/uploads\/2015\/06\/SR13108-5.jpg 905w\" sizes=\"(max-width: 724px) 100vw, 724px\" \/><\/a><\/li><li><a class=\"prettyphoto\" href=\"https:\/\/arlcluj.ro\/wp-content\/uploads\/2015\/06\/SR13108-4-724x1024.jpg\" rel=\"prettyPhoto[rel-4044-1712051959]\"><img width=\"724\" height=\"1024\" src=\"https:\/\/arlcluj.ro\/wp-content\/uploads\/2015\/06\/SR13108-4-724x1024.jpg\" class=\"attachment-large\" alt=\"\" loading=\"lazy\" srcset=\"https:\/\/arlcluj.ro\/wp-content\/uploads\/2015\/06\/SR13108-4-724x1024.jpg 724w, https:\/\/arlcluj.ro\/wp-content\/uploads\/2015\/06\/SR13108-4-212x300.jpg 212w, https:\/\/arlcluj.ro\/wp-content\/uploads\/2015\/06\/SR13108-4.jpg 905w\" sizes=\"(max-width: 724px) 100vw, 724px\" \/><\/a><\/li><\/ul><\/div>\n\t\t<\/div> \n\t<\/div>\n\n\t\t<\/div>\n\t<\/div>\n<\/div>\n<\/div>\n","protected":false},"excerpt":{"rendered":"Das Topmanagement der Organisation hat die Implementierung eines integrierten Managementsystems f\u00fcr Qualit\u00e4t \u00a0\u2013 Umwelt \u2013 Sicherheit und Gesundheitsschutz am Arbeitsplatz gem\u00e4\u00df den \u00a0ISO 9001: 2008 (Qualit\u00e4tsmanagement); ISO 14001: 2004 (Umweltmanagement); BS OHSAS 18001: 2007 (Arbeitsschutzmanagement) Normen beschlossen. Das Management des Unternehmes ist sich dar\u00fcber im Klaren, dass die \u00a0Einf\u00fchrung und Umsetzung dieses Systems eine kontinuierliche [...]","protected":false},"author":1,"featured_media":0,"parent":4037,"menu_order":0,"comment_status":"open","ping_status":"open","template":"","meta":[],"_links":{"self":[{"href":"https:\/\/arlcluj.ro\/de\/wp-json\/wp\/v2\/pages\/4044"}],"collection":[{"href":"https:\/\/arlcluj.ro\/de\/wp-json\/wp\/v2\/pages"}],"about":[{"href":"https:\/\/arlcluj.ro\/de\/wp-json\/wp\/v2\/types\/page"}],"author":[{"embeddable":true,"href":"https:\/\/arlcluj.ro\/de\/wp-json\/wp\/v2\/users\/1"}],"replies":[{"embeddable":true,"href":"https:\/\/arlcluj.ro\/de\/wp-json\/wp\/v2\/comments?post=4044"}],"version-history":[{"count":9,"href":"https:\/\/arlcluj.ro\/de\/wp-json\/wp\/v2\/pages\/4044\/revisions"}],"predecessor-version":[{"id":5169,"href":"https:\/\/arlcluj.ro\/de\/wp-json\/wp\/v2\/pages\/4044\/revisions\/5169"}],"up":[{"embeddable":true,"href":"https:\/\/arlcluj.ro\/de\/wp-json\/wp\/v2\/pages\/4037"}],"wp:attachment":[{"href":"https:\/\/arlcluj.ro\/de\/wp-json\/wp\/v2\/media?parent=4044"}],"curies":[{"name":"wp","href":"https:\/\/api.w.org\/{rel}","templated":true}]}}