{"id":4041,"date":"2015-02-02T04:30:36","date_gmt":"2015-02-02T04:30:36","guid":{"rendered":"http:\/\/arlcluj.ro\/?page_id=4041&#038;lang=de"},"modified":"2015-11-27T10:25:18","modified_gmt":"2015-11-27T08:25:18","slug":"taetigkeitsbereiche","status":"publish","type":"page","link":"https:\/\/arlcluj.ro\/de\/taetigkeitsbereiche\/","title":{"rendered":"T\u00e4tigkeitsbereiche"},"content":{"rendered":"<div  class=\"content_row row vc_row wpb_row vc_row-fluid default-style default overlap\" >\n\t\n\t<div class=\"content_row_wrapper  default\" >\n\t<div class=\"vc_col-sm-12 wpb_column vc_column_container global-style\" >\n\t\t<div class=\"wpb_wrapper\">\n\t\t\t\n\t<div class=\"wpb_text_column wpb_content_element \">\n\t\t<div class=\"wpb_wrapper\">\n\t\t\t<p>Die Hauptt\u00e4tigkeitsfelder nach dem CAEN-Code 4211 betrifft den Stra\u00dfen- und Autobahnbau und als Nebent\u00e4tigkeit die Herstellung und den Vertrieb von unterschiedlichen Stra\u00dfenbaustoffen:<\/p>\n<ul>\n<li>alle Arten von Stra\u00dfen- und Br\u00fcckenbau, Reparatur, Wartung und Unterhaltung<\/li>\n<li>von Stra\u00dfen, Br\u00fccken, Verkehrstunnels, einschlie\u00dflich Nebenarbeiten<\/li>\n<li>Produktion und Vermarktung von Asphaltprodukten<\/li>\n<li>Winterdienst und Notfallma\u00dfnahmen<\/li>\n<li>Erdarbeiten<\/li>\n<li>Stra\u00dfenmarkierungen<\/li>\n<li>Industrieanlagen<\/li>\n<li>Kanalisation<\/li>\n<\/ul>\n<p>Gleichzeitig f\u00fchrt ARL Cluj S.A. allgemeine und spezialisierte Transportdienstleistungen aus, sowie die Lieferungen von Asphaltmischgut, Zuschlagstoffen wie Kies, Splitt, Sand und gebrochenes Kiesmaterial.<\/p>\n\n\t\t<\/div> \n\t<\/div> \n\n\t\t<\/div>\n\t<\/div>\n\n<\/div>\n<\/div>\n\n<div  class=\"content_row row vc_row wpb_row vc_row-fluid default-style default border_grid fixed_heights\" >\n\t\n\t<div class=\"content_row_wrapper  default\" style=\"padding-bottom:90px;\"><div class=\"vc_col-sm-3 wpb_column vc_column_container global-style\" >\n\t\t<div class=\"wpb_wrapper\">\n\t\t\t<article  class=\"image-content-box content-box box-style-1 left\"><div class=\"featured_image_holder\"><a href=\"http:\/\/arlcluj.ro\/our-products\/infrastruktur\/?lang=de\" title=\"Weitere Informationen\" target=\"_self\"><img class=\"img-responsive\" src=\"https:\/\/arlcluj.ro\/wp-content\/uploads\/2015\/02\/infrastructura.jpg\" alt=\"\" \/><\/a><\/div><div class=\"text-holder\">\n\t<h4 class=\"heading\" >\n\t\t<a href=\"http:\/\/arlcluj.ro\/our-products\/infrastruktur\/?lang=de\" title=\"Infrastruktur\" target=\"_self\" >\n\t\t\tInfrastruktur\n\t\t<\/a>\n\t<\/h4> <p>Ausf\u00fchrung von Infrastrukturarbeiten, einschlie\u00dflich Verst\u00e4rkung vorhandener Fahrbahnen, Asphaltierungsarbeiten, Bitumen-Behandlungen, St\u00fctzmauern, Durchl\u00e4sse.<\/p>\n<a class=\"read_more\" href=\"http:\/\/arlcluj.ro\/our-products\/infrastruktur\/?lang=de\" title=\"Weitere Informationen\" target=\"_self\" >Weitere Informationen<\/a><\/div><\/article>\n\n\t\t<\/div>\n\t<\/div>\n\n\t<div class=\"vc_col-sm-3 wpb_column vc_column_container global-style\" >\n\t\t<div class=\"wpb_wrapper\">\n\t\t\t<article  class=\"image-content-box content-box box-style-1 left\"><div class=\"featured_image_holder\"><a href=\"http:\/\/arlcluj.ro\/de\/taetigkeitsbereiche\/wasser-kanalarbeiten-klaeranlagen\/\" title=\"Weitere Informationen\" target=\"_self\"><img class=\"img-responsive\" src=\"https:\/\/arlcluj.ro\/wp-content\/uploads\/2015\/02\/canalizare1.jpg\" alt=\"\" \/><\/a><\/div><div class=\"text-holder\">\n\t<h4 class=\"heading\" >\n\t\t<a href=\"http:\/\/arlcluj.ro\/de\/taetigkeitsbereiche\/wasser-kanalarbeiten-klaeranlagen\/\" title=\"Wasser, Kanalarbeiten und Kl\u00e4ranlagen\" target=\"_self\" >\n\t\t\tWasser, Kanalarbeiten und Kl\u00e4ranlagen\n\t\t<\/a>\n\t<\/h4> <p>Ausf\u00fchrung von Entw\u00e4sserungsarbeiten, einschlie\u00dflich Wasserversorgung, Abwasserleitungen, Netzausbau.<\/p>\n<a class=\"read_more\" href=\"http:\/\/arlcluj.ro\/de\/taetigkeitsbereiche\/wasser-kanalarbeiten-klaeranlagen\/\" title=\"Weitere Informationen\" target=\"_self\" >Weitere Informationen<\/a><\/div><\/article>\n\n\t\t<\/div>\n\t<\/div>\n\n\t<div class=\"vc_col-sm-3 wpb_column vc_column_container global-style\" >\n\t\t<div class=\"wpb_wrapper\">\n\t\t\t<article  class=\"image-content-box content-box box-style-1 left\"><div class=\"featured_image_holder\"><a href=\"http:\/\/arlcluj.ro\/our-products\/vertrieb-von-asphaltmischungen\/?lang=de\" title=\"Weitere Informationen\" target=\"_self\"><img class=\"img-responsive\" src=\"https:\/\/arlcluj.ro\/wp-content\/uploads\/2015\/02\/mixturi-asfaltice1.jpg\" alt=\"\" \/><\/a><\/div><div class=\"text-holder\">\n\t<h4 class=\"heading\" >\n\t\t<a href=\"http:\/\/arlcluj.ro\/our-products\/vertrieb-von-asphaltmischungen\/?lang=de\" title=\"Vertrieb von Asphaltmischungen\" target=\"_self\" >\n\t\t\tVertrieb von Asphaltmischungen\n\t\t<\/a>\n\t<\/h4> <p>Produktion und Vertrieb von Asphaltmischgutarten mit normalen und modifizierten Bitumen.<\/p>\n<a class=\"read_more\" href=\"http:\/\/arlcluj.ro\/our-products\/vertrieb-von-asphaltmischungen\/?lang=de\" title=\"Weitere Informationen\" target=\"_self\" >Weitere Informationen<\/a><\/div><\/article>\n\n\t\t<\/div>\n\t<\/div>\n\n\t<div class=\"vc_col-sm-3 wpb_column vc_column_container global-style\" >\n\t\t<div class=\"wpb_wrapper\">\n\t\t\t<article  class=\"image-content-box content-box box-style-1 left\"><div class=\"featured_image_holder\"><a href=\"http:\/\/arlcluj.ro\/our-products\/andere-dienstleistungen\/?lang=de\" title=\"Weitere Informationen\" target=\"_self\"><img class=\"img-responsive\" src=\"https:\/\/arlcluj.ro\/wp-content\/uploads\/2015\/02\/alte-servicii1.jpg\" alt=\"\" \/><\/a><\/div><div class=\"text-holder\">\n\t<h4 class=\"heading\" >\n\t\t<a href=\"http:\/\/arlcluj.ro\/our-products\/andere-dienstleistungen\/?lang=de\" title=\"Andere Dienstleistungen\" target=\"_self\" >\n\t\t\tAndere Dienstleistungen\n\t\t<\/a>\n\t<\/h4> <p>Normal- und Fachtransportdienste einschlie\u00dflich Lieferung von Halbfabrikate.<\/p>\n<a class=\"read_more\" href=\"http:\/\/arlcluj.ro\/our-products\/andere-dienstleistungen\/?lang=de\" title=\"Weitere Informationen\" target=\"_self\" >Weitere Informationen<\/a><\/div><\/article>\n\n\t\t<\/div>\n\t<\/div>\n<\/div>\n<\/div>\n","protected":false},"excerpt":{"rendered":"Die Hauptt\u00e4tigkeitsfelder nach dem CAEN-Code 4211 betrifft den Stra\u00dfen- und Autobahnbau und als Nebent\u00e4tigkeit die Herstellung und den Vertrieb von unterschiedlichen Stra\u00dfenbaustoffen: alle Arten von Stra\u00dfen- und Br\u00fcckenbau, Reparatur, Wartung und Unterhaltung von Stra\u00dfen, Br\u00fccken, Verkehrstunnels, einschlie\u00dflich Nebenarbeiten Produktion und Vermarktung von Asphaltprodukten Winterdienst und Notfallma\u00dfnahmen Erdarbeiten Stra\u00dfenmarkierungen Industrieanlagen Kanalisation Gleichzeitig f\u00fchrt ARL Cluj S.A. [...]","protected":false},"author":1,"featured_media":0,"parent":0,"menu_order":0,"comment_status":"open","ping_status":"open","template":"","meta":[],"_links":{"self":[{"href":"https:\/\/arlcluj.ro\/de\/wp-json\/wp\/v2\/pages\/4041"}],"collection":[{"href":"https:\/\/arlcluj.ro\/de\/wp-json\/wp\/v2\/pages"}],"about":[{"href":"https:\/\/arlcluj.ro\/de\/wp-json\/wp\/v2\/types\/page"}],"author":[{"embeddable":true,"href":"https:\/\/arlcluj.ro\/de\/wp-json\/wp\/v2\/users\/1"}],"replies":[{"embeddable":true,"href":"https:\/\/arlcluj.ro\/de\/wp-json\/wp\/v2\/comments?post=4041"}],"version-history":[{"count":15,"href":"https:\/\/arlcluj.ro\/de\/wp-json\/wp\/v2\/pages\/4041\/revisions"}],"predecessor-version":[{"id":5056,"href":"https:\/\/arlcluj.ro\/de\/wp-json\/wp\/v2\/pages\/4041\/revisions\/5056"}],"wp:attachment":[{"href":"https:\/\/arlcluj.ro\/de\/wp-json\/wp\/v2\/media?parent=4041"}],"curies":[{"name":"wp","href":"https:\/\/api.w.org\/{rel}","templated":true}]}}