{"id":4037,"date":"2015-02-02T04:30:57","date_gmt":"2015-02-02T04:30:57","guid":{"rendered":"http:\/\/arlcluj.ro\/?page_id=4037&#038;lang=de"},"modified":"2016-05-24T15:13:22","modified_gmt":"2016-05-24T12:13:22","slug":"ueber-uns","status":"publish","type":"page","link":"https:\/\/arlcluj.ro\/de\/ueber-uns\/","title":{"rendered":"\u00dcber uns"},"content":{"rendered":"<div  class=\"content_row row vc_row wpb_row vc_row-fluid default-style default overlap\" >\n\t\n\t<div class=\"content_row_wrapper  default\" >\n\t<div class=\"vc_col-sm-12 wpb_column vc_column_container global-style\" >\n\t\t<div class=\"wpb_wrapper\">\n\t\t\t<article  class=\"image-content-box content-box box-style-1 left\"><div class=\"featured_image_holder\"><img class=\"img-responsive\" src=\"https:\/\/arlcluj.ro\/wp-content\/uploads\/2015\/02\/despre-noi-cluj-arena1.jpg\" alt=\"\" \/><\/div><div class=\"text-holder\"> <p>Antrepriza de Reparatii si Lucrari Cluj SA ist ein privates Unternehmen mit Sitz in Cluj-Napoca. Unsere Hauptt\u00e4tigkeitsfelder bestehen aus Stra\u00dfenbau, Autobahnbau, sowie die Erschliessung von Industriegebieten, sowohl in Siebenb\u00fcrgen als auch im gesamten rum\u00e4nischen Raum. Ein weiteres T\u00e4tigkeitsfeld unseres Unternehmens ist die Herstellung und der Vertrieb von Stra\u00dfenbaustoffe.<\/p>\n<p>Seit 2007 geh\u00f6rt das Unternehmen zur \u00f6ssterreichischen STRABAG Gruppe, dem Marktf\u00fchrer in Zentral- und Osteuropa. Derzeit verf\u00fcgt ARL Cluj \u00fcber modernes Equipment und entsprechend ausgebildetes Personal, die ihr eine flexible und effiziente Pr\u00e4senz in einem immer intensiver werdenden Wettbewerb gew\u00e4hren.<\/p>\n<p>Die T\u00e4tigkeiten des Unternehmens werden von vier Standorten aus organisiert und betrieben: Cluj, Bistrita, Oradea, Baia Mare, so dass die Hauptmaterialien, die f\u00fcr den Stra\u00dfenbau erforderlich sind, in eigenen Produktionsst\u00e4tten hergestellt werden.<\/p>\n<\/div><\/article>\n\n\t\t<\/div>\n\t<\/div>\n\n<\/div>\n<\/div>\n\n<div  class=\"content_row row vc_row wpb_row vc_row-fluid default-style fullwidth border_grid fixed_heights\" >\n\t\n\t<div class=\"content_row_wrapper  default\" style=\"padding-bottom:0px;\"><div class=\"vc_col-sm-4 wpb_column vc_column_container global-style\" >\n\t\t<div class=\"wpb_wrapper\">\n\t\t\t<div  class=\"rt_divider style-4 \" style=\"margin-top:0px;margin-bottom:20px;\"><\/div><div class=\"rt_heading_wrapper style-1\">\n\t\t\t\t\t\t\n\t\t\t\t\t\t<h4 class=\"rt_heading  style-1\" >GESCHICHTE<\/h4>\n\t\t\t\t\t<\/div><article  class=\"image-content-box content-box box-style-1 left\"><div class=\"text-holder\"> <p>ARL Cluj steigt kontinuierlich seit 1994. Hier unser Weg in einigen wesentlichen Fakten.<\/p>\n<a class=\"read_more\" href=\"http:\/\/arlcluj.ro\/de\/despre-noi\/geschichte\/\" title=\"Weitere Informationen\" target=\"_self\" >Weitere Informationen<\/a><\/div><\/article><\/p>\n\n\t\t<\/div>\n\t<\/div>\n\n\t<div class=\"vc_col-sm-4 wpb_column vc_column_container global-style\" >\n\t\t<div class=\"wpb_wrapper\">\n\t\t\t<div  class=\"rt_divider style-4 \" style=\"margin-top:0px;margin-bottom:20px;\"><\/div><div class=\"rt_heading_wrapper style-1\">\n\t\t\t\t\t\t\n\t\t\t\t\t\t<h4 class=\"rt_heading  style-1\" >UNTERNEHMENSWERTE<\/h4>\n\t\t\t\t\t<\/div><article  class=\"image-content-box content-box box-style-1 left\"><div class=\"text-holder\"> <p>Entdecken Sie jene grundlegenden Konzepte, die unsere T\u00e4tigkeit inspirieren und anregen.<\/p>\n<a class=\"read_more\" href=\"http:\/\/arlcluj.ro\/de\/despre-noi\/unternehmenswerte\/\" title=\"Weitere Informationen\" target=\"_self\" >Weitere Informationen<\/a><\/div><\/article><\/p>\n\n\t\t<\/div>\n\t<\/div>\n\n\t<div class=\"vc_col-sm-4 wpb_column vc_column_container global-style\" >\n\t\t<div class=\"wpb_wrapper\">\n\t\t\t<div  class=\"rt_divider style-4 \" style=\"margin-top:0px;margin-bottom:20px;\"><\/div><div class=\"rt_heading_wrapper style-1\">\n\t\t\t\t\t\t\n\t\t\t\t\t\t<h4 class=\"rt_heading  style-1\" >AUSSTATTUNGEN<\/h4>\n\t\t\t\t\t<\/div><article  class=\"image-content-box content-box box-style-1 left\"><div class=\"text-holder\"> <p>ARL erh\u00e4lt einen wichtigen technologischen Beitrag des Hauptaktion\u00e4rs Gruppe Strabag SE \u00d6sterreich.<\/p>\n<a class=\"read_more\" href=\"http:\/\/arlcluj.ro\/de\/despre-noi\/ausstattungen\/\" title=\"Weitere Informationen\" target=\"_self\" >Weitere Informationen<\/a><\/div><\/article><\/p>\n\n\t\t<\/div>\n\t<\/div>\n<\/div>\n<\/div>\n\n<div  class=\"content_row row vc_row wpb_row vc_row-fluid default-style fullwidth border_grid fixed_heights\" >\n\t\n\t<div class=\"content_row_wrapper  default\" style=\"padding-bottom:90px;\"><div class=\"vc_col-sm-4 wpb_column vc_column_container global-style\" >\n\t\t<div class=\"wpb_wrapper\">\n\t\t\t<div  class=\"rt_divider style-4 \" style=\"margin-top:0px;margin-bottom:20px;\"><\/div><div class=\"rt_heading_wrapper style-1\">\n\t\t\t\t\t\t\n\t\t\t\t\t\t<h4 class=\"rt_heading  style-1\" >MANAGEMENTTEAM<\/h4>\n\t\t\t\t\t<\/div><article  class=\"image-content-box content-box box-style-1 left\"><div class=\"text-holder\"> <p>Engagement und Leidenschaft f\u00fcr Leistung im Bau.<\/p>\n<a class=\"read_more\" href=\"http:\/\/arlcluj.ro\/de\/despre-noi\/managementteam\/\" title=\"Weitere Informationen\" target=\"_self\" >Weitere Informationen<\/a><\/div><\/article><\/p>\n\n\t\t<\/div>\n\t<\/div>\n\n\t<div class=\"vc_col-sm-4 wpb_column vc_column_container global-style\" >\n\t\t<div class=\"wpb_wrapper\">\n\t\t\t<div  class=\"rt_divider style-4 \" style=\"margin-top:0px;margin-bottom:20px;\"><\/div><div class=\"rt_heading_wrapper style-1\">\n\t\t\t\t\t\t\n\t\t\t\t\t\t<h4 class=\"rt_heading  style-1\" >ZERTIFIZIERUNGEN<\/h4>\n\t\t\t\t\t<\/div><article  class=\"image-content-box content-box box-style-1 left\"><div class=\"text-holder\"> <p>Umsetzung h\u00f6chster Qualit\u00e4tssysteme und Effizienz sind wesentlich f\u00fcr ARL.<\/p>\n<a class=\"read_more\" href=\"http:\/\/arlcluj.ro\/de\/despre-noi\/zertifizierungen\/\" title=\"Weitere Informationen\" target=\"_self\" >Weitere Informationen<\/a><\/div><\/article><\/p>\n\n\t\t<\/div>\n\t<\/div>\n\n\t<div class=\"vc_col-sm-4 wpb_column vc_column_container global-style\" >\n\t\t<div class=\"wpb_wrapper\">\n\t\t\t<div  class=\"rt_divider style-4 \" style=\"margin-top:0px;margin-bottom:20px;\"><\/div><div class=\"rt_heading_wrapper style-1\">\n\t\t\t\t\t\t\n\t\t\t\t\t\t<h4 class=\"rt_heading  style-1\" >NEUIGKEITEN<\/h4>\n\t\t\t\t\t<\/div><article  class=\"image-content-box content-box box-style-1 left\"><div class=\"text-holder\"> <p>Aktuelles aus der T\u00e4tigkeit von ARL Cluj.<\/p>\n<a class=\"read_more\" href=\"http:\/\/arlcluj.ro\/de\/despre-noi\/neuheiten\/\" title=\"Weitere Informationen\" target=\"_self\" >Weitere Informationen<\/a><\/div><\/article><\/p>\n\n\t\t<\/div>\n\t<\/div>\n<\/div>\n<\/div>\n","protected":false},"excerpt":{"rendered":"Antrepriza de Reparatii si Lucrari Cluj SA ist ein privates Unternehmen mit Sitz in Cluj-Napoca. Unsere Hauptt\u00e4tigkeitsfelder bestehen aus Stra\u00dfenbau, Autobahnbau, sowie die Erschliessung von Industriegebieten, sowohl in Siebenb\u00fcrgen als auch im gesamten rum\u00e4nischen Raum. Ein weiteres T\u00e4tigkeitsfeld unseres Unternehmens ist die Herstellung und der Vertrieb von Stra\u00dfenbaustoffe. Seit 2007 geh\u00f6rt das Unternehmen zur \u00f6ssterreichischen [...]","protected":false},"author":1,"featured_media":0,"parent":0,"menu_order":0,"comment_status":"open","ping_status":"open","template":"","meta":[],"_links":{"self":[{"href":"https:\/\/arlcluj.ro\/de\/wp-json\/wp\/v2\/pages\/4037"}],"collection":[{"href":"https:\/\/arlcluj.ro\/de\/wp-json\/wp\/v2\/pages"}],"about":[{"href":"https:\/\/arlcluj.ro\/de\/wp-json\/wp\/v2\/types\/page"}],"author":[{"embeddable":true,"href":"https:\/\/arlcluj.ro\/de\/wp-json\/wp\/v2\/users\/1"}],"replies":[{"embeddable":true,"href":"https:\/\/arlcluj.ro\/de\/wp-json\/wp\/v2\/comments?post=4037"}],"version-history":[{"count":24,"href":"https:\/\/arlcluj.ro\/de\/wp-json\/wp\/v2\/pages\/4037\/revisions"}],"predecessor-version":[{"id":5131,"href":"https:\/\/arlcluj.ro\/de\/wp-json\/wp\/v2\/pages\/4037\/revisions\/5131"}],"wp:attachment":[{"href":"https:\/\/arlcluj.ro\/de\/wp-json\/wp\/v2\/media?parent=4037"}],"curies":[{"name":"wp","href":"https:\/\/api.w.org\/{rel}","templated":true}]}}