{"id":3924,"date":"2015-02-21T01:17:29","date_gmt":"2015-02-21T01:17:29","guid":{"rendered":"http:\/\/arlcluj.ro\/home-page-2\/?lang=de"},"modified":"2016-10-05T17:27:43","modified_gmt":"2016-10-05T14:27:43","slug":"home-page-2","status":"publish","type":"page","link":"https:\/\/arlcluj.ro\/de\/","title":{"rendered":"Home"},"content":{"rendered":"<div  class=\"content_row row vc_row wpb_row vc_row-fluid default-style fullwidth\" >\n\t\n\t<div class=\"content_row_wrapper nopadding fullwidth\" >\n\t<div class=\"vc_col-sm-12 wpb_column vc_column_container\" >\n\t\t<div class=\"wpb_wrapper\">\n\t\t\t<div id=\"content-slider-889300\" class=\"rt-carousel main-carousel carousel-holder clearfix\" data-item-width=\"1\" data-nav=\"true\" data-dots=\"true\" data-parallax=\"true\" data-timeout=\"8000\" data-autoplay=\"true\">\n<div class=\"owl-carousel\">\n\n\t\t<div class=\"item  light-style\" style=\"background-image: url(https:\/\/arlcluj.ro\/wp-content\/uploads\/2015\/02\/018_Sujet_WN_CMYK_r12-s.jpg);background-repeat: no-repeat;background-size: cover;background-position: center center;min-height: 600px;\">\n\t\t\t<a href=\"http:\/\/arlcluj.ro\/strabag-group\/\" target=\"_self\" title=\"\"><\/a>\n\t\t\t<div class=\"slide-content-wrapper default clearfix\">\n\t\t\t\t<div class=\"slide-content animation  right\" style=\"width: 50%;background-color: rgba(227,6,19,0.65);margin-top: 180px;\">\t\t\t\t\t\n\t\t\t\t\t<h2>TEAMS WORK.<\/h2>\n<p>Unsere St\u00e4rke ist die St\u00e4rke der Gruppe. ARL bedient sich der Technologien und dem Know-how der STRABAG-Gruppe, eines des f\u00fchrenden Bauunternehmen in Europa und Marktf\u00fchrer in Zentral- und Osteuropa.<\/p>\n\n\t\t\t\t<\/div>\n\t\t\t<\/div>\n\t\t<\/div>\n\t\t<div class=\"item  light-style\" style=\"background-image: url(https:\/\/arlcluj.ro\/wp-content\/uploads\/2015\/02\/051_Sujet_WN_RGB-s.jpg);background-repeat: no-repeat;background-size: cover;background-position: center center;min-height: 600px;\">\n\t\t\t\n\t\t\t<div class=\"slide-content-wrapper default clearfix\">\n\t\t\t\t<div class=\"slide-content animation  right\" style=\"width: 60%;background-color: rgba(227,6,19,0.65);margin-top: 200px;\">\t\t\t\t\t\n\t\t\t\t\t<h2>Wir sind bereit f\u00fcr jede Herausforderung<\/h2>\n<p>Wir f\u00fchren Stra\u00dfen- und Autobahnbauarbeiten sowie industrielle Aussenanlagen auf dem ganzen Gebiet Rum\u00e4niens aus. Wir produzieren und vertreiben Stra\u00dfenbaustoffe.<\/p>\n\n\t\t\t\t<\/div>\n\t\t\t<\/div>\n\t\t<\/div><\/div>\n<\/div>\n\n\n\t\t<\/div>\n\t<\/div>\n\n<\/div>\n<\/div>\n\n<div  class=\"content_row row vc_row wpb_row vc_row-fluid default-style default overlap border-bottom\" style=\"background-color: #ffed00;\">\n\t\n\t<div class=\"content_row_wrapper  default\" >\n\t<div class=\"vc_col-sm-12 wpb_column vc_column_container\" >\n\t\t<div class=\"wpb_wrapper\">\n\t\t\t\n\t\t\t\t<div  class=\"banner withbutton clearfix\" data-rt-animate=\"animate\" data-rt-animation-type=\"fadeIn\" data-rt-animation-group=\"single\" >\n\t\t\t\t\t<div class=\"featured_text\">\n\t\t\t\t\t\t<h3>Top Niveau an <span class=\"highlight style-1\">Fachwissen und Erfahrung<\/span>\u00a0in Baumwerke.<\/h3>\n\n\t\t\t\t\t<\/div>\n\t\t\t\t\t<div class=\"button_holder\"><div>\n\t\t\t<div class=\"button_wrapper align\"><a  href=\"http:\/\/arlcluj.ro\/de\/projekte\/\" target=\"_self\" title=\"Link Title\" class=\"button_  color medium\"><span class=\"icon-plus\"><\/span>Sehen Sie die Projekte<\/a><\/div>\n\t\t<\/div><\/div>\t\t\t\t\n\t\t\t\t<\/div>\n\t\t\t\n\n\t\t<\/div>\n\t<\/div>\n\n<\/div>\n<\/div>\n\n<div  class=\"content_row row vc_row wpb_row vc_row-fluid default-style default border_grid fixed_heights\" >\n\t\n\t<div class=\"content_row_wrapper  default\" style=\"padding-top:40px;padding-bottom:40px;\"><div class=\"vc_col-sm-3 wpb_column vc_column_container global-style\" >\n\t\t<div class=\"wpb_wrapper\">\n\t\t\t<article  class=\"image-content-box content-box box-style-1 left\"><div class=\"featured_image_holder\"><a href=\"http:\/\/arlcluj.ro\/infrastruktur\/\" title=\"Weitere Informationen\" target=\"_self\"><img class=\"img-responsive\" src=\"https:\/\/arlcluj.ro\/wp-content\/uploads\/2015\/02\/infrastructura.jpg\" alt=\"\" \/><\/a><\/div><div class=\"text-holder\">\n\t<h4 class=\"heading\" >\n\t\t<a href=\"http:\/\/arlcluj.ro\/infrastruktur\/\" title=\"Infrastruktur\" target=\"_self\" >\n\t\t\tInfrastruktur\n\t\t<\/a>\n\t<\/h4> <p>Ausf\u00fchrung von Infrastrukturarbeiten, einschlie\u00dflich Verst\u00e4rkung vorhandener Fahrbahnen, Asphaltierungsarbeiten, Bitumen-Behandlungen, St\u00fctzmauern, Durchl\u00e4sse.<\/p>\n<a class=\"read_more\" href=\"http:\/\/arlcluj.ro\/infrastruktur\/\" title=\"Weitere Informationen\" target=\"_self\" >Weitere Informationen<\/a><\/div><\/article>\n\n\t\t<\/div>\n\t<\/div>\n\n\t<div class=\"vc_col-sm-3 wpb_column vc_column_container global-style\" >\n\t\t<div class=\"wpb_wrapper\">\n\t\t\t<article  class=\"image-content-box content-box box-style-1 left\"><div class=\"featured_image_holder\"><a href=\"http:\/\/arlcluj.ro\/de\/taetigkeitsbereiche\/wasser-kanalarbeiten-klaeranlagen\/\" title=\"Weitere Informationen\" target=\"_self\"><img class=\"img-responsive\" src=\"https:\/\/arlcluj.ro\/wp-content\/uploads\/2015\/02\/canalizare2.jpg\" alt=\"\" \/><\/a><\/div><div class=\"text-holder\">\n\t<h4 class=\"heading\" >\n\t\t<a href=\"http:\/\/arlcluj.ro\/de\/taetigkeitsbereiche\/wasser-kanalarbeiten-klaeranlagen\/\" title=\"Wasser, Kanalarbeiten und Kl\u00e4ranlagen\" target=\"_self\" >\n\t\t\tWasser, Kanalarbeiten und Kl\u00e4ranlagen\n\t\t<\/a>\n\t<\/h4> <p>Ausf\u00fchrung von Entw\u00e4sserungsarbeiten, einschlie\u00dflich Wasserversorgung, Abwasserleitungen, Netzausbau.<\/p>\n<a class=\"read_more\" href=\"http:\/\/arlcluj.ro\/de\/taetigkeitsbereiche\/wasser-kanalarbeiten-klaeranlagen\/\" title=\"Weitere Informationen\" target=\"_self\" >Weitere Informationen<\/a><\/div><\/article>\n\n\t\t<\/div>\n\t<\/div>\n\n\t<div class=\"vc_col-sm-3 wpb_column vc_column_container global-style\" >\n\t\t<div class=\"wpb_wrapper\">\n\t\t\t<article  class=\"image-content-box content-box box-style-1 left\"><div class=\"featured_image_holder\"><a href=\"http:\/\/arlcluj.ro\/vertrieb-von-asphaltmischungen\/\" title=\"Weitere Informationen\" target=\"_self\"><img class=\"img-responsive\" src=\"https:\/\/arlcluj.ro\/wp-content\/uploads\/2015\/02\/mixturi-asfaltice1.jpg\" alt=\"\" \/><\/a><\/div><div class=\"text-holder\">\n\t<h4 class=\"heading\" >\n\t\t<a href=\"http:\/\/arlcluj.ro\/vertrieb-von-asphaltmischungen\/\" title=\"Vertrieb von Asphaltmischungen\" target=\"_self\" >\n\t\t\tVertrieb von Asphaltmischungen\n\t\t<\/a>\n\t<\/h4> <p>Produktion und Vertrieb von Asphaltmischgutarten mit normalen und modifizierten Bitumen.<\/p>\n<a class=\"read_more\" href=\"http:\/\/arlcluj.ro\/vertrieb-von-asphaltmischungen\/\" title=\"Weitere Informationen\" target=\"_self\" >Weitere Informationen<\/a><\/div><\/article>\n\n\t\t<\/div>\n\t<\/div>\n\n\t<div class=\"vc_col-sm-3 wpb_column vc_column_container global-style\" >\n\t\t<div class=\"wpb_wrapper\">\n\t\t\t<article  class=\"image-content-box content-box box-style-1 left\"><div class=\"featured_image_holder\"><a href=\"http:\/\/arlcluj.ro\/our-products\/andere-dienstleistungen\/\" title=\"Weitere Informationen\" target=\"_self\"><img class=\"img-responsive\" src=\"https:\/\/arlcluj.ro\/wp-content\/uploads\/2015\/02\/alte-servicii1.jpg\" alt=\"\" \/><\/a><\/div><div class=\"text-holder\">\n\t<h4 class=\"heading\" >\n\t\t<a href=\"http:\/\/arlcluj.ro\/our-products\/andere-dienstleistungen\/\" title=\"Andere Dienstleistungen\" target=\"_self\" >\n\t\t\tAndere Dienstleistungen\n\t\t<\/a>\n\t<\/h4> <p>Normal- und Fachtransportdienste einschlie\u00dflich Lieferung von Halbfabrikate.<\/p>\n<a class=\"read_more\" href=\"http:\/\/arlcluj.ro\/our-products\/andere-dienstleistungen\/\" title=\"Weitere Informationen\" target=\"_self\" >Weitere Informationen<\/a><\/div><\/article>\n\n\t\t<\/div>\n\t<\/div>\n<\/div>\n<\/div>\n\n<div  class=\"content_row row vc_row wpb_row vc_row-fluid alt-style-1 default border_grid fixed_heights\" >\n\t\n\t<div class=\"content_row_wrapper  default\" style=\"padding-top:50px;padding-bottom:50px;\"><div class=\"vc_col-sm-6 wpb_column vc_column_container\" >\n\t\t<div class=\"wpb_wrapper\">\n\t\t\t<div class=\"rt_heading_wrapper style-6\">\n\t\t\t\t\t\t\n\t\t\t\t\t\t<h4 class=\"rt_heading  style-6\" ><span class=\"icon-glyph-2 heading_icon\"><\/span>Neuheiten<\/h4>\n\t\t\t\t\t<\/div><section class=\"latest_news clearfix style-1\"><article>\n\r\n\t\t\t\t\t<div class=\"text\">\r\n\t\t\t\t\t\t<h5 class=\"clean_heading\"><a class=\"title\" href=\"https:\/\/arlcluj.ro\/de\/2015\/07\/23\/portofoliu-de-anvergura\/\" title=\"Vertr\u00e4ge in Wert von 308 Millionen\" rel=\"bookmark\">Vertr\u00e4ge in Wert von 308 Millionen<\/a><\/h5>\r\n\t\t\t\t\t\t<p>Portfolio von 308 Millionen Euro f\u00fcr die Strabag SE in Rum\u00e4nien...<\/p>\r\n\t\t\t\t\t<\/div>\r\n\t\t\t\t\t\n<\/article>\n<article>\n\r\n\t\t\t\t\t<div class=\"text\">\r\n\t\t\t\t\t\t<h5 class=\"clean_heading\"><a class=\"title\" href=\"https:\/\/arlcluj.ro\/de\/2015\/07\/23\/was-wir-jetzt-in-arbeit-haben\/\" title=\"Was wir jetzt in Arbeit haben?\" rel=\"bookmark\">Was wir jetzt in Arbeit haben?<\/a><\/h5>\r\n\t\t\t\t\t\t<p>Die wichtigsten Projekte, bei denen unser Unternehmen derzeit arbeitet...<\/p>\r\n\t\t\t\t\t<\/div>\r\n\t\t\t\t\t\n<\/article>\n<\/section><article  class=\"image-content-box content-box box-style-1 left\"><div class=\"text-holder\"> <a class=\"read_more\" href=\"http:\/\/arlcluj.ro\/de\/ueber-uns\/neuheiten\/\" title=\"Alle Neuheiten\" target=\"_self\" >Alle Neuheiten<\/a><\/div><\/article><\/p>\n\n\t\t<\/div>\n\t<\/div>\n\n\t<div class=\"vc_col-sm-6 wpb_column vc_column_container\" >\n\t\t<div class=\"wpb_wrapper\">\n\t\t\t<div class=\"rt_heading_wrapper style-6\">\n\t\t\t\t\t\t\n\t\t\t\t\t\t<h4 class=\"rt_heading  style-6\" ><span class=\"icon-glyph-15 heading_icon\"><\/span>Neueste Projekte<\/h4>\n\t\t\t\t\t<\/div>\r\n\t\t\t\t<div id=\"slider-product-dynamicID-846725\" class=\"rt-carousel carousel-holder clearfix product-carousel\" data-item-width=\"3\" data-nav=\"false\" data-dots=\"false\" data-margin=\"15\" data-autoplay=\"false\" data-timeout=\"5000\">\r\n\t\t\t\t\t<div class=\"owl-carousel\">\r\n\t\t\t\t\t\t<div><div class=\"product_item_holder item product  infrastrukturarbeiten\">\n\n<div class=\"product_item_holder\">\n\n\t\t\t<div class=\"featured_image\"> \n\t\t\t<!-- product image -->\n\t\t\t<div class=\"featured_image\"> \n\t\t\t\t<a href=\"https:\/\/arlcluj.ro\/de\/product-details\/milchkuehe-bauernhof-lechinta\/\" title=\"Milchk\u00fche Bauernhof, Lechin\u0163a\" rel=\"bookmark\" class=\"imgeffect link\"><img src=\"https:\/\/arlcluj.ro\/wp-content\/uploads\/2015\/10\/Ferma-Lechinta-2-480x320.jpg\" alt=\"\" class=\"\" \/><\/a> \n\t\t\t<\/div> \n\t\t<\/div> \n\t\n\n\t\n\t\t\t\t\t\t\n\t\t<div class=\"product_info\">\n\n\t\t\t\t\t\t\t\t<!-- title-->\n\t\t\t\t<h5 class=\"clean_heading\"><a href=\"https:\/\/arlcluj.ro\/de\/product-details\/milchkuehe-bauernhof-lechinta\/\" title=\"Milchk\u00fche Bauernhof, Lechin\u0163a\" rel=\"bookmark\">Milchk\u00fche Bauernhof, Lechin\u0163a<\/a><\/h5>\n\t\t\t\t\n\t\t\t\t<!-- text-->\n\t\t\t\t<p>Bauarbeiten Farm .<\/p>\n\t\t\t\t<div class=\"product_info_footer clearfix\"><div class=\"action_buttons\"><a href=\"https:\/\/arlcluj.ro\/de\/product-details\/milchkuehe-bauernhof-lechinta\/\" title=\"Milchk\u00fche Bauernhof, Lechin\u0163a\" class=\"details icon-angle-right\">Details<\/a><\/div><\/div> \t\t\n\n\t\t<\/div>\n\t\t\n\n\t\n<\/div><\/div>\n<\/div><div><div class=\"product_item_holder item product  infrastrukturarbeiten\">\n\n<div class=\"product_item_holder\">\n\n\t\t\t<div class=\"featured_image\"> \n\t\t\t<!-- product image -->\n\t\t\t<div class=\"featured_image\"> \n\t\t\t\t<a href=\"https:\/\/arlcluj.ro\/de\/product-details\/tureni-cluj\/\" title=\"Tureni, Cluj\" rel=\"bookmark\" class=\"imgeffect link\"><img src=\"https:\/\/arlcluj.ro\/wp-content\/uploads\/2015\/10\/Tureni-Cluj-1-480x320.jpg\" alt=\"\" class=\"\" \/><\/a> \n\t\t\t<\/div> \n\t\t<\/div> \n\t\n\n\t\n\t\t\t\t\t\t\n\t\t<div class=\"product_info\">\n\n\t\t\t\t\t\t\t\t<!-- title-->\n\t\t\t\t<h5 class=\"clean_heading\"><a href=\"https:\/\/arlcluj.ro\/de\/product-details\/tureni-cluj\/\" title=\"Tureni, Cluj\" rel=\"bookmark\">Tureni, Cluj<\/a><\/h5>\n\t\t\t\t\n\t\t\t\t<!-- text-->\n\t\t\t\t<p>Asphaltierungsarbeiten Ortschaft Tureni.<\/p>\n\t\t\t\t<div class=\"product_info_footer clearfix\"><div class=\"action_buttons\"><a href=\"https:\/\/arlcluj.ro\/de\/product-details\/tureni-cluj\/\" title=\"Tureni, Cluj\" class=\"details icon-angle-right\">Details<\/a><\/div><\/div> \t\t\n\n\t\t<\/div>\n\t\t\n\n\t\n<\/div><\/div>\n<\/div><div><div class=\"product_item_holder item product  infrastrukturarbeiten\">\n\n<div class=\"product_item_holder\">\n\n\t\t\t<div class=\"featured_image\"> \n\t\t\t<!-- product image -->\n\t\t\t<div class=\"featured_image\"> \n\t\t\t\t<a href=\"https:\/\/arlcluj.ro\/de\/product-details\/daimler-sebes\/\" title=\"Daimler, Sebes\" rel=\"bookmark\" class=\"imgeffect link\"><img src=\"https:\/\/arlcluj.ro\/wp-content\/uploads\/2015\/10\/Daimler-Sebes-1-480x320.jpg\" alt=\"\" class=\"\" \/><\/a> \n\t\t\t<\/div> \n\t\t<\/div> \n\t\n\n\t\n\t\t\t\t\t\t\n\t\t<div class=\"product_info\">\n\n\t\t\t\t\t\t\t\t<!-- title-->\n\t\t\t\t<h5 class=\"clean_heading\"><a href=\"https:\/\/arlcluj.ro\/de\/product-details\/daimler-sebes\/\" title=\"Daimler, Sebes\" rel=\"bookmark\">Daimler, Sebes<\/a><\/h5>\n\t\t\t\t\n\t\t\t\t<!-- text-->\n\t\t\t\t<p>Landschaftsbau.<\/p>\n\t\t\t\t<div class=\"product_info_footer clearfix\"><div class=\"action_buttons\"><a href=\"https:\/\/arlcluj.ro\/de\/product-details\/daimler-sebes\/\" title=\"Daimler, Sebes\" class=\"details icon-angle-right\">Details<\/a><\/div><\/div> \t\t\n\n\t\t<\/div>\n\t\t\n\n\t\n<\/div><\/div>\n<\/div>\r\n\t\t\t\t\t<\/div>\r\n\t\t\t\t\t\r\n\t\t\t\t<\/div>\r\n\t\t\t<article  class=\"image-content-box content-box box-style-1 left\"><div class=\"text-holder\"> <a class=\"read_more\" href=\"http:\/\/arlcluj.ro\/projekte\/?lang=de\" title=\"Alle Projekte\" target=\"_self\" >Alle Projekte<\/a><\/div><\/article><\/p>\n\n\t\t<\/div>\n\t<\/div>\n<\/div>\n<\/div>\n","protected":false},"excerpt":{"rendered":"","protected":false},"author":1,"featured_media":0,"parent":0,"menu_order":0,"comment_status":"open","ping_status":"open","template":"","meta":[],"_links":{"self":[{"href":"https:\/\/arlcluj.ro\/de\/wp-json\/wp\/v2\/pages\/3924"}],"collection":[{"href":"https:\/\/arlcluj.ro\/de\/wp-json\/wp\/v2\/pages"}],"about":[{"href":"https:\/\/arlcluj.ro\/de\/wp-json\/wp\/v2\/types\/page"}],"author":[{"embeddable":true,"href":"https:\/\/arlcluj.ro\/de\/wp-json\/wp\/v2\/users\/1"}],"replies":[{"embeddable":true,"href":"https:\/\/arlcluj.ro\/de\/wp-json\/wp\/v2\/comments?post=3924"}],"version-history":[{"count":27,"href":"https:\/\/arlcluj.ro\/de\/wp-json\/wp\/v2\/pages\/3924\/revisions"}],"predecessor-version":[{"id":5223,"href":"https:\/\/arlcluj.ro\/de\/wp-json\/wp\/v2\/pages\/3924\/revisions\/5223"}],"wp:attachment":[{"href":"https:\/\/arlcluj.ro\/de\/wp-json\/wp\/v2\/media?parent=3924"}],"curies":[{"name":"wp","href":"https:\/\/api.w.org\/{rel}","templated":true}]}}